{"id":6634,"date":"2025-11-13T16:33:03","date_gmt":"2025-11-13T15:33:03","guid":{"rendered":"https:\/\/gbcspa.com\/outils\/"},"modified":"2026-03-10T12:05:37","modified_gmt":"2026-03-10T11:05:37","slug":"outils","status":"publish","type":"page","link":"https:\/\/gbcspa.com\/fr\/outils\/","title":{"rendered":"Outils"},"content":{"rendered":"<p>&nbsp;<\/p>\n<h2>Outils et accessoires de pr\u00e9cision pour l\u2019usinage de tubes et de t\u00f4les<\/h2>\n<p>Depuis plus de quarante ans<strong>, G.B.C. Industrial Tools<\/strong> est synonyme de qualit\u00e9, d\u2019innovation et de fiabilit\u00e9 dans le domaine des \u00e9quipements pour la <a href=\"https:\/\/gbcspa.com\/fr\/categorie-de-produit\/chanfreineuses-de-tubes\/\">coupe<\/a> et le <a href=\"https:\/\/gbcspa.com\/fr\/categorie-de-produit\/chanfreineuses-de-tubes\/\">chanfreinage de tubes<\/a> et de t\u00f4les. L\u2019entreprise con\u00e7oit et fabrique en interne une gamme compl\u00e8te <strong>d\u2019outils et d\u2019accessoires haute performance<\/strong>, con\u00e7us pour maximiser la productivit\u00e9 et la pr\u00e9cision des machines G.B.C. dans tous les contextes op\u00e9rationnels.<\/p>\n<p>Chaque outil na\u00eet d\u2019un processus de d\u00e9veloppement technique approfondi, qui combine exp\u00e9rience, recherche sur les mat\u00e9riaux et attention port\u00e9e aux besoins r\u00e9els des op\u00e9rateurs sur le terrain.<\/p>\n<p>&nbsp;<\/p>\n<h3>Gamme compl\u00e8te d\u2019outils pour la coupe et le chanfreinage<\/h3>\n<p>La production G.B.C. comprend des outils en <strong>acier rapide HSS<\/strong>, disponibles aussi bien en <strong>version monobloc<\/strong> qu\u2019avec <strong>porte-plaquette et plaquette<\/strong> interchangeable. Cette double solution permet de couvrir de nombreuses applications, parmi lesquelles:<\/p>\n<ul>\n<li>coupe<\/li>\n<li>dressage<\/li>\n<li>chanfrein ext\u00e9rieur et int\u00e9rieur<\/li>\n<li>chanfreins standard (30\u00b0, 37,30\u00b0, 45\u00b0, etc.)<\/li>\n<li>chanfreins en J<\/li>\n<li>chanfreins combin\u00e9s<\/li>\n<li>usinages \u00e0 angles sp\u00e9ciaux<\/li>\n<li>usinages pour \u00e9paisseurs importantes<\/li>\n<li>conicit\u00e9<\/li>\n<li>et bien d\u2019autres encore<\/li>\n<\/ul>\n<p>Chaque outil est con\u00e7u pour garantir des <strong>coupes nettes, des surfaces uniformes et une longue dur\u00e9e de vie op\u00e9rationnelle<\/strong>, m\u00eame sur des mat\u00e9riaux difficiles tels que les aciers inoxydables ou les alliages \u00e0 haute r\u00e9sistance.<\/p>\n<p>&nbsp;<\/p>\n<h3>Outils personnalis\u00e9s et solutions sur mesure<\/h3>\n<p>L\u2019un des points forts de G.B.C. est sa capacit\u00e9 \u00e0 d\u00e9velopper des <strong>outils \u00e0 g\u00e9om\u00e9tries sp\u00e9cifiques<\/strong>, r\u00e9alis\u00e9s sur plan ou selon les exigences du client. Le bureau technique collabore directement avec le donneur d\u2019ordre afin de d\u00e9finir profils, angles de coupe et param\u00e8tres optimaux pour chaque type d\u2019usinage.<\/p>\n<p>Cette approche permet d\u2019obtenir des <strong>solutions sur mesure<\/strong> parfaitement int\u00e9gr\u00e9es aux machines et aux processus de production de l\u2019utilisateur final.<\/p>\n<p><center><img loading=\"lazy\" decoding=\"async\" width=\"582\" height=\"455\" class=\"alignnone wp-image-6235 size-medium img-fluid \" src=\"https:\/\/gbcspa.com\/wp-content\/uploads\/2025\/11\/Utensili-2-582x455.webp\" alt=\"Utensili\" \/><\/center>&nbsp;<\/p>\n<h3>Fraises pour chanfreineuses de t\u00f4les et rev\u00eatements technologiques<\/h3>\n<p>Outre les outils pour l\u2019usinage des tubes, G.B.C. produit \u00e9galement des <strong>fraises pour <\/strong><a href=\"https:\/\/gbcspa.com\/fr\/categorie-de-produit\/chanfreineuses-de-tubes\/\"><strong>chanfreineuses<\/strong><\/a><strong> de t\u00f4les<\/strong>, disponibles dans diff\u00e9rentes configurations afin de s\u2019adapter \u00e0 chaque exigence de chanfrein et de finition.<\/p>\n<p>Tous les outils et fraises peuvent \u00eatre fournis avec des <strong>rev\u00eatements de surface sp\u00e9cifiques<\/strong>, s\u00e9lectionn\u00e9s en fonction du type de mat\u00e9riau \u00e0 usiner. Des rev\u00eatements tels que le TiCN (au titane) ou le Widia sont appliqu\u00e9s aux outils lorsque les tubes ou les t\u00f4les \u00e0 travailler sont r\u00e9alis\u00e9s dans des <strong>mat\u00e9riaux particuli\u00e8rement tenaces<\/strong>: sans ces rev\u00eatements, l\u2019outil ne pourrait pas fonctionner efficacement, compromettant les performances. Leur objectif est donc pr\u00e9cis\u00e9ment de <strong>garantir des performances optimales<\/strong> en fonction du mat\u00e9riau \u00e0 usiner.<\/p>\n<p>&nbsp;<\/p>\n<h3>Service professionnel de r\u00e9aff\u00fbtage<\/h3>\n<p>Afin de garantir une efficacit\u00e9 maximale dans le temps, G.B.C. propose un service complet de <strong>r\u00e9aff\u00fbtage des outils<\/strong>, r\u00e9alis\u00e9 avec les m\u00eames machines et tol\u00e9rances que celles utilis\u00e9es pour la production d\u2019origine.<\/p>\n<p>Ce service permet de restaurer les performances initiales, en <strong>r\u00e9duisant les co\u00fbts de maintenance et de remplacement<\/strong>, et en assurant une continit\u00e9 productive sans compromis.<\/p>\n<p>&nbsp;<\/p>\n<h3>Qualit\u00e9, innovation et comp\u00e9tence<\/h3>\n<p>Chaque outil G.B.C. est le r\u00e9sultat d\u2019un contr\u00f4le rigoureux \u00e0 chaque \u00e9tape du processus : du choix des mat\u00e9riaux \u00e0 l\u2019usinage m\u00e9canique, jusqu\u2019aux essais finaux.<\/p>\n<p>Gr\u00e2ce \u00e0 la combinaison <strong>de technologie, de savoir-faire et d\u2019attention au client, G.B.C. Industrial Tools<\/strong> est aujourd\u2019hui une r\u00e9f\u00e9rence internationale dans la conception et la production d\u2019outils pour machines portables de coupe et de chanfreinage, synonyme <strong>de pr\u00e9cision, de durabilit\u00e9 et de performances sans compromis<\/strong>.<\/p>\n<p>&nbsp;<\/p>\n<h3>Demander une intervention<\/h3>\n<p>Contactez-nous pour recevoir une assistance imm\u00e9diate. Envoyez un e-mail \u00e0 <a href=\"mailto:sales@gbcspa.com\">sales@gbcspa.com<\/a>. Notre \u00e9quipe commerciale est pr\u00eate \u00e0 vous assister.<\/p>\n<p><a href=\"https:\/\/gbcspa.com\/fr\/categories-produits\/\">Cliquez ici<\/a> pour d\u00e9couvrir les produits G.B.C. les plus adapt\u00e9s \u00e0 vos besoins et demander plus de d\u00e9tails.<\/p>\n<p>&nbsp;<\/p>\n","protected":false},"excerpt":{"rendered":"<p>&nbsp; Outils et accessoires de pr\u00e9cision pour l\u2019usinage de tubes et de t\u00f4les Depuis plus de quarante ans, G.B.C. Industrial Tools est synonyme de qualit\u00e9, d\u2019innovation et de fiabilit\u00e9 dans le domaine des \u00e9quipements pour la coupe et le chanfreinage de tubes et de t\u00f4les. L\u2019entreprise con\u00e7oit et fabrique en interne une gamme compl\u00e8te d\u2019outils&#8230;  <a href=\"https:\/\/gbcspa.com\/fr\/outils\/\" class=\"more-link\" title=\"Read Outils\">Read More &raquo;<\/a><\/p>\n","protected":false},"author":4,"featured_media":0,"parent":0,"menu_order":0,"comment_status":"closed","ping_status":"closed","template":"","meta":{"_acf_changed":false,"footnotes":""},"class_list":["post-6634","page","type-page","status-publish","hentry"],"acf":[],"yoast_head":"<!-- This site is optimized with the Yoast SEO plugin v27.1.1 - https:\/\/yoast.com\/product\/yoast-seo-wordpress\/ -->\n<title>Outils, fraises et accessoires haute performance<\/title>\n<meta name=\"description\" content=\"G.B.C. Industrial Tools con\u00e7oit et fabrique une gamme compl\u00e8te d&#039;outils, de fraises et d&#039;accessoires haute performance.\" \/>\n<meta name=\"robots\" content=\"index, follow, max-snippet:-1, max-image-preview:large, max-video-preview:-1\" \/>\n<link rel=\"canonical\" href=\"https:\/\/gbcspa.com\/fr\/outils\/\" \/>\n<meta property=\"og:locale\" content=\"fr_FR\" \/>\n<meta property=\"og:type\" content=\"article\" \/>\n<meta property=\"og:title\" content=\"Outils, fraises et accessoires haute performance\" \/>\n<meta property=\"og:description\" content=\"G.B.C. Industrial Tools con\u00e7oit et fabrique une gamme compl\u00e8te d&#039;outils, de fraises et d&#039;accessoires haute performance.\" \/>\n<meta property=\"og:url\" content=\"https:\/\/gbcspa.com\/fr\/outils\/\" \/>\n<meta property=\"og:site_name\" content=\"GBC SpA\" \/>\n<meta property=\"article:publisher\" content=\"https:\/\/www.facebook.com\/GBCIndustrialToolsSpa\/\" \/>\n<meta property=\"article:modified_time\" content=\"2026-03-10T11:05:37+00:00\" \/>\n<meta property=\"og:image\" content=\"https:\/\/gbcspa.com\/wp-content\/uploads\/2025\/11\/Utensili-2.webp\" \/>\n\t<meta property=\"og:image:width\" content=\"2250\" \/>\n\t<meta property=\"og:image:height\" content=\"1502\" \/>\n\t<meta property=\"og:image:type\" content=\"image\/webp\" \/>\n<meta name=\"twitter:card\" content=\"summary_large_image\" \/>\n<meta name=\"twitter:label1\" content=\"Dur\u00e9e de lecture estim\u00e9e\" \/>\n\t<meta name=\"twitter:data1\" content=\"4 minutes\" \/>\n<script type=\"application\/ld+json\" class=\"yoast-schema-graph\">{\"@context\":\"https:\/\/schema.org\",\"@graph\":[{\"@type\":\"WebPage\",\"@id\":\"https:\/\/gbcspa.com\/fr\/outils\/\",\"url\":\"https:\/\/gbcspa.com\/fr\/outils\/\",\"name\":\"Outils, fraises et accessoires haute performance\",\"isPartOf\":{\"@id\":\"https:\/\/gbcspa.com\/#website\"},\"primaryImageOfPage\":{\"@id\":\"https:\/\/gbcspa.com\/fr\/outils\/#primaryimage\"},\"image\":{\"@id\":\"https:\/\/gbcspa.com\/fr\/outils\/#primaryimage\"},\"thumbnailUrl\":\"https:\/\/gbcspa.com\/wp-content\/uploads\/2025\/11\/Utensili-2-582x455.webp\",\"datePublished\":\"2025-11-13T15:33:03+00:00\",\"dateModified\":\"2026-03-10T11:05:37+00:00\",\"description\":\"G.B.C. Industrial Tools con\u00e7oit et fabrique une gamme compl\u00e8te d'outils, de fraises et d'accessoires haute performance.\",\"breadcrumb\":{\"@id\":\"https:\/\/gbcspa.com\/fr\/outils\/#breadcrumb\"},\"inLanguage\":\"fr-FR\",\"potentialAction\":[{\"@type\":\"ReadAction\",\"target\":[\"https:\/\/gbcspa.com\/fr\/outils\/\"]}]},{\"@type\":\"ImageObject\",\"inLanguage\":\"fr-FR\",\"@id\":\"https:\/\/gbcspa.com\/fr\/outils\/#primaryimage\",\"url\":\"https:\/\/gbcspa.com\/wp-content\/uploads\/2025\/11\/Utensili-2-582x455.webp\",\"contentUrl\":\"https:\/\/gbcspa.com\/wp-content\/uploads\/2025\/11\/Utensili-2-582x455.webp\"},{\"@type\":\"BreadcrumbList\",\"@id\":\"https:\/\/gbcspa.com\/fr\/outils\/#breadcrumb\",\"itemListElement\":[{\"@type\":\"ListItem\",\"position\":1,\"name\":\"Home\",\"item\":\"https:\/\/gbcspa.com\/\"},{\"@type\":\"ListItem\",\"position\":2,\"name\":\"Outils\"}]},{\"@type\":\"WebSite\",\"@id\":\"https:\/\/gbcspa.com\/#website\",\"url\":\"https:\/\/gbcspa.com\/\",\"name\":\"G.B.C. spa\",\"description\":\"\",\"publisher\":{\"@id\":\"https:\/\/gbcspa.com\/#organization\"},\"potentialAction\":[{\"@type\":\"SearchAction\",\"target\":{\"@type\":\"EntryPoint\",\"urlTemplate\":\"https:\/\/gbcspa.com\/?s={search_term_string}\"},\"query-input\":{\"@type\":\"PropertyValueSpecification\",\"valueRequired\":true,\"valueName\":\"search_term_string\"}}],\"inLanguage\":\"fr-FR\"},{\"@type\":\"Organization\",\"@id\":\"https:\/\/gbcspa.com\/#organization\",\"name\":\"G.B.C. spa\",\"url\":\"https:\/\/gbcspa.com\/\",\"logo\":{\"@type\":\"ImageObject\",\"inLanguage\":\"fr-FR\",\"@id\":\"https:\/\/gbcspa.com\/#\/schema\/logo\/image\/\",\"url\":\"https:\/\/gbcspa.com\/wp-content\/uploads\/2025\/03\/gbc-logo-r-203.png\",\"contentUrl\":\"https:\/\/gbcspa.com\/wp-content\/uploads\/2025\/03\/gbc-logo-r-203.png\",\"width\":203,\"height\":60,\"caption\":\"G.B.C. spa\"},\"image\":{\"@id\":\"https:\/\/gbcspa.com\/#\/schema\/logo\/image\/\"},\"sameAs\":[\"https:\/\/www.facebook.com\/GBCIndustrialToolsSpa\/\",\"https:\/\/www.instagram.com\/gbcindustrialtoolsspa\/\",\"https:\/\/www.youtube.com\/channel\/UCP_FNB0-J8aJfP4bGhJ-cOw\",\"https:\/\/www.linkedin.com\/company\/gbcindustrialtools\/\"]}]}<\/script>\n<!-- \/ Yoast SEO plugin. -->","yoast_head_json":{"title":"Outils, fraises et accessoires haute performance","description":"G.B.C. Industrial Tools con\u00e7oit et fabrique une gamme compl\u00e8te d'outils, de fraises et d'accessoires haute performance.","robots":{"index":"index","follow":"follow","max-snippet":"max-snippet:-1","max-image-preview":"max-image-preview:large","max-video-preview":"max-video-preview:-1"},"canonical":"https:\/\/gbcspa.com\/fr\/outils\/","og_locale":"fr_FR","og_type":"article","og_title":"Outils, fraises et accessoires haute performance","og_description":"G.B.C. Industrial Tools con\u00e7oit et fabrique une gamme compl\u00e8te d'outils, de fraises et d'accessoires haute performance.","og_url":"https:\/\/gbcspa.com\/fr\/outils\/","og_site_name":"GBC SpA","article_publisher":"https:\/\/www.facebook.com\/GBCIndustrialToolsSpa\/","article_modified_time":"2026-03-10T11:05:37+00:00","og_image":[{"width":2250,"height":1502,"url":"https:\/\/gbcspa.com\/wp-content\/uploads\/2025\/11\/Utensili-2.webp","type":"image\/webp"}],"twitter_card":"summary_large_image","twitter_misc":{"Dur\u00e9e de lecture estim\u00e9e":"4 minutes"},"schema":{"@context":"https:\/\/schema.org","@graph":[{"@type":"WebPage","@id":"https:\/\/gbcspa.com\/fr\/outils\/","url":"https:\/\/gbcspa.com\/fr\/outils\/","name":"Outils, fraises et accessoires haute performance","isPartOf":{"@id":"https:\/\/gbcspa.com\/#website"},"primaryImageOfPage":{"@id":"https:\/\/gbcspa.com\/fr\/outils\/#primaryimage"},"image":{"@id":"https:\/\/gbcspa.com\/fr\/outils\/#primaryimage"},"thumbnailUrl":"https:\/\/gbcspa.com\/wp-content\/uploads\/2025\/11\/Utensili-2-582x455.webp","datePublished":"2025-11-13T15:33:03+00:00","dateModified":"2026-03-10T11:05:37+00:00","description":"G.B.C. Industrial Tools con\u00e7oit et fabrique une gamme compl\u00e8te d'outils, de fraises et d'accessoires haute performance.","breadcrumb":{"@id":"https:\/\/gbcspa.com\/fr\/outils\/#breadcrumb"},"inLanguage":"fr-FR","potentialAction":[{"@type":"ReadAction","target":["https:\/\/gbcspa.com\/fr\/outils\/"]}]},{"@type":"ImageObject","inLanguage":"fr-FR","@id":"https:\/\/gbcspa.com\/fr\/outils\/#primaryimage","url":"https:\/\/gbcspa.com\/wp-content\/uploads\/2025\/11\/Utensili-2-582x455.webp","contentUrl":"https:\/\/gbcspa.com\/wp-content\/uploads\/2025\/11\/Utensili-2-582x455.webp"},{"@type":"BreadcrumbList","@id":"https:\/\/gbcspa.com\/fr\/outils\/#breadcrumb","itemListElement":[{"@type":"ListItem","position":1,"name":"Home","item":"https:\/\/gbcspa.com\/"},{"@type":"ListItem","position":2,"name":"Outils"}]},{"@type":"WebSite","@id":"https:\/\/gbcspa.com\/#website","url":"https:\/\/gbcspa.com\/","name":"G.B.C. spa","description":"","publisher":{"@id":"https:\/\/gbcspa.com\/#organization"},"potentialAction":[{"@type":"SearchAction","target":{"@type":"EntryPoint","urlTemplate":"https:\/\/gbcspa.com\/?s={search_term_string}"},"query-input":{"@type":"PropertyValueSpecification","valueRequired":true,"valueName":"search_term_string"}}],"inLanguage":"fr-FR"},{"@type":"Organization","@id":"https:\/\/gbcspa.com\/#organization","name":"G.B.C. spa","url":"https:\/\/gbcspa.com\/","logo":{"@type":"ImageObject","inLanguage":"fr-FR","@id":"https:\/\/gbcspa.com\/#\/schema\/logo\/image\/","url":"https:\/\/gbcspa.com\/wp-content\/uploads\/2025\/03\/gbc-logo-r-203.png","contentUrl":"https:\/\/gbcspa.com\/wp-content\/uploads\/2025\/03\/gbc-logo-r-203.png","width":203,"height":60,"caption":"G.B.C. spa"},"image":{"@id":"https:\/\/gbcspa.com\/#\/schema\/logo\/image\/"},"sameAs":["https:\/\/www.facebook.com\/GBCIndustrialToolsSpa\/","https:\/\/www.instagram.com\/gbcindustrialtoolsspa\/","https:\/\/www.youtube.com\/channel\/UCP_FNB0-J8aJfP4bGhJ-cOw","https:\/\/www.linkedin.com\/company\/gbcindustrialtools\/"]}]}},"_links":{"self":[{"href":"https:\/\/gbcspa.com\/fr\/wp-json\/wp\/v2\/pages\/6634","targetHints":{"allow":["GET"]}}],"collection":[{"href":"https:\/\/gbcspa.com\/fr\/wp-json\/wp\/v2\/pages"}],"about":[{"href":"https:\/\/gbcspa.com\/fr\/wp-json\/wp\/v2\/types\/page"}],"author":[{"embeddable":true,"href":"https:\/\/gbcspa.com\/fr\/wp-json\/wp\/v2\/users\/4"}],"replies":[{"embeddable":true,"href":"https:\/\/gbcspa.com\/fr\/wp-json\/wp\/v2\/comments?post=6634"}],"version-history":[{"count":3,"href":"https:\/\/gbcspa.com\/fr\/wp-json\/wp\/v2\/pages\/6634\/revisions"}],"predecessor-version":[{"id":7694,"href":"https:\/\/gbcspa.com\/fr\/wp-json\/wp\/v2\/pages\/6634\/revisions\/7694"}],"wp:attachment":[{"href":"https:\/\/gbcspa.com\/fr\/wp-json\/wp\/v2\/media?parent=6634"}],"curies":[{"name":"wp","href":"https:\/\/api.w.org\/{rel}","templated":true}]}}