{"id":6618,"date":"2025-01-14T17:17:02","date_gmt":"2025-01-14T16:17:02","guid":{"rendered":"https:\/\/gbcspa.com\/homepage\/"},"modified":"2026-03-10T11:28:54","modified_gmt":"2026-03-10T10:28:54","slug":"homepage","status":"publish","type":"page","link":"https:\/\/gbcspa.com\/fr\/","title":{"rendered":"Page d&rsquo;accueil"},"content":{"rendered":"","protected":false},"excerpt":{"rendered":"","protected":false},"author":2,"featured_media":0,"parent":0,"menu_order":0,"comment_status":"closed","ping_status":"closed","template":"page-homepage.php","meta":{"_acf_changed":false,"footnotes":""},"class_list":["post-6618","page","type-page","status-publish","hentry"],"acf":[],"yoast_head":"<!-- This site is optimized with the Yoast SEO plugin v27.1.1 - https:\/\/yoast.com\/product\/yoast-seo-wordpress\/ -->\n<title>Leader mondial dans la d\u00e9coupe et le chanfreinage de tubes et t\u00f4les | G.B.C.<\/title>\n<meta name=\"description\" content=\"Depuis plus de 40 ans, G.B.C. est la r\u00e9f\u00e9rence mondiale dans le domaine de la d\u00e9coupe et du chanfreinage de tubes et de t\u00f4les pour l&#039;industrie et le secteur p\u00e9trolier et gazier.\" \/>\n<meta name=\"robots\" content=\"index, follow, max-snippet:-1, max-image-preview:large, max-video-preview:-1\" \/>\n<link rel=\"canonical\" href=\"https:\/\/gbcspa.com\/\" \/>\n<meta property=\"og:locale\" content=\"fr_FR\" \/>\n<meta property=\"og:type\" content=\"article\" \/>\n<meta property=\"og:title\" content=\"Leader mondial dans la d\u00e9coupe et le chanfreinage de tubes et t\u00f4les | G.B.C.\" \/>\n<meta property=\"og:description\" content=\"Depuis plus de 40 ans, G.B.C. est la r\u00e9f\u00e9rence mondiale dans le domaine de la d\u00e9coupe et du chanfreinage de tubes et de t\u00f4les pour l&#039;industrie et le secteur p\u00e9trolier et gazier.\" \/>\n<meta property=\"og:url\" content=\"https:\/\/gbcspa.com\/\" \/>\n<meta property=\"og:site_name\" content=\"GBC SpA\" \/>\n<meta property=\"article:publisher\" content=\"https:\/\/www.facebook.com\/GBCIndustrialToolsSpa\/\" \/>\n<meta property=\"article:modified_time\" content=\"2026-03-10T10:28:54+00:00\" \/>\n<meta name=\"twitter:card\" content=\"summary_large_image\" \/>\n<script type=\"application\/ld+json\" class=\"yoast-schema-graph\">{\"@context\":\"https:\/\/schema.org\",\"@graph\":[{\"@type\":\"WebPage\",\"@id\":\"https:\/\/gbcspa.com\/\",\"url\":\"https:\/\/gbcspa.com\/\",\"name\":\"Leader mondial dans la d\u00e9coupe et le chanfreinage de tubes et t\u00f4les | G.B.C.\",\"isPartOf\":{\"@id\":\"https:\/\/gbcspa.com\/#website\"},\"datePublished\":\"2025-01-14T16:17:02+00:00\",\"dateModified\":\"2026-03-10T10:28:54+00:00\",\"description\":\"Depuis plus de 40 ans, G.B.C. est la r\u00e9f\u00e9rence mondiale dans le domaine de la d\u00e9coupe et du chanfreinage de tubes et de t\u00f4les pour l'industrie et le secteur p\u00e9trolier et gazier.\",\"breadcrumb\":{\"@id\":\"https:\/\/gbcspa.com\/#breadcrumb\"},\"inLanguage\":\"fr-FR\",\"potentialAction\":[{\"@type\":\"ReadAction\",\"target\":[\"https:\/\/gbcspa.com\/\"]}]},{\"@type\":\"BreadcrumbList\",\"@id\":\"https:\/\/gbcspa.com\/#breadcrumb\",\"itemListElement\":[{\"@type\":\"ListItem\",\"position\":1,\"name\":\"Home\",\"item\":\"https:\/\/gbcspa.com\/\"},{\"@type\":\"ListItem\",\"position\":2,\"name\":\"Page d&rsquo;accueil\"}]},{\"@type\":\"WebSite\",\"@id\":\"https:\/\/gbcspa.com\/#website\",\"url\":\"https:\/\/gbcspa.com\/\",\"name\":\"G.B.C. spa\",\"description\":\"\",\"publisher\":{\"@id\":\"https:\/\/gbcspa.com\/#organization\"},\"potentialAction\":[{\"@type\":\"SearchAction\",\"target\":{\"@type\":\"EntryPoint\",\"urlTemplate\":\"https:\/\/gbcspa.com\/?s={search_term_string}\"},\"query-input\":{\"@type\":\"PropertyValueSpecification\",\"valueRequired\":true,\"valueName\":\"search_term_string\"}}],\"inLanguage\":\"fr-FR\"},{\"@type\":\"Organization\",\"@id\":\"https:\/\/gbcspa.com\/#organization\",\"name\":\"G.B.C. spa\",\"url\":\"https:\/\/gbcspa.com\/\",\"logo\":{\"@type\":\"ImageObject\",\"inLanguage\":\"fr-FR\",\"@id\":\"https:\/\/gbcspa.com\/#\/schema\/logo\/image\/\",\"url\":\"https:\/\/gbcspa.com\/wp-content\/uploads\/2025\/03\/gbc-logo-r-203.png\",\"contentUrl\":\"https:\/\/gbcspa.com\/wp-content\/uploads\/2025\/03\/gbc-logo-r-203.png\",\"width\":203,\"height\":60,\"caption\":\"G.B.C. spa\"},\"image\":{\"@id\":\"https:\/\/gbcspa.com\/#\/schema\/logo\/image\/\"},\"sameAs\":[\"https:\/\/www.facebook.com\/GBCIndustrialToolsSpa\/\",\"https:\/\/www.instagram.com\/gbcindustrialtoolsspa\/\",\"https:\/\/www.youtube.com\/channel\/UCP_FNB0-J8aJfP4bGhJ-cOw\",\"https:\/\/www.linkedin.com\/company\/gbcindustrialtools\/\"]}]}<\/script>\n<!-- \/ Yoast SEO plugin. -->","yoast_head_json":{"title":"Leader mondial dans la d\u00e9coupe et le chanfreinage de tubes et t\u00f4les | G.B.C.","description":"Depuis plus de 40 ans, G.B.C. est la r\u00e9f\u00e9rence mondiale dans le domaine de la d\u00e9coupe et du chanfreinage de tubes et de t\u00f4les pour l'industrie et le secteur p\u00e9trolier et gazier.","robots":{"index":"index","follow":"follow","max-snippet":"max-snippet:-1","max-image-preview":"max-image-preview:large","max-video-preview":"max-video-preview:-1"},"canonical":"https:\/\/gbcspa.com\/","og_locale":"fr_FR","og_type":"article","og_title":"Leader mondial dans la d\u00e9coupe et le chanfreinage de tubes et t\u00f4les | G.B.C.","og_description":"Depuis plus de 40 ans, G.B.C. est la r\u00e9f\u00e9rence mondiale dans le domaine de la d\u00e9coupe et du chanfreinage de tubes et de t\u00f4les pour l'industrie et le secteur p\u00e9trolier et gazier.","og_url":"https:\/\/gbcspa.com\/","og_site_name":"GBC SpA","article_publisher":"https:\/\/www.facebook.com\/GBCIndustrialToolsSpa\/","article_modified_time":"2026-03-10T10:28:54+00:00","twitter_card":"summary_large_image","schema":{"@context":"https:\/\/schema.org","@graph":[{"@type":"WebPage","@id":"https:\/\/gbcspa.com\/","url":"https:\/\/gbcspa.com\/","name":"Leader mondial dans la d\u00e9coupe et le chanfreinage de tubes et t\u00f4les | G.B.C.","isPartOf":{"@id":"https:\/\/gbcspa.com\/#website"},"datePublished":"2025-01-14T16:17:02+00:00","dateModified":"2026-03-10T10:28:54+00:00","description":"Depuis plus de 40 ans, G.B.C. est la r\u00e9f\u00e9rence mondiale dans le domaine de la d\u00e9coupe et du chanfreinage de tubes et de t\u00f4les pour l'industrie et le secteur p\u00e9trolier et gazier.","breadcrumb":{"@id":"https:\/\/gbcspa.com\/#breadcrumb"},"inLanguage":"fr-FR","potentialAction":[{"@type":"ReadAction","target":["https:\/\/gbcspa.com\/"]}]},{"@type":"BreadcrumbList","@id":"https:\/\/gbcspa.com\/#breadcrumb","itemListElement":[{"@type":"ListItem","position":1,"name":"Home","item":"https:\/\/gbcspa.com\/"},{"@type":"ListItem","position":2,"name":"Page d&rsquo;accueil"}]},{"@type":"WebSite","@id":"https:\/\/gbcspa.com\/#website","url":"https:\/\/gbcspa.com\/","name":"G.B.C. spa","description":"","publisher":{"@id":"https:\/\/gbcspa.com\/#organization"},"potentialAction":[{"@type":"SearchAction","target":{"@type":"EntryPoint","urlTemplate":"https:\/\/gbcspa.com\/?s={search_term_string}"},"query-input":{"@type":"PropertyValueSpecification","valueRequired":true,"valueName":"search_term_string"}}],"inLanguage":"fr-FR"},{"@type":"Organization","@id":"https:\/\/gbcspa.com\/#organization","name":"G.B.C. spa","url":"https:\/\/gbcspa.com\/","logo":{"@type":"ImageObject","inLanguage":"fr-FR","@id":"https:\/\/gbcspa.com\/#\/schema\/logo\/image\/","url":"https:\/\/gbcspa.com\/wp-content\/uploads\/2025\/03\/gbc-logo-r-203.png","contentUrl":"https:\/\/gbcspa.com\/wp-content\/uploads\/2025\/03\/gbc-logo-r-203.png","width":203,"height":60,"caption":"G.B.C. spa"},"image":{"@id":"https:\/\/gbcspa.com\/#\/schema\/logo\/image\/"},"sameAs":["https:\/\/www.facebook.com\/GBCIndustrialToolsSpa\/","https:\/\/www.instagram.com\/gbcindustrialtoolsspa\/","https:\/\/www.youtube.com\/channel\/UCP_FNB0-J8aJfP4bGhJ-cOw","https:\/\/www.linkedin.com\/company\/gbcindustrialtools\/"]}]}},"_links":{"self":[{"href":"https:\/\/gbcspa.com\/fr\/wp-json\/wp\/v2\/pages\/6618","targetHints":{"allow":["GET"]}}],"collection":[{"href":"https:\/\/gbcspa.com\/fr\/wp-json\/wp\/v2\/pages"}],"about":[{"href":"https:\/\/gbcspa.com\/fr\/wp-json\/wp\/v2\/types\/page"}],"author":[{"embeddable":true,"href":"https:\/\/gbcspa.com\/fr\/wp-json\/wp\/v2\/users\/2"}],"replies":[{"embeddable":true,"href":"https:\/\/gbcspa.com\/fr\/wp-json\/wp\/v2\/comments?post=6618"}],"version-history":[{"count":1,"href":"https:\/\/gbcspa.com\/fr\/wp-json\/wp\/v2\/pages\/6618\/revisions"}],"predecessor-version":[{"id":7533,"href":"https:\/\/gbcspa.com\/fr\/wp-json\/wp\/v2\/pages\/6618\/revisions\/7533"}],"wp:attachment":[{"href":"https:\/\/gbcspa.com\/fr\/wp-json\/wp\/v2\/media?parent=6618"}],"curies":[{"name":"wp","href":"https:\/\/api.w.org\/{rel}","templated":true}]}}