{"id":6612,"date":"2025-03-15T12:07:29","date_gmt":"2025-03-15T11:07:29","guid":{"rendered":"https:\/\/gbcspa.com\/demander-un-devis\/"},"modified":"2026-03-05T14:55:25","modified_gmt":"2026-03-05T13:55:25","slug":"demander-un-devis","status":"publish","type":"page","link":"https:\/\/gbcspa.com\/fr\/demander-un-devis\/","title":{"rendered":"Demander un devis"},"content":{"rendered":"","protected":false},"excerpt":{"rendered":"","protected":false},"author":3,"featured_media":0,"parent":0,"menu_order":0,"comment_status":"closed","ping_status":"closed","template":"","meta":{"_acf_changed":false,"footnotes":""},"class_list":["post-6612","page","type-page","status-publish","hentry"],"acf":[],"yoast_head":"<!-- This site is optimized with the Yoast SEO plugin v27.1.1 - https:\/\/yoast.com\/product\/yoast-seo-wordpress\/ -->\n<title>G.B.C. | Demander un devis<\/title>\n<meta name=\"description\" content=\"Demandez un devis personnalis\u00e9 pour les machines industrielles GBC : fraiseuses, coupe-tubes, chanfreineuses, meuleuses et syst\u00e8mes sp\u00e9ciaux.\" \/>\n<meta name=\"robots\" content=\"index, follow, max-snippet:-1, max-image-preview:large, max-video-preview:-1\" \/>\n<link rel=\"canonical\" href=\"https:\/\/gbcspa.com\/fr\/demander-un-devis\/\" \/>\n<meta property=\"og:locale\" content=\"fr_FR\" \/>\n<meta property=\"og:type\" content=\"article\" \/>\n<meta property=\"og:title\" content=\"G.B.C. | Demander un devis\" \/>\n<meta property=\"og:description\" content=\"Demandez un devis personnalis\u00e9 pour les machines industrielles GBC : fraiseuses, coupe-tubes, chanfreineuses, meuleuses et syst\u00e8mes sp\u00e9ciaux.\" \/>\n<meta property=\"og:url\" content=\"https:\/\/gbcspa.com\/fr\/demander-un-devis\/\" \/>\n<meta property=\"og:site_name\" content=\"GBC SpA\" \/>\n<meta property=\"article:publisher\" content=\"https:\/\/www.facebook.com\/GBCIndustrialToolsSpa\/\" \/>\n<meta property=\"article:modified_time\" content=\"2026-03-05T13:55:25+00:00\" \/>\n<meta name=\"twitter:card\" content=\"summary_large_image\" \/>\n<script type=\"application\/ld+json\" class=\"yoast-schema-graph\">{\"@context\":\"https:\/\/schema.org\",\"@graph\":[{\"@type\":\"WebPage\",\"@id\":\"https:\/\/gbcspa.com\/fr\/demander-un-devis\/\",\"url\":\"https:\/\/gbcspa.com\/fr\/demander-un-devis\/\",\"name\":\"G.B.C. | Demander un devis\",\"isPartOf\":{\"@id\":\"https:\/\/gbcspa.com\/#website\"},\"datePublished\":\"2025-03-15T11:07:29+00:00\",\"dateModified\":\"2026-03-05T13:55:25+00:00\",\"description\":\"Demandez un devis personnalis\u00e9 pour les machines industrielles GBC : fraiseuses, coupe-tubes, chanfreineuses, meuleuses et syst\u00e8mes sp\u00e9ciaux.\",\"breadcrumb\":{\"@id\":\"https:\/\/gbcspa.com\/fr\/demander-un-devis\/#breadcrumb\"},\"inLanguage\":\"fr-FR\",\"potentialAction\":[{\"@type\":\"ReadAction\",\"target\":[\"https:\/\/gbcspa.com\/fr\/demander-un-devis\/\"]}]},{\"@type\":\"BreadcrumbList\",\"@id\":\"https:\/\/gbcspa.com\/fr\/demander-un-devis\/#breadcrumb\",\"itemListElement\":[{\"@type\":\"ListItem\",\"position\":1,\"name\":\"Home\",\"item\":\"https:\/\/gbcspa.com\/\"},{\"@type\":\"ListItem\",\"position\":2,\"name\":\"Demander un devis\"}]},{\"@type\":\"WebSite\",\"@id\":\"https:\/\/gbcspa.com\/#website\",\"url\":\"https:\/\/gbcspa.com\/\",\"name\":\"G.B.C. spa\",\"description\":\"\",\"publisher\":{\"@id\":\"https:\/\/gbcspa.com\/#organization\"},\"potentialAction\":[{\"@type\":\"SearchAction\",\"target\":{\"@type\":\"EntryPoint\",\"urlTemplate\":\"https:\/\/gbcspa.com\/?s={search_term_string}\"},\"query-input\":{\"@type\":\"PropertyValueSpecification\",\"valueRequired\":true,\"valueName\":\"search_term_string\"}}],\"inLanguage\":\"fr-FR\"},{\"@type\":\"Organization\",\"@id\":\"https:\/\/gbcspa.com\/#organization\",\"name\":\"G.B.C. spa\",\"url\":\"https:\/\/gbcspa.com\/\",\"logo\":{\"@type\":\"ImageObject\",\"inLanguage\":\"fr-FR\",\"@id\":\"https:\/\/gbcspa.com\/#\/schema\/logo\/image\/\",\"url\":\"https:\/\/gbcspa.com\/wp-content\/uploads\/2025\/03\/gbc-logo-r-203.png\",\"contentUrl\":\"https:\/\/gbcspa.com\/wp-content\/uploads\/2025\/03\/gbc-logo-r-203.png\",\"width\":203,\"height\":60,\"caption\":\"G.B.C. spa\"},\"image\":{\"@id\":\"https:\/\/gbcspa.com\/#\/schema\/logo\/image\/\"},\"sameAs\":[\"https:\/\/www.facebook.com\/GBCIndustrialToolsSpa\/\",\"https:\/\/www.instagram.com\/gbcindustrialtoolsspa\/\",\"https:\/\/www.youtube.com\/channel\/UCP_FNB0-J8aJfP4bGhJ-cOw\",\"https:\/\/www.linkedin.com\/company\/gbcindustrialtools\/\"]}]}<\/script>\n<!-- \/ Yoast SEO plugin. -->","yoast_head_json":{"title":"G.B.C. | Demander un devis","description":"Demandez un devis personnalis\u00e9 pour les machines industrielles GBC : fraiseuses, coupe-tubes, chanfreineuses, meuleuses et syst\u00e8mes sp\u00e9ciaux.","robots":{"index":"index","follow":"follow","max-snippet":"max-snippet:-1","max-image-preview":"max-image-preview:large","max-video-preview":"max-video-preview:-1"},"canonical":"https:\/\/gbcspa.com\/fr\/demander-un-devis\/","og_locale":"fr_FR","og_type":"article","og_title":"G.B.C. | Demander un devis","og_description":"Demandez un devis personnalis\u00e9 pour les machines industrielles GBC : fraiseuses, coupe-tubes, chanfreineuses, meuleuses et syst\u00e8mes sp\u00e9ciaux.","og_url":"https:\/\/gbcspa.com\/fr\/demander-un-devis\/","og_site_name":"GBC SpA","article_publisher":"https:\/\/www.facebook.com\/GBCIndustrialToolsSpa\/","article_modified_time":"2026-03-05T13:55:25+00:00","twitter_card":"summary_large_image","schema":{"@context":"https:\/\/schema.org","@graph":[{"@type":"WebPage","@id":"https:\/\/gbcspa.com\/fr\/demander-un-devis\/","url":"https:\/\/gbcspa.com\/fr\/demander-un-devis\/","name":"G.B.C. | Demander un devis","isPartOf":{"@id":"https:\/\/gbcspa.com\/#website"},"datePublished":"2025-03-15T11:07:29+00:00","dateModified":"2026-03-05T13:55:25+00:00","description":"Demandez un devis personnalis\u00e9 pour les machines industrielles GBC : fraiseuses, coupe-tubes, chanfreineuses, meuleuses et syst\u00e8mes sp\u00e9ciaux.","breadcrumb":{"@id":"https:\/\/gbcspa.com\/fr\/demander-un-devis\/#breadcrumb"},"inLanguage":"fr-FR","potentialAction":[{"@type":"ReadAction","target":["https:\/\/gbcspa.com\/fr\/demander-un-devis\/"]}]},{"@type":"BreadcrumbList","@id":"https:\/\/gbcspa.com\/fr\/demander-un-devis\/#breadcrumb","itemListElement":[{"@type":"ListItem","position":1,"name":"Home","item":"https:\/\/gbcspa.com\/"},{"@type":"ListItem","position":2,"name":"Demander un devis"}]},{"@type":"WebSite","@id":"https:\/\/gbcspa.com\/#website","url":"https:\/\/gbcspa.com\/","name":"G.B.C. spa","description":"","publisher":{"@id":"https:\/\/gbcspa.com\/#organization"},"potentialAction":[{"@type":"SearchAction","target":{"@type":"EntryPoint","urlTemplate":"https:\/\/gbcspa.com\/?s={search_term_string}"},"query-input":{"@type":"PropertyValueSpecification","valueRequired":true,"valueName":"search_term_string"}}],"inLanguage":"fr-FR"},{"@type":"Organization","@id":"https:\/\/gbcspa.com\/#organization","name":"G.B.C. spa","url":"https:\/\/gbcspa.com\/","logo":{"@type":"ImageObject","inLanguage":"fr-FR","@id":"https:\/\/gbcspa.com\/#\/schema\/logo\/image\/","url":"https:\/\/gbcspa.com\/wp-content\/uploads\/2025\/03\/gbc-logo-r-203.png","contentUrl":"https:\/\/gbcspa.com\/wp-content\/uploads\/2025\/03\/gbc-logo-r-203.png","width":203,"height":60,"caption":"G.B.C. spa"},"image":{"@id":"https:\/\/gbcspa.com\/#\/schema\/logo\/image\/"},"sameAs":["https:\/\/www.facebook.com\/GBCIndustrialToolsSpa\/","https:\/\/www.instagram.com\/gbcindustrialtoolsspa\/","https:\/\/www.youtube.com\/channel\/UCP_FNB0-J8aJfP4bGhJ-cOw","https:\/\/www.linkedin.com\/company\/gbcindustrialtools\/"]}]}},"_links":{"self":[{"href":"https:\/\/gbcspa.com\/fr\/wp-json\/wp\/v2\/pages\/6612","targetHints":{"allow":["GET"]}}],"collection":[{"href":"https:\/\/gbcspa.com\/fr\/wp-json\/wp\/v2\/pages"}],"about":[{"href":"https:\/\/gbcspa.com\/fr\/wp-json\/wp\/v2\/types\/page"}],"author":[{"embeddable":true,"href":"https:\/\/gbcspa.com\/fr\/wp-json\/wp\/v2\/users\/3"}],"replies":[{"embeddable":true,"href":"https:\/\/gbcspa.com\/fr\/wp-json\/wp\/v2\/comments?post=6612"}],"version-history":[{"count":1,"href":"https:\/\/gbcspa.com\/fr\/wp-json\/wp\/v2\/pages\/6612\/revisions"}],"predecessor-version":[{"id":7641,"href":"https:\/\/gbcspa.com\/fr\/wp-json\/wp\/v2\/pages\/6612\/revisions\/7641"}],"wp:attachment":[{"href":"https:\/\/gbcspa.com\/fr\/wp-json\/wp\/v2\/media?parent=6612"}],"curies":[{"name":"wp","href":"https:\/\/api.w.org\/{rel}","templated":true}]}}