{"id":6611,"date":"2025-04-02T12:40:29","date_gmt":"2025-04-02T10:40:29","guid":{"rendered":"https:\/\/gbcspa.com\/privacy-policy\/"},"modified":"2025-04-02T12:40:29","modified_gmt":"2025-04-02T10:40:29","slug":"privacy-policy","status":"publish","type":"page","link":"https:\/\/gbcspa.com\/fr\/privacy-policy\/","title":{"rendered":"Politique de confidentialit\u00e9"},"content":{"rendered":"<div class=\"fusion-layout-column fusion_builder_column fusion_builder_column_1_1 fusion-builder-column-1 fusion-one-full fusion-column-first fusion-column-last 1_1\">\n<div class=\"fusion-column-wrapper\" data-bg-url=\"\">\n<div class=\"fusion-text\">\n<h5>Conform\u00e9ment aux dispositions des articles 13-14 du r\u00e8glement UE 2016\/679<br \/>\n(R\u00e8glement europ\u00e9en relatif \u00e0 la protection des donn\u00e9es \u00e0 caract\u00e8re personnel)<\/h5>\n<h5><\/h5>\n<p>Madame, Monsieur<\/p>\n<p>Nous tenons \u00e0 vous informer que le r\u00e8glement UE 2016\/679 (\u00ab R\u00e8glement europ\u00e9en relatif \u00e0 la protection des donn\u00e9es \u00e0 caract\u00e8re personnel \u00bb) pr\u00e9voit la protection des personnes et d&rsquo;autres sujets en mati\u00e8re de traitement des donn\u00e9es \u00e0 caract\u00e8re personnel. Conform\u00e9ment aux articles 13 et 14 du r\u00e8glement UE 2016\/679, nous vous fournissons les<\/p>\n<p>informations suivantes :<\/p>\n<ol>\n<li><strong> Finalit\u00e9s, base juridique du traitement auquel les donn\u00e9es sont destin\u00e9es<\/strong><\/li>\n<\/ol>\n<p>Les donn\u00e9es personnelles que vous avez fournies et communiqu\u00e9es lors de la passation de la commande seront trait\u00e9es exclusivement pour se conformer aux dispositions l\u00e9gales, contractuelles ou r\u00e9glementaires, et en particulier :<\/p>\n<ul>\n<li>fourniture de biens, prestation de services et ex\u00e9cution des<\/li>\n<li>contrats ;<\/li>\n<li>respect des prescriptions r\u00e9glementaires nationales et communautaires ;<\/li>\n<li>int\u00e9r\u00eat l\u00e9gitime du responsable du traitement des donn\u00e9es ;<\/li>\n<li>marketing.<\/li>\n<\/ul>\n<ol start=\"2\">\n<li><strong> Modalit\u00e9s de traitement<\/strong><\/li>\n<\/ol>\n<p>Le traitement de vos donn\u00e9es personnelles est effectu\u00e9 au moyen des op\u00e9rations indiqu\u00e9es \u00e0 l&rsquo;article 4 du Code de confidentialit\u00e9 et \u00e0 l&rsquo;article 4, paragraphe 2) du RGPD, \u00e0 savoir : collecte, enregistrement, organisation, conservation, consultation, traitement, modification, s\u00e9lection, extraction, comparaison, utilisation, interconnexion, blocage, communication, suppression et destruction des donn\u00e9es. Vos donn\u00e9es personnelles sont trait\u00e9es \u00e0 la fois sur papier et par voie \u00e9lectronique et\/ou automatis\u00e9e afin d&rsquo;en garantir la s\u00e9curit\u00e9 et la confidentialit\u00e9. Vos donn\u00e9es personnelles sont trait\u00e9es par la Soci\u00e9t\u00e9 au sein du territoire de l&rsquo;Union europ\u00e9enne et, si n\u00e9cessaire, pour des raisons techniques ou op\u00e9rationnelles, la Soci\u00e9t\u00e9 se r\u00e9serve le droit de transf\u00e9rer vos donn\u00e9es personnelles vers des pays hors de l&rsquo;Union europ\u00e9enne pour lesquels il existe des d\u00e9cisions d&rsquo;\u00ab ad\u00e9quation \u00bb de la Commission europ\u00e9enne, ou sur la base des garanties ad\u00e9quates ou des d\u00e9rogations sp\u00e9cifiques pr\u00e9vues par le R\u00e8glement.<\/p>\n<ol start=\"3\">\n<li><strong> Nature de la collecte des donn\u00e9es et cons\u00e9quences d&rsquo;un \u00e9ventuel refus de<\/strong><\/li>\n<\/ol>\n<p><strong>fournir<\/strong><\/p>\n<p>Vos donn\u00e9es personnelles, relatives \u00e0 la prestation du service que vous avez demand\u00e9, font l&rsquo;objet du traitement. La fourniture de vos donn\u00e9es personnelles est obligatoire afin de remplir les obligations d\u00e9coulant de la relation de travail en cours et de se conformer de mani\u00e8re g\u00e9n\u00e9rale aux obligations r\u00e9glementaires. Leur non-communication pourrait entra\u00eener la non-\u00e9tablissement de la relation, son bon d\u00e9roulement ou sa poursuite.<\/p>\n<ol start=\"4\">\n<li><strong> Communication et diffusion des donn\u00e9es<\/strong><\/li>\n<\/ol>\n<p>Vos donn\u00e9es peuvent \u00eatre communiqu\u00e9es :<\/p>\n<ul>\n<li>aux employ\u00e9s et collaborateurs du Responsable, dans le cadre de leurs<\/li>\n<li>fonctions ;<\/li>\n<li>\u00e0 toutes les personnes dont le droit d&rsquo;acc\u00e8s \u00e0 ces donn\u00e9es est<\/li>\n<li>reconnu en vertu de dispositions r\u00e9glementaires ;<\/li>\n<li>\u00e0 toutes les personnes physiques et\/ou morales, publiques et\/ou priv\u00e9es<\/li>\n<li>dans les cas o\u00f9 la communication est n\u00e9cessaire ou fonctionnelle aux<\/li>\n<li>fins de l&rsquo;ex\u00e9cution du contrat et aux fins indiqu\u00e9es ci-dessus<\/li>\n<li>.<\/li>\n<\/ul>\n<ol start=\"5\">\n<li><strong> Modalit\u00e9s et dur\u00e9e de conservation des donn\u00e9es \u00e0 caract\u00e8re personnel<\/strong><\/li>\n<\/ol>\n<p>Les donn\u00e9es \u00e0 caract\u00e8re personnel seront conserv\u00e9es dans les bureaux situ\u00e9s Via Sandro Pertini, 41\/43 \u2013 25046 Cazzago San Martino (BS) \u00e0 l&rsquo;aide de proc\u00e9dures, y compris informatis\u00e9es, selon les modalit\u00e9s et dans les limites n\u00e9cessaires \u00e0 la poursuite des finalit\u00e9s susmentionn\u00e9es. Le responsable du traitement traitera les donn\u00e9es personnelles conform\u00e9ment aux lois actuellement en vigueur et, en tout \u00e9tat de cause, pendant une dur\u00e9e maximale de 10 ans \u00e0 compter de la fin de la relation \u00e0 des fins de service. Les donn\u00e9es personnelles peuvent \u00e9galement \u00eatre trait\u00e9es pendant une dur\u00e9e plus longue, en cas d&rsquo;acte interruptif et\/ou suspensif de la prescription justifiant la prolongation de la conservation des donn\u00e9es.<\/p>\n<ol start=\"6\">\n<li><strong> Responsable du traitement et sous-traitant<\/strong><\/li>\n<\/ol>\n<p>Le responsable du traitement est la soci\u00e9t\u00e9 G.B.C. Industrial Tools S.P.A., dont le si\u00e8ge social est situ\u00e9 Via Eugenio Carpi, 20 20131 Milan (MI), et dont le si\u00e8ge op\u00e9rationnel est situ\u00e9 Via Sandro Pertini, 41\/43 \u2013 25046 Cazzago San Martino (BS). La liste mise \u00e0 jour des responsables et des personnes autoris\u00e9es au traitement est conserv\u00e9e au si\u00e8ge op\u00e9rationnel.<\/p>\n<ol start=\"7\">\n<li><strong> Droits de la personne concern\u00e9e<\/strong><\/li>\n<\/ol>\n<p>En tant que personne concern\u00e9e, vous disposez des droits pr\u00e9vus \u00e0 l&rsquo;article 7 du Code de confidentialit\u00e9 et \u00e0 l&rsquo;article 15 du RGPD, \u00e0 savoir les droits suivants :<\/p>\n<ol>\n<li>obtenir la confirmation de l&rsquo;existence ou non de donn\u00e9es \u00e0 caract\u00e8re personnel vous concernant, m\u00eame si elles ne sont pas encore enregistr\u00e9es, et leur communication sous une forme intelligible ;<\/li>\n<li>d&rsquo;obtenir l&rsquo;indication :<\/li>\n<li>a) de l&rsquo;origine des donn\u00e9es \u00e0 caract\u00e8re personnel ;<\/li>\n<li>b) des finalit\u00e9s et des modalit\u00e9s du traitement ;<\/li>\n<li>c) de la logique appliqu\u00e9e en cas de traitement effectu\u00e9 \u00e0 l&rsquo;aide d&rsquo;instruments \u00e9lectroniques ;<\/li>\n<li>d) des coordonn\u00e9es du titulaire, des responsables et du repr\u00e9sentant d\u00e9sign\u00e9 conform\u00e9ment \u00e0 l&rsquo;article 5, paragraphe 2, du Code de confidentialit\u00e9 et \u00e0 l&rsquo;article 3, paragraphe 1, du RGPD ; e) des personnes ou des cat\u00e9gories de personnes auxquelles les donn\u00e9es \u00e0 caract\u00e8re personnel peuvent \u00eatre communiqu\u00e9es ou qui peuvent en prendre connaissance en<\/li>\n<li>leur qualit\u00e9 de repr\u00e9sentant d\u00e9sign\u00e9 sur le territoire de l&rsquo;\u00c9tat, de responsables ou de pr\u00e9pos\u00e9s ;<\/li>\n<li>obtenir : a) la mise \u00e0 jour, la rectification ou, lorsqu&rsquo;il y a int\u00e9r\u00eat, l&rsquo;int\u00e9gration des donn\u00e9es ; b) l&rsquo;effacement, la transformation sous forme anonyme ou le blocage des donn\u00e9es trait\u00e9es en violation de la loi, y compris celles dont la conservation n&rsquo;est pas n\u00e9cessaire au regard des finalit\u00e9s pour lesquelles les donn\u00e9es ont \u00e9t\u00e9 collect\u00e9es ou trait\u00e9es ult\u00e9rieurement ; c) l&rsquo;attestation que les op\u00e9rations vis\u00e9es aux lettres a) et b) ont \u00e9t\u00e9 port\u00e9es \u00e0 la connaissance, \u00e9galement en ce qui concerne leur contenu, de ceux auxquels les donn\u00e9es ont \u00e9t\u00e9 communiqu\u00e9es ou diffus\u00e9es, sauf si cette obligation s&rsquo;av\u00e8re impossible ou implique un effort manifestement disproportionn\u00e9 par rapport au droit prot\u00e9g\u00e9 ;<\/li>\n<li>s&rsquo;opposer, en tout ou en partie : a) pour des raisons l\u00e9gitimes, au traitement des donn\u00e9es \u00e0 caract\u00e8re personnel vous concernant, m\u00eame si elles sont pertinentes au regard de l&rsquo;objectif de la collecte ; b) au traitement des donn\u00e9es personnelles vous concernant \u00e0 des fins d&rsquo;envoi de mat\u00e9riel publicitaire ou de vente directe ou pour la r\u00e9alisation d&rsquo;\u00e9tudes de march\u00e9 ou de communication commerciale, par le biais de syst\u00e8mes automatis\u00e9s d&rsquo;appel sans l&rsquo;intervention d&rsquo;un op\u00e9rateur par e-mail et\/ou par des m\u00e9thodes de marketing traditionnelles par t\u00e9l\u00e9phone et\/ou par courrier postal.<\/li>\n<\/ol>\n<p>Il est \u00e0 noter que le droit d&rsquo;opposition de la personne concern\u00e9e, expos\u00e9 au point b) ci-dessus, \u00e0 des fins de marketing direct par des moyens automatis\u00e9s s&rsquo;\u00e9tend aux moyens traditionnels et que, dans tous les cas, la personne concern\u00e9e conserve la possibilit\u00e9 d&rsquo;exercer son droit d&rsquo;opposition, m\u00eame partiellement. Par cons\u00e9quent, la personne concern\u00e9e peut d\u00e9cider de ne recevoir que des communications par des moyens traditionnels ou uniquement des communications automatis\u00e9es, ou aucun des deux types de communication.<\/p>\n<ol>\n<li>Le cas \u00e9ch\u00e9ant, il dispose \u00e9galement des droits vis\u00e9s aux articles 16 \u00e0 21 du RGPD (droit de rectification, droit \u00e0 l&rsquo;oubli, droit \u00e0 la limitation du traitement, droit d&rsquo;opposition), ainsi que du droit de d\u00e9poser une plainte aupr\u00e8s de l&rsquo;autorit\u00e9 de contr\u00f4le.<\/li>\n<\/ol>\n<ol start=\"8\">\n<li><strong> Droit vis\u00e9 \u00e0 l&rsquo;article 20. Droit \u00e0 la portabilit\u00e9 des donn\u00e9es<\/strong><\/li>\n<\/ol>\n<p>La personne concern\u00e9e a le droit de recevoir, dans un format structur\u00e9, couramment utilis\u00e9 et lisible par machine, les donn\u00e9es \u00e0 caract\u00e8re personnel la concernant fournies \u00e0 un responsable du traitement et a le droit de transmettre ces donn\u00e9es \u00e0 un autre responsable du traitement sans que le responsable du traitement y fasse obstacle.<\/p>\n<ol start=\"9\">\n<li><strong> Retrait du consentement au traitement<\/strong><\/li>\n<\/ol>\n<p>Vous avez la possibilit\u00e9 de retirer votre consentement au traitement de vos donn\u00e9es personnelles en envoyant une lettre recommand\u00e9e avec accus\u00e9 de r\u00e9ception \u00e0 l&rsquo;adresse suivante : G.B.C. Industrial Tools S.P.A. Via Sandro Pertini, 41\/43 \u2013 25046 Cazzago San Martino (BS), accompagn\u00e9 d&rsquo;une photocopie de votre pi\u00e8ce d&rsquo;identit\u00e9, avec le texte suivant : \u00ab retrait du consentement au traitement de toutes mes donn\u00e9es personnelles \u00bb.<\/p>\n<p>\u00c0 l&rsquo;issue de cette op\u00e9ration, vos donn\u00e9es personnelles seront supprim\u00e9es des archives dans les plus brefs d\u00e9lais.<\/p>\n<\/div>\n<\/div>\n<\/div>\n","protected":false},"excerpt":{"rendered":"<p>Conform\u00e9ment aux dispositions des articles 13-14 du r\u00e8glement UE 2016\/679 (R\u00e8glement europ\u00e9en relatif \u00e0 la protection des donn\u00e9es \u00e0 caract\u00e8re personnel) Madame, Monsieur Nous tenons \u00e0 vous informer que le r\u00e8glement UE 2016\/679 (\u00ab R\u00e8glement europ\u00e9en relatif \u00e0 la protection des donn\u00e9es \u00e0 caract\u00e8re personnel \u00bb) pr\u00e9voit la protection des personnes et d&rsquo;autres sujets en&#8230;  <a href=\"https:\/\/gbcspa.com\/fr\/privacy-policy\/\" class=\"more-link\" title=\"Read Politique de confidentialit\u00e9\">Read More &raquo;<\/a><\/p>\n","protected":false},"author":3,"featured_media":0,"parent":0,"menu_order":0,"comment_status":"closed","ping_status":"closed","template":"","meta":{"_acf_changed":false,"footnotes":""},"class_list":["post-6611","page","type-page","status-publish","hentry"],"acf":[],"yoast_head":"<!-- This site is optimized with the Yoast SEO plugin v27.1.1 - https:\/\/yoast.com\/product\/yoast-seo-wordpress\/ -->\n<title>Politique de confidentialit\u00e9 - GBC SpA<\/title>\n<meta name=\"robots\" content=\"index, follow, max-snippet:-1, max-image-preview:large, max-video-preview:-1\" \/>\n<link rel=\"canonical\" href=\"https:\/\/gbcspa.com\/privacy-policy\/\" \/>\n<meta property=\"og:locale\" content=\"fr_FR\" \/>\n<meta property=\"og:type\" content=\"article\" \/>\n<meta property=\"og:title\" content=\"Politique de confidentialit\u00e9 - GBC SpA\" \/>\n<meta property=\"og:description\" content=\"Conform\u00e9ment aux dispositions des articles 13-14 du r\u00e8glement UE 2016\/679 (R\u00e8glement europ\u00e9en relatif \u00e0 la protection des donn\u00e9es \u00e0 caract\u00e8re personnel) Madame, Monsieur Nous tenons \u00e0 vous informer que le r\u00e8glement UE 2016\/679 (\u00ab R\u00e8glement europ\u00e9en relatif \u00e0 la protection des donn\u00e9es \u00e0 caract\u00e8re personnel \u00bb) pr\u00e9voit la protection des personnes et d&rsquo;autres sujets en... Read More &raquo;\" \/>\n<meta property=\"og:url\" content=\"https:\/\/gbcspa.com\/privacy-policy\/\" \/>\n<meta property=\"og:site_name\" content=\"GBC SpA\" \/>\n<meta property=\"article:publisher\" content=\"https:\/\/www.facebook.com\/GBCIndustrialToolsSpa\/\" \/>\n<meta name=\"twitter:card\" content=\"summary_large_image\" \/>\n<meta name=\"twitter:label1\" content=\"Dur\u00e9e de lecture estim\u00e9e\" \/>\n\t<meta name=\"twitter:data1\" content=\"7 minutes\" \/>\n<script type=\"application\/ld+json\" class=\"yoast-schema-graph\">{\"@context\":\"https:\/\/schema.org\",\"@graph\":[{\"@type\":\"WebPage\",\"@id\":\"https:\/\/gbcspa.com\/privacy-policy\/\",\"url\":\"https:\/\/gbcspa.com\/privacy-policy\/\",\"name\":\"Politique de confidentialit\u00e9 - GBC SpA\",\"isPartOf\":{\"@id\":\"https:\/\/gbcspa.com\/#website\"},\"datePublished\":\"2025-04-02T10:40:29+00:00\",\"breadcrumb\":{\"@id\":\"https:\/\/gbcspa.com\/privacy-policy\/#breadcrumb\"},\"inLanguage\":\"fr-FR\",\"potentialAction\":[{\"@type\":\"ReadAction\",\"target\":[\"https:\/\/gbcspa.com\/privacy-policy\/\"]}]},{\"@type\":\"BreadcrumbList\",\"@id\":\"https:\/\/gbcspa.com\/privacy-policy\/#breadcrumb\",\"itemListElement\":[{\"@type\":\"ListItem\",\"position\":1,\"name\":\"Home\",\"item\":\"https:\/\/gbcspa.com\/\"},{\"@type\":\"ListItem\",\"position\":2,\"name\":\"Politique de confidentialit\u00e9\"}]},{\"@type\":\"WebSite\",\"@id\":\"https:\/\/gbcspa.com\/#website\",\"url\":\"https:\/\/gbcspa.com\/\",\"name\":\"G.B.C. spa\",\"description\":\"\",\"publisher\":{\"@id\":\"https:\/\/gbcspa.com\/#organization\"},\"potentialAction\":[{\"@type\":\"SearchAction\",\"target\":{\"@type\":\"EntryPoint\",\"urlTemplate\":\"https:\/\/gbcspa.com\/?s={search_term_string}\"},\"query-input\":{\"@type\":\"PropertyValueSpecification\",\"valueRequired\":true,\"valueName\":\"search_term_string\"}}],\"inLanguage\":\"fr-FR\"},{\"@type\":\"Organization\",\"@id\":\"https:\/\/gbcspa.com\/#organization\",\"name\":\"G.B.C. spa\",\"url\":\"https:\/\/gbcspa.com\/\",\"logo\":{\"@type\":\"ImageObject\",\"inLanguage\":\"fr-FR\",\"@id\":\"https:\/\/gbcspa.com\/#\/schema\/logo\/image\/\",\"url\":\"https:\/\/gbcspa.com\/wp-content\/uploads\/2025\/03\/gbc-logo-r-203.png\",\"contentUrl\":\"https:\/\/gbcspa.com\/wp-content\/uploads\/2025\/03\/gbc-logo-r-203.png\",\"width\":203,\"height\":60,\"caption\":\"G.B.C. spa\"},\"image\":{\"@id\":\"https:\/\/gbcspa.com\/#\/schema\/logo\/image\/\"},\"sameAs\":[\"https:\/\/www.facebook.com\/GBCIndustrialToolsSpa\/\",\"https:\/\/www.instagram.com\/gbcindustrialtoolsspa\/\",\"https:\/\/www.youtube.com\/channel\/UCP_FNB0-J8aJfP4bGhJ-cOw\",\"https:\/\/www.linkedin.com\/company\/gbcindustrialtools\/\"]}]}<\/script>\n<!-- \/ Yoast SEO plugin. -->","yoast_head_json":{"title":"Politique de confidentialit\u00e9 - GBC SpA","robots":{"index":"index","follow":"follow","max-snippet":"max-snippet:-1","max-image-preview":"max-image-preview:large","max-video-preview":"max-video-preview:-1"},"canonical":"https:\/\/gbcspa.com\/privacy-policy\/","og_locale":"fr_FR","og_type":"article","og_title":"Politique de confidentialit\u00e9 - GBC SpA","og_description":"Conform\u00e9ment aux dispositions des articles 13-14 du r\u00e8glement UE 2016\/679 (R\u00e8glement europ\u00e9en relatif \u00e0 la protection des donn\u00e9es \u00e0 caract\u00e8re personnel) Madame, Monsieur Nous tenons \u00e0 vous informer que le r\u00e8glement UE 2016\/679 (\u00ab R\u00e8glement europ\u00e9en relatif \u00e0 la protection des donn\u00e9es \u00e0 caract\u00e8re personnel \u00bb) pr\u00e9voit la protection des personnes et d&rsquo;autres sujets en... Read More &raquo;","og_url":"https:\/\/gbcspa.com\/privacy-policy\/","og_site_name":"GBC SpA","article_publisher":"https:\/\/www.facebook.com\/GBCIndustrialToolsSpa\/","twitter_card":"summary_large_image","twitter_misc":{"Dur\u00e9e de lecture estim\u00e9e":"7 minutes"},"schema":{"@context":"https:\/\/schema.org","@graph":[{"@type":"WebPage","@id":"https:\/\/gbcspa.com\/privacy-policy\/","url":"https:\/\/gbcspa.com\/privacy-policy\/","name":"Politique de confidentialit\u00e9 - GBC SpA","isPartOf":{"@id":"https:\/\/gbcspa.com\/#website"},"datePublished":"2025-04-02T10:40:29+00:00","breadcrumb":{"@id":"https:\/\/gbcspa.com\/privacy-policy\/#breadcrumb"},"inLanguage":"fr-FR","potentialAction":[{"@type":"ReadAction","target":["https:\/\/gbcspa.com\/privacy-policy\/"]}]},{"@type":"BreadcrumbList","@id":"https:\/\/gbcspa.com\/privacy-policy\/#breadcrumb","itemListElement":[{"@type":"ListItem","position":1,"name":"Home","item":"https:\/\/gbcspa.com\/"},{"@type":"ListItem","position":2,"name":"Politique de confidentialit\u00e9"}]},{"@type":"WebSite","@id":"https:\/\/gbcspa.com\/#website","url":"https:\/\/gbcspa.com\/","name":"G.B.C. spa","description":"","publisher":{"@id":"https:\/\/gbcspa.com\/#organization"},"potentialAction":[{"@type":"SearchAction","target":{"@type":"EntryPoint","urlTemplate":"https:\/\/gbcspa.com\/?s={search_term_string}"},"query-input":{"@type":"PropertyValueSpecification","valueRequired":true,"valueName":"search_term_string"}}],"inLanguage":"fr-FR"},{"@type":"Organization","@id":"https:\/\/gbcspa.com\/#organization","name":"G.B.C. spa","url":"https:\/\/gbcspa.com\/","logo":{"@type":"ImageObject","inLanguage":"fr-FR","@id":"https:\/\/gbcspa.com\/#\/schema\/logo\/image\/","url":"https:\/\/gbcspa.com\/wp-content\/uploads\/2025\/03\/gbc-logo-r-203.png","contentUrl":"https:\/\/gbcspa.com\/wp-content\/uploads\/2025\/03\/gbc-logo-r-203.png","width":203,"height":60,"caption":"G.B.C. spa"},"image":{"@id":"https:\/\/gbcspa.com\/#\/schema\/logo\/image\/"},"sameAs":["https:\/\/www.facebook.com\/GBCIndustrialToolsSpa\/","https:\/\/www.instagram.com\/gbcindustrialtoolsspa\/","https:\/\/www.youtube.com\/channel\/UCP_FNB0-J8aJfP4bGhJ-cOw","https:\/\/www.linkedin.com\/company\/gbcindustrialtools\/"]}]}},"_links":{"self":[{"href":"https:\/\/gbcspa.com\/fr\/wp-json\/wp\/v2\/pages\/6611","targetHints":{"allow":["GET"]}}],"collection":[{"href":"https:\/\/gbcspa.com\/fr\/wp-json\/wp\/v2\/pages"}],"about":[{"href":"https:\/\/gbcspa.com\/fr\/wp-json\/wp\/v2\/types\/page"}],"author":[{"embeddable":true,"href":"https:\/\/gbcspa.com\/fr\/wp-json\/wp\/v2\/users\/3"}],"replies":[{"embeddable":true,"href":"https:\/\/gbcspa.com\/fr\/wp-json\/wp\/v2\/comments?post=6611"}],"version-history":[{"count":0,"href":"https:\/\/gbcspa.com\/fr\/wp-json\/wp\/v2\/pages\/6611\/revisions"}],"wp:attachment":[{"href":"https:\/\/gbcspa.com\/fr\/wp-json\/wp\/v2\/media?parent=6611"}],"curies":[{"name":"wp","href":"https:\/\/api.w.org\/{rel}","templated":true}]}}