{"id":6608,"date":"2025-11-06T15:06:39","date_gmt":"2025-11-06T14:06:39","guid":{"rendered":"https:\/\/gbcspa.com\/interventions-sur-site\/"},"modified":"2026-03-10T11:51:46","modified_gmt":"2026-03-10T10:51:46","slug":"interventions-sur-site","status":"publish","type":"page","link":"https:\/\/gbcspa.com\/fr\/interventions-sur-site\/","title":{"rendered":"Interventions sur site"},"content":{"rendered":"<p>&nbsp;<\/p>\n<h2>Interventions sur site \u2013 Maintenance m\u00e9canique sp\u00e9cialis\u00e9e<\/h2>\n<p>Avec plus de 40 ans d&rsquo;exp\u00e9rience dans le secteur de la m\u00e9canique industrielle, G.B.C. Industrial Tools S.p.A. est reconnue comme une r\u00e9f\u00e9rence internationale dans la conception et la production de machines pour la pr\u00e9paration des extr\u00e9mit\u00e9s de tubes et de t\u00f4les.<\/p>\n<p>Au fil du temps, gr\u00e2ce \u00e0 une vaste exp\u00e9rience acquise sur le terrain et \u00e0 de nombreuses interventions techniques, elle s&rsquo;est \u00e9galement impos\u00e9e comme sp\u00e9cialiste de la <strong>maintenance m\u00e9canique sur site.<\/strong> Nous offrons un service complet d&rsquo;interventions techniques et d&rsquo;usinages m\u00e9caniques sp\u00e9cialis\u00e9s directement dans les installations de nos clients, garantissant des r\u00e9sultats de la plus haute qualit\u00e9 et fiabilit\u00e9.<\/p>\n<p>Gr\u00e2ce \u00e0 des techniciens hautement qualifi\u00e9s et \u00e0 l&rsquo;utilisation de nos machines portables de derni\u00e8re g\u00e9n\u00e9ration, capables de couvrir un large \u00e9ventail d&rsquo;usinages et de solutions m\u00e9caniques, nous intervenons de mani\u00e8re rapide, pr\u00e9cise et s\u00fbre dans n&rsquo;importe quel contexte industriel.<\/p>\n<p>Notre objectif est de r\u00e9duire au minimum les temps d&rsquo;arr\u00eat des installations et de pr\u00e9venir d&rsquo;\u00e9ventuelles critiques op\u00e9rationnelles, en assurant la continuit\u00e9 et l&rsquo;efficacit\u00e9 des processus de production.<\/p>\n<p>&nbsp;<\/p>\n<h3>Services de maintenance m\u00e9canique sur site : Interventions techniques sp\u00e9cialis\u00e9es<\/h3>\n<p>Gr\u00e2ce \u00e0 notre \u00e9quipe technique sp\u00e9cialis\u00e9e et \u00e0 l&rsquo;utilisation de machines de haute pr\u00e9cision, G.B.C. est en mesure d&rsquo;effectuer une large gamme d&rsquo;usinages m\u00e9caniques sur le terrain, \u00e9vitant ainsi les d\u00e9montages ou les transports co\u00fbteux de composants.<\/p>\n<ul>\n<li><strong>Maintenance m\u00e9canique sp\u00e9cialis\u00e9e<\/strong> ordinaire, extraordinaire et pr\u00e9ventive sur les installations, les machines et les \u00e9quipements industriels.<\/li>\n<li><strong>Mise en service et assistance technique<\/strong> qualifi\u00e9e \u00e0 toutes les \u00e9tapes de la r\u00e9alisation et de la gestion des installations, garantissant une assistance compl\u00e8te et flexible pendant les activit\u00e9s d&rsquo;installation, de v\u00e9rification et d&rsquo;optimisation op\u00e9rationnelle.<\/li>\n<li><strong>Interventions programm\u00e9es et d&rsquo;urgence<\/strong> gr\u00e2ce \u00e0 des techniciens sp\u00e9cialis\u00e9s disponibles pour des interventions de maintenance planifi\u00e9es ou urgentes, en Italie et \u00e0 l&rsquo;\u00e9tranger, avec des temps de r\u00e9ponse rapides et des normes de s\u00e9curit\u00e9 maximales.<\/li>\n<li><strong>Maintenance incluse<\/strong> : nos \u00e9quipements sont constamment entretenus afin de garantir des performances \u00e9lev\u00e9es et une fiabilit\u00e9 optimale \u00e0 chaque \u00e9tape du travail. La location vous offre la tranquillit\u00e9 d&rsquo;esprit de travailler avec des outils toujours \u00e0 la pointe de la technologie.<\/li>\n<li><strong>Coupe<\/strong> \u00e0 froid, <strong>chanfreinage<\/strong> de toute g\u00e9om\u00e9trie et <strong>r\u00e9tr\u00e9cissement<\/strong> interne de tubes de tout diam\u00e8tre, \u00e9paisseur et mat\u00e9riau, chanfreinage sur plaques tubulaires d&rsquo;\u00e9changeurs de chaleur ; <strong>chanfreinage standard<\/strong>, <strong>en J <\/strong>et <strong>combin\u00e9<\/strong>, <strong>\u00e9barbage<\/strong> et <strong>chanfreinage<\/strong> de t\u00f4les jusqu&rsquo;\u00e0 120 mm d&rsquo;\u00e9paisseur, avec une diagonale maximale de 80 mm ; <strong>aplanissement<\/strong> et <strong>rainurage<\/strong> de brides d&rsquo;un diam\u00e8tre compris entre 65 et 1778 mm ; <strong>meulage<\/strong> pour reprise de soudure sur viroles et t\u00f4les plates, lissage et nettoyage de corps cylindriques, enl\u00e8vement d&rsquo;\u00e9paisseur excessive sur cordons de soudure.<\/li>\n<\/ul>\n<p>&nbsp;<\/p>\n<h3>En plus : solutions personnalis\u00e9es<\/h3>\n<p>En collaboration avec nos ing\u00e9nieurs et techniciens sp\u00e9cialis\u00e9s, nous identifions la solution la plus efficace et la plus s\u00fbre pour chaque besoin, en garantissant des interventions r\u00e9alis\u00e9es en toute autonomie par notre \u00e9quipe.<\/p>\n<p>Nous sommes en mesure de concevoir et de r\u00e9aliser des machines personnalis\u00e9es ou des impl\u00e9mentations sp\u00e9cifiques en fonction des demandes du client, destin\u00e9es \u00e0 la fois \u00e0 l&rsquo;utilisation directe par le client et aux activit\u00e9s op\u00e9rationnelles de notre personnel technique sur le terrain.<\/p>\n<p>Lorsque l&rsquo;espace est limit\u00e9 ou que les conditions op\u00e9rationnelles rendent difficile l&rsquo;utilisation de machines standard, nous d\u00e9veloppons des \u00e9quipements sp\u00e9ciaux sur mesure, con\u00e7us pour faire face aux travaux les plus complexes ou non conventionnels.<\/p>\n<p>Gr\u00e2ce \u00e0 la synergie entre la conception et l&rsquo;intervention op\u00e9rationnelle, G.B.C. est en mesure de r\u00e9pondre avec des solutions techniques personnalis\u00e9es, garantissant efficacit\u00e9, s\u00e9curit\u00e9 et r\u00e9sultats de pr\u00e9cision dans n&rsquo;importe quel contexte industriel. Chaque intervention est \u00e9tudi\u00e9e en fonction des besoins sp\u00e9cifiques du client, dans le but de maintenir des normes \u00e9lev\u00e9es de s\u00e9curit\u00e9, de pr\u00e9cision et de fiabilit\u00e9.<\/p>\n<p><center><img loading=\"lazy\" decoding=\"async\" width=\"582\" height=\"455\" class=\"alignnone wp-image-6006 img-fluid \" src=\"https:\/\/gbcspa.com\/wp-content\/uploads\/2025\/10\/Interventi-On-Site.webp\" alt=\"\" \/><\/center>&nbsp;<\/p>\n<h3><\/h3>\n<h3>Pourquoi choisir G.B.C. Industrial Tools S.p.A. : fiabilit\u00e9, rapidit\u00e9 et pr\u00e9cision<\/h3>\n<p>Choisir G.B.C., c&rsquo;est compter sur une entreprise qui allie comp\u00e9tence technique, innovation et rapidit\u00e9 op\u00e9rationnelle. Nos techniciens sur site travaillent avec des \u00e9quipements de pointe et interviennent dans le but de garantir des r\u00e9sultats constants dans le temps. Avec G.B.C., vous avez la certitude :<\/p>\n<ul>\n<li><strong>de b\u00e9n\u00e9ficier d&rsquo;une assistance imm\u00e9diate et personnalis\u00e9e<\/strong> gr\u00e2ce \u00e0 la longue exp\u00e9rience de G.B.C. dans le domaine de la maintenance m\u00e9canique industrielle.<\/li>\n<li><strong>R\u00e9duire les temps d&rsquo;arr\u00eat des installations<\/strong> gr\u00e2ce \u00e0 des interventions rapides, pr\u00e9cises et en toute s\u00e9curit\u00e9, r\u00e9alis\u00e9es par un personnel hautement qualifi\u00e9 et constamment form\u00e9.<\/li>\n<li><strong>Maintenir des performances m\u00e9caniques optimales<\/strong> et une efficacit\u00e9, une fiabilit\u00e9 et une dur\u00e9e de vie maximales des composants, garantissant la continuit\u00e9 de la production et la s\u00e9curit\u00e9 op\u00e9rationnelle dans chaque installation.<\/li>\n<\/ul>\n<p>&nbsp;<\/p>\n<h3><\/h3>\n<h3>G.B.C. \u2013 L&rsquo;excellence de la maintenance m\u00e9canique, directement sur votre installation<\/h3>\n<p>Avec une approche ax\u00e9e sur l&rsquo;efficacit\u00e9, la s\u00e9curit\u00e9 et la collaboration, G.B.C. transforme chaque intervention technique en une solution concr\u00e8te et sur mesure.<br \/>\nDu diagnostic \u00e0 la finition, chaque \u00e9tape est g\u00e9r\u00e9e avec professionnalisme, pr\u00e9cision et rapidit\u00e9. Parce que votre installation m\u00e9rite les meilleures performances, sans compromis.<\/p>\n<p>&nbsp;<\/p>\n<h3>Demandez une intervention<\/h3>\n<p>Contactez-nous pour obtenir une assistance imm\u00e9diate ou pour planifier une intervention sur mesure avec notre personnel sp\u00e9cialis\u00e9. Envoyez un e-mail \u00e0 <a href=\"mailto:sales@gbcspa.com\">sales@gbcspa.com<\/a>. Notre \u00e9quipe commerciale est pr\u00eate \u00e0 vous aider.<\/p>\n<p>&nbsp;<\/p>\n<p><a href=\"https:\/\/gbcspa.com\/fr\/categories-produits\/\"><strong>D\u00e9couvrez les produits G.B.C. les mieux adapt\u00e9s \u00e0 vos besoins et demandez plus de d\u00e9tails.<\/strong><\/a><\/p>\n","protected":false},"excerpt":{"rendered":"<p>&nbsp; Interventions sur site \u2013 Maintenance m\u00e9canique sp\u00e9cialis\u00e9e Avec plus de 40 ans d&rsquo;exp\u00e9rience dans le secteur de la m\u00e9canique industrielle, G.B.C. Industrial Tools S.p.A. est reconnue comme une r\u00e9f\u00e9rence internationale dans la conception et la production de machines pour la pr\u00e9paration des extr\u00e9mit\u00e9s de tubes et de t\u00f4les. Au fil du temps, gr\u00e2ce \u00e0&#8230;  <a href=\"https:\/\/gbcspa.com\/fr\/interventions-sur-site\/\" class=\"more-link\" title=\"Read Interventions sur site\">Read More &raquo;<\/a><\/p>\n","protected":false},"author":4,"featured_media":0,"parent":0,"menu_order":0,"comment_status":"closed","ping_status":"closed","template":"","meta":{"_acf_changed":false,"footnotes":""},"class_list":["post-6608","page","type-page","status-publish","hentry"],"acf":[],"yoast_head":"<!-- This site is optimized with the Yoast SEO plugin v27.1.1 - https:\/\/yoast.com\/product\/yoast-seo-wordpress\/ -->\n<title>Interventions de maintenance m\u00e9canique sur site GBC Industrial Tools<\/title>\n<meta name=\"description\" content=\"Maintenance m\u00e9canique des machines de d\u00e9coupe de tubes et t\u00f4les dans le monde entier. 40 ans d&#039;expertise, made in Italy, innovation. Interventions sp\u00e9cialis\u00e9es sur site. Contactez-nous.\" \/>\n<meta name=\"robots\" content=\"index, follow, max-snippet:-1, max-image-preview:large, max-video-preview:-1\" \/>\n<link rel=\"canonical\" href=\"https:\/\/gbcspa.com\/fr\/interventions-sur-site\/\" \/>\n<meta property=\"og:locale\" content=\"fr_FR\" \/>\n<meta property=\"og:type\" content=\"article\" \/>\n<meta property=\"og:title\" content=\"Interventions de maintenance m\u00e9canique sur site GBC Industrial Tools\" \/>\n<meta property=\"og:description\" content=\"Maintenance m\u00e9canique des machines de d\u00e9coupe de tubes et t\u00f4les dans le monde entier. 40 ans d&#039;expertise, made in Italy, innovation. Interventions sp\u00e9cialis\u00e9es sur site. Contactez-nous.\" \/>\n<meta property=\"og:url\" content=\"https:\/\/gbcspa.com\/fr\/interventions-sur-site\/\" \/>\n<meta property=\"og:site_name\" content=\"GBC SpA\" \/>\n<meta property=\"article:publisher\" content=\"https:\/\/www.facebook.com\/GBCIndustrialToolsSpa\/\" \/>\n<meta property=\"article:modified_time\" content=\"2026-03-10T10:51:46+00:00\" \/>\n<meta property=\"og:image\" content=\"https:\/\/gbcspa.com\/wp-content\/uploads\/2025\/10\/Interventi-On-Site.webp\" \/>\n\t<meta property=\"og:image:width\" content=\"582\" \/>\n\t<meta property=\"og:image:height\" content=\"455\" \/>\n\t<meta property=\"og:image:type\" content=\"image\/webp\" \/>\n<meta name=\"twitter:card\" content=\"summary_large_image\" \/>\n<meta name=\"twitter:label1\" content=\"Dur\u00e9e de lecture estim\u00e9e\" \/>\n\t<meta name=\"twitter:data1\" content=\"5 minutes\" \/>\n<script type=\"application\/ld+json\" class=\"yoast-schema-graph\">{\"@context\":\"https:\/\/schema.org\",\"@graph\":[{\"@type\":\"WebPage\",\"@id\":\"https:\/\/gbcspa.com\/fr\/interventions-sur-site\/\",\"url\":\"https:\/\/gbcspa.com\/fr\/interventions-sur-site\/\",\"name\":\"Interventions de maintenance m\u00e9canique sur site GBC Industrial Tools\",\"isPartOf\":{\"@id\":\"https:\/\/gbcspa.com\/#website\"},\"primaryImageOfPage\":{\"@id\":\"https:\/\/gbcspa.com\/fr\/interventions-sur-site\/#primaryimage\"},\"image\":{\"@id\":\"https:\/\/gbcspa.com\/fr\/interventions-sur-site\/#primaryimage\"},\"thumbnailUrl\":\"https:\/\/gbcspa.com\/wp-content\/uploads\/2025\/10\/Interventi-On-Site.webp\",\"datePublished\":\"2025-11-06T14:06:39+00:00\",\"dateModified\":\"2026-03-10T10:51:46+00:00\",\"description\":\"Maintenance m\u00e9canique des machines de d\u00e9coupe de tubes et t\u00f4les dans le monde entier. 40 ans d'expertise, made in Italy, innovation. Interventions sp\u00e9cialis\u00e9es sur site. Contactez-nous.\",\"breadcrumb\":{\"@id\":\"https:\/\/gbcspa.com\/fr\/interventions-sur-site\/#breadcrumb\"},\"inLanguage\":\"fr-FR\",\"potentialAction\":[{\"@type\":\"ReadAction\",\"target\":[\"https:\/\/gbcspa.com\/fr\/interventions-sur-site\/\"]}]},{\"@type\":\"ImageObject\",\"inLanguage\":\"fr-FR\",\"@id\":\"https:\/\/gbcspa.com\/fr\/interventions-sur-site\/#primaryimage\",\"url\":\"https:\/\/gbcspa.com\/wp-content\/uploads\/2025\/10\/Interventi-On-Site.webp\",\"contentUrl\":\"https:\/\/gbcspa.com\/wp-content\/uploads\/2025\/10\/Interventi-On-Site.webp\"},{\"@type\":\"BreadcrumbList\",\"@id\":\"https:\/\/gbcspa.com\/fr\/interventions-sur-site\/#breadcrumb\",\"itemListElement\":[{\"@type\":\"ListItem\",\"position\":1,\"name\":\"Home\",\"item\":\"https:\/\/gbcspa.com\/\"},{\"@type\":\"ListItem\",\"position\":2,\"name\":\"Interventions sur site\"}]},{\"@type\":\"WebSite\",\"@id\":\"https:\/\/gbcspa.com\/#website\",\"url\":\"https:\/\/gbcspa.com\/\",\"name\":\"G.B.C. spa\",\"description\":\"\",\"publisher\":{\"@id\":\"https:\/\/gbcspa.com\/#organization\"},\"potentialAction\":[{\"@type\":\"SearchAction\",\"target\":{\"@type\":\"EntryPoint\",\"urlTemplate\":\"https:\/\/gbcspa.com\/?s={search_term_string}\"},\"query-input\":{\"@type\":\"PropertyValueSpecification\",\"valueRequired\":true,\"valueName\":\"search_term_string\"}}],\"inLanguage\":\"fr-FR\"},{\"@type\":\"Organization\",\"@id\":\"https:\/\/gbcspa.com\/#organization\",\"name\":\"G.B.C. spa\",\"url\":\"https:\/\/gbcspa.com\/\",\"logo\":{\"@type\":\"ImageObject\",\"inLanguage\":\"fr-FR\",\"@id\":\"https:\/\/gbcspa.com\/#\/schema\/logo\/image\/\",\"url\":\"https:\/\/gbcspa.com\/wp-content\/uploads\/2025\/03\/gbc-logo-r-203.png\",\"contentUrl\":\"https:\/\/gbcspa.com\/wp-content\/uploads\/2025\/03\/gbc-logo-r-203.png\",\"width\":203,\"height\":60,\"caption\":\"G.B.C. spa\"},\"image\":{\"@id\":\"https:\/\/gbcspa.com\/#\/schema\/logo\/image\/\"},\"sameAs\":[\"https:\/\/www.facebook.com\/GBCIndustrialToolsSpa\/\",\"https:\/\/www.instagram.com\/gbcindustrialtoolsspa\/\",\"https:\/\/www.youtube.com\/channel\/UCP_FNB0-J8aJfP4bGhJ-cOw\",\"https:\/\/www.linkedin.com\/company\/gbcindustrialtools\/\"]}]}<\/script>\n<!-- \/ Yoast SEO plugin. -->","yoast_head_json":{"title":"Interventions de maintenance m\u00e9canique sur site GBC Industrial Tools","description":"Maintenance m\u00e9canique des machines de d\u00e9coupe de tubes et t\u00f4les dans le monde entier. 40 ans d'expertise, made in Italy, innovation. Interventions sp\u00e9cialis\u00e9es sur site. Contactez-nous.","robots":{"index":"index","follow":"follow","max-snippet":"max-snippet:-1","max-image-preview":"max-image-preview:large","max-video-preview":"max-video-preview:-1"},"canonical":"https:\/\/gbcspa.com\/fr\/interventions-sur-site\/","og_locale":"fr_FR","og_type":"article","og_title":"Interventions de maintenance m\u00e9canique sur site GBC Industrial Tools","og_description":"Maintenance m\u00e9canique des machines de d\u00e9coupe de tubes et t\u00f4les dans le monde entier. 40 ans d'expertise, made in Italy, innovation. Interventions sp\u00e9cialis\u00e9es sur site. Contactez-nous.","og_url":"https:\/\/gbcspa.com\/fr\/interventions-sur-site\/","og_site_name":"GBC SpA","article_publisher":"https:\/\/www.facebook.com\/GBCIndustrialToolsSpa\/","article_modified_time":"2026-03-10T10:51:46+00:00","og_image":[{"width":582,"height":455,"url":"https:\/\/gbcspa.com\/wp-content\/uploads\/2025\/10\/Interventi-On-Site.webp","type":"image\/webp"}],"twitter_card":"summary_large_image","twitter_misc":{"Dur\u00e9e de lecture estim\u00e9e":"5 minutes"},"schema":{"@context":"https:\/\/schema.org","@graph":[{"@type":"WebPage","@id":"https:\/\/gbcspa.com\/fr\/interventions-sur-site\/","url":"https:\/\/gbcspa.com\/fr\/interventions-sur-site\/","name":"Interventions de maintenance m\u00e9canique sur site GBC Industrial Tools","isPartOf":{"@id":"https:\/\/gbcspa.com\/#website"},"primaryImageOfPage":{"@id":"https:\/\/gbcspa.com\/fr\/interventions-sur-site\/#primaryimage"},"image":{"@id":"https:\/\/gbcspa.com\/fr\/interventions-sur-site\/#primaryimage"},"thumbnailUrl":"https:\/\/gbcspa.com\/wp-content\/uploads\/2025\/10\/Interventi-On-Site.webp","datePublished":"2025-11-06T14:06:39+00:00","dateModified":"2026-03-10T10:51:46+00:00","description":"Maintenance m\u00e9canique des machines de d\u00e9coupe de tubes et t\u00f4les dans le monde entier. 40 ans d'expertise, made in Italy, innovation. Interventions sp\u00e9cialis\u00e9es sur site. Contactez-nous.","breadcrumb":{"@id":"https:\/\/gbcspa.com\/fr\/interventions-sur-site\/#breadcrumb"},"inLanguage":"fr-FR","potentialAction":[{"@type":"ReadAction","target":["https:\/\/gbcspa.com\/fr\/interventions-sur-site\/"]}]},{"@type":"ImageObject","inLanguage":"fr-FR","@id":"https:\/\/gbcspa.com\/fr\/interventions-sur-site\/#primaryimage","url":"https:\/\/gbcspa.com\/wp-content\/uploads\/2025\/10\/Interventi-On-Site.webp","contentUrl":"https:\/\/gbcspa.com\/wp-content\/uploads\/2025\/10\/Interventi-On-Site.webp"},{"@type":"BreadcrumbList","@id":"https:\/\/gbcspa.com\/fr\/interventions-sur-site\/#breadcrumb","itemListElement":[{"@type":"ListItem","position":1,"name":"Home","item":"https:\/\/gbcspa.com\/"},{"@type":"ListItem","position":2,"name":"Interventions sur site"}]},{"@type":"WebSite","@id":"https:\/\/gbcspa.com\/#website","url":"https:\/\/gbcspa.com\/","name":"G.B.C. spa","description":"","publisher":{"@id":"https:\/\/gbcspa.com\/#organization"},"potentialAction":[{"@type":"SearchAction","target":{"@type":"EntryPoint","urlTemplate":"https:\/\/gbcspa.com\/?s={search_term_string}"},"query-input":{"@type":"PropertyValueSpecification","valueRequired":true,"valueName":"search_term_string"}}],"inLanguage":"fr-FR"},{"@type":"Organization","@id":"https:\/\/gbcspa.com\/#organization","name":"G.B.C. spa","url":"https:\/\/gbcspa.com\/","logo":{"@type":"ImageObject","inLanguage":"fr-FR","@id":"https:\/\/gbcspa.com\/#\/schema\/logo\/image\/","url":"https:\/\/gbcspa.com\/wp-content\/uploads\/2025\/03\/gbc-logo-r-203.png","contentUrl":"https:\/\/gbcspa.com\/wp-content\/uploads\/2025\/03\/gbc-logo-r-203.png","width":203,"height":60,"caption":"G.B.C. spa"},"image":{"@id":"https:\/\/gbcspa.com\/#\/schema\/logo\/image\/"},"sameAs":["https:\/\/www.facebook.com\/GBCIndustrialToolsSpa\/","https:\/\/www.instagram.com\/gbcindustrialtoolsspa\/","https:\/\/www.youtube.com\/channel\/UCP_FNB0-J8aJfP4bGhJ-cOw","https:\/\/www.linkedin.com\/company\/gbcindustrialtools\/"]}]}},"_links":{"self":[{"href":"https:\/\/gbcspa.com\/fr\/wp-json\/wp\/v2\/pages\/6608","targetHints":{"allow":["GET"]}}],"collection":[{"href":"https:\/\/gbcspa.com\/fr\/wp-json\/wp\/v2\/pages"}],"about":[{"href":"https:\/\/gbcspa.com\/fr\/wp-json\/wp\/v2\/types\/page"}],"author":[{"embeddable":true,"href":"https:\/\/gbcspa.com\/fr\/wp-json\/wp\/v2\/users\/4"}],"replies":[{"embeddable":true,"href":"https:\/\/gbcspa.com\/fr\/wp-json\/wp\/v2\/comments?post=6608"}],"version-history":[{"count":3,"href":"https:\/\/gbcspa.com\/fr\/wp-json\/wp\/v2\/pages\/6608\/revisions"}],"predecessor-version":[{"id":7692,"href":"https:\/\/gbcspa.com\/fr\/wp-json\/wp\/v2\/pages\/6608\/revisions\/7692"}],"wp:attachment":[{"href":"https:\/\/gbcspa.com\/fr\/wp-json\/wp\/v2\/media?parent=6608"}],"curies":[{"name":"wp","href":"https:\/\/api.w.org\/{rel}","templated":true}]}}