{"id":6596,"date":"2025-02-14T11:21:28","date_gmt":"2025-02-14T10:21:28","guid":{"rendered":"https:\/\/gbcspa.com\/produits-personnalises\/"},"modified":"2026-03-10T11:46:36","modified_gmt":"2026-03-10T10:46:36","slug":"produits-personnalises","status":"publish","type":"page","link":"https:\/\/gbcspa.com\/fr\/produits-personnalises\/","title":{"rendered":"Produits personnalis\u00e9s"},"content":{"rendered":"<h2 data-start=\"133\" data-end=\"194\">G.B.C. \u2013 Produits personnalis\u00e9s pour le secteur industriel<\/h2>\n<p>Chez G.B.C., la personnalisation est notre point fort. Depuis plus de 30 ans, nous sommes leaders dans le secteur de la d\u00e9coupe et du chanfreinage de tubes m\u00e9talliques et de t\u00f4les. Chaque client a des besoins sp\u00e9cifiques, c&rsquo;est pourquoi nous proposons des solutions personnalis\u00e9es pour chaque type d&rsquo;usinage.<\/p>\n<p>De plus, gr\u00e2ce \u00e0 notre longue exp\u00e9rience et \u00e0 nos technologies de pointe, nous sommes en mesure de r\u00e9aliser des machines et des installations sur mesure pour relever les d\u00e9fis les plus complexes. Chaque projet est \u00e9tudi\u00e9 avec soin afin d&rsquo;optimiser les processus de production, garantissant des r\u00e9sultats exceptionnels, tant pour les petites que pour les grandes productions.<\/p>\n<p>Nous ne nous limitons pas \u00e0 la fabrication de produits sur mesure : nous offrons \u00e9galement un service d&rsquo;assistance complet. De la conception \u00e0 la r\u00e9alisation, en passant par la maintenance apr\u00e8s-vente, nous sommes toujours aux c\u00f4t\u00e9s de nos clients pour garantir que chaque machine fonctionne au mieux et continue \u00e0 \u00eatre performante dans le temps.<\/p>\n<p>&nbsp;<\/p>\n<h1><\/h1>\n<h3 data-start=\"1128\" data-end=\"1166\">Des machines sp\u00e9ciales pour chaque secteur<\/h3>\n<p>Nous sommes en mesure de concevoir des machines sp\u00e9ciales pour les secteurs du p\u00e9trole et du gaz, des infrastructures, de l&rsquo;amont, de l&rsquo;offshore, de la p\u00e9trochimie, du raffinage, des gazoducs et ol\u00e9oducs, des fabricants de tuyaux, des \u00e9changeurs de chaleur, de la construction navale et des \u00e9oliennes. Chaque produit est fabriqu\u00e9 sur mesure pour r\u00e9pondre aux besoins les plus complexes. Ainsi, nous utilisons des technologies de pointe pour garantir d&rsquo;excellentes performances.<\/p>\n<p>Nos machines sont con\u00e7ues pour faire face \u00e0 tous les types d&rsquo;usinage industriel, des op\u00e9rations les plus standardis\u00e9es aux plus sp\u00e9cialis\u00e9es. Gr\u00e2ce \u00e0 l&rsquo;exp\u00e9rience que nous avons acquise au fil des ans, nous sommes en mesure de r\u00e9pondre rapidement et avec pr\u00e9cision aux demandes de nos clients, en proposant des solutions innovantes qui s&rsquo;adaptent parfaitement \u00e0 chaque besoin.<\/p>\n<p>Chez G.B.C., nous comprenons que chaque secteur a des exigences uniques. Par cons\u00e9quent, chaque machine est con\u00e7ue pour offrir une flexibilit\u00e9 et une fiabilit\u00e9 maximales, m\u00eame dans des environnements de travail extr\u00eames. Qu&rsquo;il s&rsquo;agisse d&rsquo;op\u00e9rations d\u00e9licates ou de travaux dans des conditions particuli\u00e8res, nos solutions sont con\u00e7ues pour garantir des r\u00e9sultats optimaux et constants dans le temps.<\/p>\n<p>Au fil des ans, G.B.C. a fourni avec succ\u00e8s des solutions d&rsquo;ing\u00e9nierie innovantes et enti\u00e8rement personnalis\u00e9es dans un large \u00e9ventail de secteurs, notamment :<\/p>\n<ul>\n<li>D\u00e9mant\u00e8lement nucl\u00e9aire et nouveaux projets de construction<\/li>\n<li>Traitement et r\u00e9cup\u00e9ration des d\u00e9chets nucl\u00e9aires<\/li>\n<li>P\u00e9trochimie<\/li>\n<li>P\u00e9trole et gaz onshore et offshore<\/li>\n<li>Production d&rsquo;\u00e9nergie et \u00e9nergies renouvelables<\/li>\n<li>Construction et r\u00e9paration navales<\/li>\n<li>Pipelines onshore et offshore<\/li>\n<li>D\u00e9fense<\/li>\n<li>A\u00e9rospatiale<\/li>\n<li>Biotechnologies et pharmacie<\/li>\n<li>Alimentation<\/li>\n<li>Production et fabrication<\/li>\n<li>Exploitation mini\u00e8re et construction<\/li>\n<\/ul>\n<p>&nbsp;<\/p>\n<p><center><img loading=\"lazy\" decoding=\"async\" width=\"582\" height=\"455\" class=\"alignnone wp-image-5037 img-fluid \" src=\"https:\/\/gbcspa.com\/wp-content\/uploads\/2025\/05\/G300M-Russia-1.webp\" alt=\"\" \/><\/center>&nbsp;<\/p>\n<h3 data-start=\"2190\" data-end=\"2229\">Fiabilit\u00e9, qualit\u00e9 et innovation<\/h3>\n<p>Les machines G.B.C. sont synonymes de fiabilit\u00e9, de pr\u00e9cision et d&rsquo;innovation. Gr\u00e2ce \u00e0 notre exp\u00e9rience consolid\u00e9e, nous concevons des solutions personnalis\u00e9es qui optimisent les processus de production. De plus, nous offrons \u00e9galement un service d&rsquo;assistance complet : de la conception \u00e0 la r\u00e9alisation, jusqu&rsquo;\u00e0 la maintenance apr\u00e8s-vente.<\/p>\n<p>Chaque machine G.B.C. est le fruit d&rsquo;une mise \u00e0 jour technologique constante, qui nous permet de r\u00e9pondre efficacement aux d\u00e9fis d&rsquo;un march\u00e9 en constante \u00e9volution. Nous n&rsquo;utilisons que des composants de haute qualit\u00e9 et des processus de production avanc\u00e9s pour garantir que chaque solution r\u00e9ponde aux normes les plus \u00e9lev\u00e9es en mati\u00e8re de performance et de durabilit\u00e9.<\/p>\n<p>Enfin, nous accompagnons nos clients \u00e0 chaque \u00e9tape du projet, en leur offrant des conseils et un soutien continu. Notre souci du d\u00e9tail et notre engagement en faveur de la qualit\u00e9 font de nous le partenaire id\u00e9al pour relever les d\u00e9fis les plus difficiles. Avec G.B.C., vous pouvez compter sur des solutions fiables et une assistance qui ne vous laisse jamais seul.<\/p>\n<p>&nbsp;<\/p>\n<h3>Outils et composants sp\u00e9ciaux sur mesure<\/h3>\n<p>Notre exp\u00e9rience en mati\u00e8re de personnalisation ne se limite pas \u00e0 la conception de machines compl\u00e8tes. Chez G.B.C., nous fabriquons \u00e9galement des <strong>outils sp\u00e9ciaux, des pi\u00e8ces m\u00e9caniques d\u00e9di\u00e9es et des composants techniques sur mesure<\/strong>, con\u00e7us pour r\u00e9pondre \u00e0 des besoins particuliers ou pour faire face \u00e0 des usinages qui exigent une pr\u00e9cision extr\u00eame et des caract\u00e9ristiques non standard.<\/p>\n<p>Nous sommes en mesure de produire des outils hors normes, des \u00e9quipements d\u00e9di\u00e9s, des inserts sp\u00e9ciaux, des pi\u00e8ces de rechange introuvables sur le march\u00e9 et des composants con\u00e7us sur mesure pour des applications sp\u00e9cifiques. Gr\u00e2ce \u00e0 notre d\u00e9partement technique hautement sp\u00e9cialis\u00e9 et \u00e0 nos technologies de pointe, chaque \u00e9l\u00e9ment est d\u00e9velopp\u00e9 en \u00e9troite collaboration avec le client, garantissant compatibilit\u00e9, efficacit\u00e9 maximale et longue dur\u00e9e de vie.<\/p>\n<p>G.B.C. devient ainsi un partenaire strat\u00e9gique non seulement dans la fourniture de machines et d&rsquo;installations personnalis\u00e9es, mais aussi dans la r\u00e9alisation de <strong>solutions m\u00e9caniques cibl\u00e9es<\/strong>, capables d&rsquo;am\u00e9liorer la productivit\u00e9 et d&rsquo;optimiser les processus existants gr\u00e2ce \u00e0 des outils con\u00e7us sur mesure.<\/p>\n<p>&nbsp;<\/p>\n<h3 data-start=\"1115\" data-end=\"1166\">Contactez-nous pour une solution personnalis\u00e9e<\/h3>\n<p>Si vous avez des besoins particuliers, <a href=\"https:\/\/www.gbcspa.com\/fr\/contacts\/\">contactez-nous<\/a> d\u00e8s maintenant. Notre \u00e9quipe est \u00e0 votre disposition pour \u00e9valuer avec vous la solution la mieux adapt\u00e9e \u00e0 vos besoins.<\/p>\n","protected":false},"excerpt":{"rendered":"<p>G.B.C. \u2013 Produits personnalis\u00e9s pour le secteur industriel Chez G.B.C., la personnalisation est notre point fort. Depuis plus de 30 ans, nous sommes leaders dans le secteur de la d\u00e9coupe et du chanfreinage de tubes m\u00e9talliques et de t\u00f4les. Chaque client a des besoins sp\u00e9cifiques, c&rsquo;est pourquoi nous proposons des solutions personnalis\u00e9es pour chaque type&#8230;  <a href=\"https:\/\/gbcspa.com\/fr\/produits-personnalises\/\" class=\"more-link\" title=\"Read Produits personnalis\u00e9s\">Read More &raquo;<\/a><\/p>\n","protected":false},"author":2,"featured_media":0,"parent":0,"menu_order":0,"comment_status":"closed","ping_status":"closed","template":"","meta":{"_acf_changed":false,"footnotes":""},"class_list":["post-6596","page","type-page","status-publish","hentry"],"acf":[],"yoast_head":"<!-- This site is optimized with the Yoast SEO plugin v27.1.1 - https:\/\/yoast.com\/product\/yoast-seo-wordpress\/ -->\n<title>Produits personnalis\u00e9s d\u00e9coupe de tubes m\u00e9talliques et t\u00f4les | G.B.C.<\/title>\n<meta name=\"description\" content=\"G.B.C. propose des solutions personnalis\u00e9es innovantes et de qualit\u00e9 en concevant des machines sur mesure pour diff\u00e9rents types d&#039;usinage et secteurs industriels.\" \/>\n<meta name=\"robots\" content=\"index, follow, max-snippet:-1, max-image-preview:large, max-video-preview:-1\" \/>\n<link rel=\"canonical\" href=\"https:\/\/gbcspa.com\/fr\/produits-personnalises\/\" \/>\n<meta property=\"og:locale\" content=\"fr_FR\" \/>\n<meta property=\"og:type\" content=\"article\" \/>\n<meta property=\"og:title\" content=\"Produits personnalis\u00e9s d\u00e9coupe de tubes m\u00e9talliques et t\u00f4les | G.B.C.\" \/>\n<meta property=\"og:description\" content=\"G.B.C. propose des solutions personnalis\u00e9es innovantes et de qualit\u00e9 en concevant des machines sur mesure pour diff\u00e9rents types d&#039;usinage et secteurs industriels.\" \/>\n<meta property=\"og:url\" content=\"https:\/\/gbcspa.com\/fr\/produits-personnalises\/\" \/>\n<meta property=\"og:site_name\" content=\"GBC SpA\" \/>\n<meta property=\"article:publisher\" content=\"https:\/\/www.facebook.com\/GBCIndustrialToolsSpa\/\" \/>\n<meta property=\"article:modified_time\" content=\"2026-03-10T10:46:36+00:00\" \/>\n<meta property=\"og:image\" content=\"https:\/\/gbcspa.com\/wp-content\/uploads\/2025\/05\/G300M-Russia-1.webp\" \/>\n\t<meta property=\"og:image:width\" content=\"582\" \/>\n\t<meta property=\"og:image:height\" content=\"455\" \/>\n\t<meta property=\"og:image:type\" content=\"image\/webp\" \/>\n<meta name=\"twitter:card\" content=\"summary_large_image\" \/>\n<meta name=\"twitter:label1\" content=\"Dur\u00e9e de lecture estim\u00e9e\" \/>\n\t<meta name=\"twitter:data1\" content=\"5 minutes\" \/>\n<script type=\"application\/ld+json\" class=\"yoast-schema-graph\">{\"@context\":\"https:\/\/schema.org\",\"@graph\":[{\"@type\":\"WebPage\",\"@id\":\"https:\/\/gbcspa.com\/fr\/produits-personnalises\/\",\"url\":\"https:\/\/gbcspa.com\/fr\/produits-personnalises\/\",\"name\":\"Produits personnalis\u00e9s d\u00e9coupe de tubes m\u00e9talliques et t\u00f4les | G.B.C.\",\"isPartOf\":{\"@id\":\"https:\/\/gbcspa.com\/#website\"},\"primaryImageOfPage\":{\"@id\":\"https:\/\/gbcspa.com\/fr\/produits-personnalises\/#primaryimage\"},\"image\":{\"@id\":\"https:\/\/gbcspa.com\/fr\/produits-personnalises\/#primaryimage\"},\"thumbnailUrl\":\"https:\/\/gbcspa.com\/wp-content\/uploads\/2025\/05\/G300M-Russia-1.webp\",\"datePublished\":\"2025-02-14T10:21:28+00:00\",\"dateModified\":\"2026-03-10T10:46:36+00:00\",\"description\":\"G.B.C. propose des solutions personnalis\u00e9es innovantes et de qualit\u00e9 en concevant des machines sur mesure pour diff\u00e9rents types d'usinage et secteurs industriels.\",\"breadcrumb\":{\"@id\":\"https:\/\/gbcspa.com\/fr\/produits-personnalises\/#breadcrumb\"},\"inLanguage\":\"fr-FR\",\"potentialAction\":[{\"@type\":\"ReadAction\",\"target\":[\"https:\/\/gbcspa.com\/fr\/produits-personnalises\/\"]}]},{\"@type\":\"ImageObject\",\"inLanguage\":\"fr-FR\",\"@id\":\"https:\/\/gbcspa.com\/fr\/produits-personnalises\/#primaryimage\",\"url\":\"https:\/\/gbcspa.com\/wp-content\/uploads\/2025\/05\/G300M-Russia-1.webp\",\"contentUrl\":\"https:\/\/gbcspa.com\/wp-content\/uploads\/2025\/05\/G300M-Russia-1.webp\"},{\"@type\":\"BreadcrumbList\",\"@id\":\"https:\/\/gbcspa.com\/fr\/produits-personnalises\/#breadcrumb\",\"itemListElement\":[{\"@type\":\"ListItem\",\"position\":1,\"name\":\"Home\",\"item\":\"https:\/\/gbcspa.com\/\"},{\"@type\":\"ListItem\",\"position\":2,\"name\":\"Produits personnalis\u00e9s\"}]},{\"@type\":\"WebSite\",\"@id\":\"https:\/\/gbcspa.com\/#website\",\"url\":\"https:\/\/gbcspa.com\/\",\"name\":\"G.B.C. spa\",\"description\":\"\",\"publisher\":{\"@id\":\"https:\/\/gbcspa.com\/#organization\"},\"potentialAction\":[{\"@type\":\"SearchAction\",\"target\":{\"@type\":\"EntryPoint\",\"urlTemplate\":\"https:\/\/gbcspa.com\/?s={search_term_string}\"},\"query-input\":{\"@type\":\"PropertyValueSpecification\",\"valueRequired\":true,\"valueName\":\"search_term_string\"}}],\"inLanguage\":\"fr-FR\"},{\"@type\":\"Organization\",\"@id\":\"https:\/\/gbcspa.com\/#organization\",\"name\":\"G.B.C. spa\",\"url\":\"https:\/\/gbcspa.com\/\",\"logo\":{\"@type\":\"ImageObject\",\"inLanguage\":\"fr-FR\",\"@id\":\"https:\/\/gbcspa.com\/#\/schema\/logo\/image\/\",\"url\":\"https:\/\/gbcspa.com\/wp-content\/uploads\/2025\/03\/gbc-logo-r-203.png\",\"contentUrl\":\"https:\/\/gbcspa.com\/wp-content\/uploads\/2025\/03\/gbc-logo-r-203.png\",\"width\":203,\"height\":60,\"caption\":\"G.B.C. spa\"},\"image\":{\"@id\":\"https:\/\/gbcspa.com\/#\/schema\/logo\/image\/\"},\"sameAs\":[\"https:\/\/www.facebook.com\/GBCIndustrialToolsSpa\/\",\"https:\/\/www.instagram.com\/gbcindustrialtoolsspa\/\",\"https:\/\/www.youtube.com\/channel\/UCP_FNB0-J8aJfP4bGhJ-cOw\",\"https:\/\/www.linkedin.com\/company\/gbcindustrialtools\/\"]}]}<\/script>\n<!-- \/ Yoast SEO plugin. -->","yoast_head_json":{"title":"Produits personnalis\u00e9s d\u00e9coupe de tubes m\u00e9talliques et t\u00f4les | G.B.C.","description":"G.B.C. propose des solutions personnalis\u00e9es innovantes et de qualit\u00e9 en concevant des machines sur mesure pour diff\u00e9rents types d'usinage et secteurs industriels.","robots":{"index":"index","follow":"follow","max-snippet":"max-snippet:-1","max-image-preview":"max-image-preview:large","max-video-preview":"max-video-preview:-1"},"canonical":"https:\/\/gbcspa.com\/fr\/produits-personnalises\/","og_locale":"fr_FR","og_type":"article","og_title":"Produits personnalis\u00e9s d\u00e9coupe de tubes m\u00e9talliques et t\u00f4les | G.B.C.","og_description":"G.B.C. propose des solutions personnalis\u00e9es innovantes et de qualit\u00e9 en concevant des machines sur mesure pour diff\u00e9rents types d'usinage et secteurs industriels.","og_url":"https:\/\/gbcspa.com\/fr\/produits-personnalises\/","og_site_name":"GBC SpA","article_publisher":"https:\/\/www.facebook.com\/GBCIndustrialToolsSpa\/","article_modified_time":"2026-03-10T10:46:36+00:00","og_image":[{"width":582,"height":455,"url":"https:\/\/gbcspa.com\/wp-content\/uploads\/2025\/05\/G300M-Russia-1.webp","type":"image\/webp"}],"twitter_card":"summary_large_image","twitter_misc":{"Dur\u00e9e de lecture estim\u00e9e":"5 minutes"},"schema":{"@context":"https:\/\/schema.org","@graph":[{"@type":"WebPage","@id":"https:\/\/gbcspa.com\/fr\/produits-personnalises\/","url":"https:\/\/gbcspa.com\/fr\/produits-personnalises\/","name":"Produits personnalis\u00e9s d\u00e9coupe de tubes m\u00e9talliques et t\u00f4les | G.B.C.","isPartOf":{"@id":"https:\/\/gbcspa.com\/#website"},"primaryImageOfPage":{"@id":"https:\/\/gbcspa.com\/fr\/produits-personnalises\/#primaryimage"},"image":{"@id":"https:\/\/gbcspa.com\/fr\/produits-personnalises\/#primaryimage"},"thumbnailUrl":"https:\/\/gbcspa.com\/wp-content\/uploads\/2025\/05\/G300M-Russia-1.webp","datePublished":"2025-02-14T10:21:28+00:00","dateModified":"2026-03-10T10:46:36+00:00","description":"G.B.C. propose des solutions personnalis\u00e9es innovantes et de qualit\u00e9 en concevant des machines sur mesure pour diff\u00e9rents types d'usinage et secteurs industriels.","breadcrumb":{"@id":"https:\/\/gbcspa.com\/fr\/produits-personnalises\/#breadcrumb"},"inLanguage":"fr-FR","potentialAction":[{"@type":"ReadAction","target":["https:\/\/gbcspa.com\/fr\/produits-personnalises\/"]}]},{"@type":"ImageObject","inLanguage":"fr-FR","@id":"https:\/\/gbcspa.com\/fr\/produits-personnalises\/#primaryimage","url":"https:\/\/gbcspa.com\/wp-content\/uploads\/2025\/05\/G300M-Russia-1.webp","contentUrl":"https:\/\/gbcspa.com\/wp-content\/uploads\/2025\/05\/G300M-Russia-1.webp"},{"@type":"BreadcrumbList","@id":"https:\/\/gbcspa.com\/fr\/produits-personnalises\/#breadcrumb","itemListElement":[{"@type":"ListItem","position":1,"name":"Home","item":"https:\/\/gbcspa.com\/"},{"@type":"ListItem","position":2,"name":"Produits personnalis\u00e9s"}]},{"@type":"WebSite","@id":"https:\/\/gbcspa.com\/#website","url":"https:\/\/gbcspa.com\/","name":"G.B.C. spa","description":"","publisher":{"@id":"https:\/\/gbcspa.com\/#organization"},"potentialAction":[{"@type":"SearchAction","target":{"@type":"EntryPoint","urlTemplate":"https:\/\/gbcspa.com\/?s={search_term_string}"},"query-input":{"@type":"PropertyValueSpecification","valueRequired":true,"valueName":"search_term_string"}}],"inLanguage":"fr-FR"},{"@type":"Organization","@id":"https:\/\/gbcspa.com\/#organization","name":"G.B.C. spa","url":"https:\/\/gbcspa.com\/","logo":{"@type":"ImageObject","inLanguage":"fr-FR","@id":"https:\/\/gbcspa.com\/#\/schema\/logo\/image\/","url":"https:\/\/gbcspa.com\/wp-content\/uploads\/2025\/03\/gbc-logo-r-203.png","contentUrl":"https:\/\/gbcspa.com\/wp-content\/uploads\/2025\/03\/gbc-logo-r-203.png","width":203,"height":60,"caption":"G.B.C. spa"},"image":{"@id":"https:\/\/gbcspa.com\/#\/schema\/logo\/image\/"},"sameAs":["https:\/\/www.facebook.com\/GBCIndustrialToolsSpa\/","https:\/\/www.instagram.com\/gbcindustrialtoolsspa\/","https:\/\/www.youtube.com\/channel\/UCP_FNB0-J8aJfP4bGhJ-cOw","https:\/\/www.linkedin.com\/company\/gbcindustrialtools\/"]}]}},"_links":{"self":[{"href":"https:\/\/gbcspa.com\/fr\/wp-json\/wp\/v2\/pages\/6596","targetHints":{"allow":["GET"]}}],"collection":[{"href":"https:\/\/gbcspa.com\/fr\/wp-json\/wp\/v2\/pages"}],"about":[{"href":"https:\/\/gbcspa.com\/fr\/wp-json\/wp\/v2\/types\/page"}],"author":[{"embeddable":true,"href":"https:\/\/gbcspa.com\/fr\/wp-json\/wp\/v2\/users\/2"}],"replies":[{"embeddable":true,"href":"https:\/\/gbcspa.com\/fr\/wp-json\/wp\/v2\/comments?post=6596"}],"version-history":[{"count":2,"href":"https:\/\/gbcspa.com\/fr\/wp-json\/wp\/v2\/pages\/6596\/revisions"}],"predecessor-version":[{"id":7690,"href":"https:\/\/gbcspa.com\/fr\/wp-json\/wp\/v2\/pages\/6596\/revisions\/7690"}],"wp:attachment":[{"href":"https:\/\/gbcspa.com\/fr\/wp-json\/wp\/v2\/media?parent=6596"}],"curies":[{"name":"wp","href":"https:\/\/api.w.org\/{rel}","templated":true}]}}