{"id":6595,"date":"2025-03-10T10:28:43","date_gmt":"2025-03-10T09:28:43","guid":{"rendered":"https:\/\/gbcspa.com\/location-de-produits\/"},"modified":"2026-03-10T12:08:10","modified_gmt":"2026-03-10T11:08:10","slug":"location-de-produits","status":"publish","type":"page","link":"https:\/\/gbcspa.com\/fr\/location-de-produits\/","title":{"rendered":"Location de produits"},"content":{"rendered":"<p>&nbsp;<\/p>\n<h2>Le nouveau service de location de produits de G.B.C. Service S.r.l. : la solution flexible pour vos besoins<\/h2>\n<p>G.B.C. Service S.r.l. est ravi de lancer officiellement son nouveau service de location de produits, con\u00e7u pour r\u00e9pondre aux besoins en constante \u00e9volution du secteur industriel. Face \u00e0 la demande croissante de solutions temporaires et efficaces, nous sommes toujours aux c\u00f4t\u00e9s de nos clients, leur offrant des r\u00e9ponses rapides, une disponibilit\u00e9 imm\u00e9diate des \u00e9quipements et un soutien continu sans \u00e9gal.<\/p>\n<p>Au cours des derniers mois, nous avons travaill\u00e9 sans rel\u00e2che pour perfectionner l&rsquo;exp\u00e9rience globale de nos clients. Aujourd&rsquo;hui, avec le service de location G.B.C. Service S.r.l., nous portons notre attention sur le client \u00e0 un niveau sup\u00e9rieur, en offrant des solutions encore plus accessibles et personnalis\u00e9es.<\/p>\n<p>&nbsp;<\/p>\n<h3>Pourquoi choisir le service de location de produits G.B.C. Service S.r.l. ?<\/h3>\n<p>\u00c0 partir de 2025, notre service de location repr\u00e9sente une alternative pratique et avantageuse \u00e0 l&rsquo;achat direct, permettant \u00e0 nos clients d&rsquo;acc\u00e9der \u00e0 des produits de haute qualit\u00e9 avec un investissement mod\u00e9r\u00e9. Voici quelques-uns des principaux avantages offerts par notre service de location :<\/p>\n<p><center><br \/>\n<img loading=\"lazy\" decoding=\"async\" width=\"115\" height=\"115\" class=\"alignnone wp-image-5018 size-full img-fluid \" src=\"https:\/\/gbcspa.com\/wp-content\/uploads\/2025\/05\/Choice-1.png\" alt=\"\" \/>\u00a0 \u00a0 \u00a0 \u00a0 \u00a0 \u00a0 \u00a0 \u00a0 <img loading=\"lazy\" decoding=\"async\" width=\"115\" height=\"115\" class=\"alignnone wp-image-669 size-full img-fluid \" src=\"https:\/\/gbcspa.com\/wp-content\/uploads\/2025\/03\/Savings-1-e1737107983701.webp\" alt=\"gbc servizio noleggio prodotti risparmio economico\" \/>\u00a0 \u00a0 \u00a0 \u00a0 \u00a0 \u00a0 \u00a0 \u00a0 <img loading=\"lazy\" decoding=\"async\" width=\"115\" height=\"115\" class=\"alignnone wp-image-657 size-full img-fluid \" src=\"https:\/\/gbcspa.com\/wp-content\/uploads\/2025\/03\/Availability-e1737107861196.webp\" alt=\"gbc disponibilit\u00e0 immediata\" \/>\u00a0 \u00a0 \u00a0 \u00a0 \u00a0 \u00a0 \u00a0 \u00a0 \u00a0<img loading=\"lazy\" decoding=\"async\" width=\"115\" height=\"115\" class=\"alignnone wp-image-666 size-full img-fluid \" src=\"https:\/\/gbcspa.com\/wp-content\/uploads\/2025\/03\/Maintenance-e1737108048613.webp\" alt=\"gbc servizio noleggio prodotti manutenzione inclusa\" \/>\u00a0 \u00a0 \u00a0 \u00a0 \u00a0 \u00a0 \u00a0 \u00a0 <img loading=\"lazy\" decoding=\"async\" width=\"115\" height=\"115\" class=\"alignnone wp-image-663 size-full img-fluid \" src=\"https:\/\/gbcspa.com\/wp-content\/uploads\/2025\/03\/Equipment-testing-e1737108133317.webp\" alt=\"gbc servizio noleggio prodotti test delle attrezzature\" \/><\/center><\/p>\n<ul>\n<li><strong>Flexibilit\u00e9 et accessibilit\u00e9<\/strong> : louer avec G.B.C. est simple et sans engagement \u00e0 long terme. Vous pouvez facilement choisir l&rsquo;\u00e9quipement dont vous avez besoin, avec une flexibilit\u00e9 maximale pour optimiser votre travail.<\/li>\n<li><strong>\u00c9conomies<\/strong> : avec la location, vous ne payez que pour le temps d&rsquo;utilisation effectif de l&rsquo;\u00e9quipement, sans frais cach\u00e9s ni complications li\u00e9es au stockage. Un moyen pratique et \u00e9conomique de faire des \u00e9conomies.<\/li>\n<li><strong>Disponibilit\u00e9 imm\u00e9diate<\/strong> : gr\u00e2ce \u00e0 notre service de location, vous aurez acc\u00e8s aux machines ad\u00e9quates quand vous en avez besoin, ce qui am\u00e9liore l&rsquo;efficacit\u00e9 op\u00e9rationnelle et r\u00e9duit les temps d&rsquo;arr\u00eat.<\/li>\n<li><strong>Entretien inclus<\/strong> : notre \u00e9quipement est constamment entretenu pour garantir des performances \u00e9lev\u00e9es et une fiabilit\u00e9 \u00e0 chaque \u00e9tape du travail. La location vous offre la tranquillit\u00e9 d&rsquo;esprit de travailler avec des outils toujours au top.<\/li>\n<li><strong>Test de l&rsquo;\u00e9quipement<\/strong> : notre service de location vous permet de tester diff\u00e9rentes machines avant de faire votre choix d\u00e9finitif. Une solution id\u00e9ale pour \u00e9valuer la machine qui convient \u00e0 vos besoins, sans engagement \u00e0 long terme.<\/li>\n<\/ul>\n<p>&nbsp;<\/p>\n<h3>En plus : plus de flexibilit\u00e9 et d&rsquo;assistance pour votre entreprise<\/h3>\n<p>G.B.C. Service S.r.l. vous offre une flexibilit\u00e9 in\u00e9gal\u00e9e, vous permettant de louer des produits \u00e0 court, moyen ou long terme, en fonction des besoins de votre entreprise. Cette approche vous garantit des solutions sur mesure pour chaque projet, rendant la gestion de vos ressources plus agile et plus pratique.<\/p>\n<p><center><img loading=\"lazy\" decoding=\"async\" width=\"582\" height=\"455\" class=\"alignnone wp-image-5024 img-fluid \" src=\"https:\/\/gbcspa.com\/wp-content\/uploads\/2025\/05\/G400.webp\" alt=\"\" \/><\/center>&nbsp;<\/p>\n<h3><\/h3>\n<h3>Collaborer pour r\u00e9ussir<\/h3>\n<p>En louant chez G.B.C. Service S.r.l., vous aurez non seulement acc\u00e8s \u00e0 des technologies de pointe, mais vous b\u00e9n\u00e9ficierez \u00e9galement d&rsquo;une assistance compl\u00e8te pour garantir des performances optimales. Voici quelques-uns des principaux avantages exclusifs :<\/p>\n<ul>\n<li><strong>Formation par des experts<\/strong> : nous proposons des programmes de formation complets pour garantir une utilisation s\u00fbre et efficace des \u00e9quipements. Avec l&rsquo;aide de nos experts, vous pourrez optimiser chaque \u00e9tape de votre travail et am\u00e9liorer les comp\u00e9tences de votre \u00e9quipe.<\/li>\n<li><strong>Service client am\u00e9lior\u00e9<\/strong> : notre \u00e9quipe d&rsquo;assistance d\u00e9di\u00e9e est toujours pr\u00eate \u00e0 r\u00e9pondre \u00e0 vos besoins, en fournissant des solutions rapides et personnalis\u00e9es pour chaque situation. Notre assistance est toujours disponible pour garantir une gestion sans heurts.<\/li>\n<li><strong>Solutions pour une efficacit\u00e9 et une durabilit\u00e9 accrues<\/strong> : gr\u00e2ce \u00e0 notre r\u00e9seau en constante expansion et \u00e0 notre flotte de location exceptionnelle, G.B.C. Service S.r.l. s&rsquo;engage \u00e0 am\u00e9liorer la durabilit\u00e9 et l&rsquo;efficacit\u00e9 des entreprises, en les aidant \u00e0 rester comp\u00e9titives, innovantes et \u00e0 la hauteur des d\u00e9fis du march\u00e9.<\/li>\n<\/ul>\n<p>&nbsp;<\/p>\n<h3><\/h3>\n<h3>Un choix strat\u00e9gique pour votre r\u00e9ussite<\/h3>\n<p>Notre service de location n&rsquo;est pas seulement une alternative \u00e9conomique, mais un choix strat\u00e9gique pour les entreprises qui souhaitent rester flexibles, comp\u00e9titives et toujours \u00e0 la pointe des derni\u00e8res technologies. Gr\u00e2ce \u00e0 sa flexibilit\u00e9, \u00e0 sa formation et \u00e0 son assistance continue, G.B.C. Service S.r.l. vous aidera \u00e0 atteindre vos objectifs avec efficacit\u00e9 et succ\u00e8s.<\/p>\n<p>&nbsp;<\/p>\n<h3>Contactez-nous d\u00e8s aujourd&rsquo;hui pour en savoir plus sur notre service de location de produits<\/h3>\n<p>Pour nous contacter et d\u00e9couvrir toutes les solutions de location que nous proposons, envoyez un e-mail \u00e0 <a href=\"mailto:sales@gbcspa.com\">sales@gbcspa.com.<\/a> Notre \u00e9quipe commerciale est \u00e0 votre disposition pour vous aider.<\/p>\n<p><a href=\"https:\/\/gbcspa.com\/fr\/categories-produits\/\">Cliquez ici<\/a> pour d\u00e9couvrir les produits G.B.C. Service S.r.l. les mieux adapt\u00e9s \u00e0 vos besoins de location et demander plus de d\u00e9tails.<\/p>\n<p>&nbsp;<\/p>\n","protected":false},"excerpt":{"rendered":"<p>&nbsp; Le nouveau service de location de produits de G.B.C. Service S.r.l. : la solution flexible pour vos besoins G.B.C. Service S.r.l. est ravi de lancer officiellement son nouveau service de location de produits, con\u00e7u pour r\u00e9pondre aux besoins en constante \u00e9volution du secteur industriel. Face \u00e0 la demande croissante de solutions temporaires et efficaces,&#8230;  <a href=\"https:\/\/gbcspa.com\/fr\/location-de-produits\/\" class=\"more-link\" title=\"Read Location de produits\">Read More &raquo;<\/a><\/p>\n","protected":false},"author":3,"featured_media":0,"parent":0,"menu_order":0,"comment_status":"closed","ping_status":"closed","template":"","meta":{"_acf_changed":false,"footnotes":""},"class_list":["post-6595","page","type-page","status-publish","hentry"],"acf":[],"yoast_head":"<!-- This site is optimized with the Yoast SEO plugin v27.1.1 - https:\/\/yoast.com\/product\/yoast-seo-wordpress\/ -->\n<title>Location de produits | G.B.C.<\/title>\n<meta name=\"description\" content=\"Service de location de produits G.B.C. d&#039;\u00e9quipements de qualit\u00e9. Flexibilit\u00e9, \u00e9conomies, disponibilit\u00e9 imm\u00e9diate et assistance compl\u00e8te.\" \/>\n<meta name=\"robots\" content=\"index, follow, max-snippet:-1, max-image-preview:large, max-video-preview:-1\" \/>\n<link rel=\"canonical\" href=\"https:\/\/gbcspa.com\/fr\/location-de-produits\/\" \/>\n<meta property=\"og:locale\" content=\"fr_FR\" \/>\n<meta property=\"og:type\" content=\"article\" \/>\n<meta property=\"og:title\" content=\"Location de produits | G.B.C.\" \/>\n<meta property=\"og:description\" content=\"Service de location de produits G.B.C. d&#039;\u00e9quipements de qualit\u00e9. Flexibilit\u00e9, \u00e9conomies, disponibilit\u00e9 imm\u00e9diate et assistance compl\u00e8te.\" \/>\n<meta property=\"og:url\" content=\"https:\/\/gbcspa.com\/fr\/location-de-produits\/\" \/>\n<meta property=\"og:site_name\" content=\"GBC SpA\" \/>\n<meta property=\"article:publisher\" content=\"https:\/\/www.facebook.com\/GBCIndustrialToolsSpa\/\" \/>\n<meta property=\"article:modified_time\" content=\"2026-03-10T11:08:10+00:00\" \/>\n<meta property=\"og:image\" content=\"https:\/\/gbcspa.com\/wp-content\/uploads\/2025\/05\/Choice-1.png\" \/>\n\t<meta property=\"og:image:width\" content=\"115\" \/>\n\t<meta property=\"og:image:height\" content=\"115\" \/>\n\t<meta property=\"og:image:type\" content=\"image\/png\" \/>\n<meta name=\"twitter:card\" content=\"summary_large_image\" \/>\n<meta name=\"twitter:label1\" content=\"Dur\u00e9e de lecture estim\u00e9e\" \/>\n\t<meta name=\"twitter:data1\" content=\"5 minutes\" \/>\n<script type=\"application\/ld+json\" class=\"yoast-schema-graph\">{\"@context\":\"https:\/\/schema.org\",\"@graph\":[{\"@type\":\"WebPage\",\"@id\":\"https:\/\/gbcspa.com\/fr\/location-de-produits\/\",\"url\":\"https:\/\/gbcspa.com\/fr\/location-de-produits\/\",\"name\":\"Location de produits | G.B.C.\",\"isPartOf\":{\"@id\":\"https:\/\/gbcspa.com\/#website\"},\"primaryImageOfPage\":{\"@id\":\"https:\/\/gbcspa.com\/fr\/location-de-produits\/#primaryimage\"},\"image\":{\"@id\":\"https:\/\/gbcspa.com\/fr\/location-de-produits\/#primaryimage\"},\"thumbnailUrl\":\"https:\/\/gbcspa.com\/wp-content\/uploads\/2025\/05\/Choice-1.png\",\"datePublished\":\"2025-03-10T09:28:43+00:00\",\"dateModified\":\"2026-03-10T11:08:10+00:00\",\"description\":\"Service de location de produits G.B.C. d'\u00e9quipements de qualit\u00e9. Flexibilit\u00e9, \u00e9conomies, disponibilit\u00e9 imm\u00e9diate et assistance compl\u00e8te.\",\"breadcrumb\":{\"@id\":\"https:\/\/gbcspa.com\/fr\/location-de-produits\/#breadcrumb\"},\"inLanguage\":\"fr-FR\",\"potentialAction\":[{\"@type\":\"ReadAction\",\"target\":[\"https:\/\/gbcspa.com\/fr\/location-de-produits\/\"]}]},{\"@type\":\"ImageObject\",\"inLanguage\":\"fr-FR\",\"@id\":\"https:\/\/gbcspa.com\/fr\/location-de-produits\/#primaryimage\",\"url\":\"https:\/\/gbcspa.com\/wp-content\/uploads\/2025\/05\/Choice-1.png\",\"contentUrl\":\"https:\/\/gbcspa.com\/wp-content\/uploads\/2025\/05\/Choice-1.png\"},{\"@type\":\"BreadcrumbList\",\"@id\":\"https:\/\/gbcspa.com\/fr\/location-de-produits\/#breadcrumb\",\"itemListElement\":[{\"@type\":\"ListItem\",\"position\":1,\"name\":\"Home\",\"item\":\"https:\/\/gbcspa.com\/\"},{\"@type\":\"ListItem\",\"position\":2,\"name\":\"Location de produits\"}]},{\"@type\":\"WebSite\",\"@id\":\"https:\/\/gbcspa.com\/#website\",\"url\":\"https:\/\/gbcspa.com\/\",\"name\":\"G.B.C. spa\",\"description\":\"\",\"publisher\":{\"@id\":\"https:\/\/gbcspa.com\/#organization\"},\"potentialAction\":[{\"@type\":\"SearchAction\",\"target\":{\"@type\":\"EntryPoint\",\"urlTemplate\":\"https:\/\/gbcspa.com\/?s={search_term_string}\"},\"query-input\":{\"@type\":\"PropertyValueSpecification\",\"valueRequired\":true,\"valueName\":\"search_term_string\"}}],\"inLanguage\":\"fr-FR\"},{\"@type\":\"Organization\",\"@id\":\"https:\/\/gbcspa.com\/#organization\",\"name\":\"G.B.C. spa\",\"url\":\"https:\/\/gbcspa.com\/\",\"logo\":{\"@type\":\"ImageObject\",\"inLanguage\":\"fr-FR\",\"@id\":\"https:\/\/gbcspa.com\/#\/schema\/logo\/image\/\",\"url\":\"https:\/\/gbcspa.com\/wp-content\/uploads\/2025\/03\/gbc-logo-r-203.png\",\"contentUrl\":\"https:\/\/gbcspa.com\/wp-content\/uploads\/2025\/03\/gbc-logo-r-203.png\",\"width\":203,\"height\":60,\"caption\":\"G.B.C. spa\"},\"image\":{\"@id\":\"https:\/\/gbcspa.com\/#\/schema\/logo\/image\/\"},\"sameAs\":[\"https:\/\/www.facebook.com\/GBCIndustrialToolsSpa\/\",\"https:\/\/www.instagram.com\/gbcindustrialtoolsspa\/\",\"https:\/\/www.youtube.com\/channel\/UCP_FNB0-J8aJfP4bGhJ-cOw\",\"https:\/\/www.linkedin.com\/company\/gbcindustrialtools\/\"]}]}<\/script>\n<!-- \/ Yoast SEO plugin. -->","yoast_head_json":{"title":"Location de produits | G.B.C.","description":"Service de location de produits G.B.C. d'\u00e9quipements de qualit\u00e9. Flexibilit\u00e9, \u00e9conomies, disponibilit\u00e9 imm\u00e9diate et assistance compl\u00e8te.","robots":{"index":"index","follow":"follow","max-snippet":"max-snippet:-1","max-image-preview":"max-image-preview:large","max-video-preview":"max-video-preview:-1"},"canonical":"https:\/\/gbcspa.com\/fr\/location-de-produits\/","og_locale":"fr_FR","og_type":"article","og_title":"Location de produits | G.B.C.","og_description":"Service de location de produits G.B.C. d'\u00e9quipements de qualit\u00e9. Flexibilit\u00e9, \u00e9conomies, disponibilit\u00e9 imm\u00e9diate et assistance compl\u00e8te.","og_url":"https:\/\/gbcspa.com\/fr\/location-de-produits\/","og_site_name":"GBC SpA","article_publisher":"https:\/\/www.facebook.com\/GBCIndustrialToolsSpa\/","article_modified_time":"2026-03-10T11:08:10+00:00","og_image":[{"width":115,"height":115,"url":"https:\/\/gbcspa.com\/wp-content\/uploads\/2025\/05\/Choice-1.png","type":"image\/png"}],"twitter_card":"summary_large_image","twitter_misc":{"Dur\u00e9e de lecture estim\u00e9e":"5 minutes"},"schema":{"@context":"https:\/\/schema.org","@graph":[{"@type":"WebPage","@id":"https:\/\/gbcspa.com\/fr\/location-de-produits\/","url":"https:\/\/gbcspa.com\/fr\/location-de-produits\/","name":"Location de produits | G.B.C.","isPartOf":{"@id":"https:\/\/gbcspa.com\/#website"},"primaryImageOfPage":{"@id":"https:\/\/gbcspa.com\/fr\/location-de-produits\/#primaryimage"},"image":{"@id":"https:\/\/gbcspa.com\/fr\/location-de-produits\/#primaryimage"},"thumbnailUrl":"https:\/\/gbcspa.com\/wp-content\/uploads\/2025\/05\/Choice-1.png","datePublished":"2025-03-10T09:28:43+00:00","dateModified":"2026-03-10T11:08:10+00:00","description":"Service de location de produits G.B.C. d'\u00e9quipements de qualit\u00e9. Flexibilit\u00e9, \u00e9conomies, disponibilit\u00e9 imm\u00e9diate et assistance compl\u00e8te.","breadcrumb":{"@id":"https:\/\/gbcspa.com\/fr\/location-de-produits\/#breadcrumb"},"inLanguage":"fr-FR","potentialAction":[{"@type":"ReadAction","target":["https:\/\/gbcspa.com\/fr\/location-de-produits\/"]}]},{"@type":"ImageObject","inLanguage":"fr-FR","@id":"https:\/\/gbcspa.com\/fr\/location-de-produits\/#primaryimage","url":"https:\/\/gbcspa.com\/wp-content\/uploads\/2025\/05\/Choice-1.png","contentUrl":"https:\/\/gbcspa.com\/wp-content\/uploads\/2025\/05\/Choice-1.png"},{"@type":"BreadcrumbList","@id":"https:\/\/gbcspa.com\/fr\/location-de-produits\/#breadcrumb","itemListElement":[{"@type":"ListItem","position":1,"name":"Home","item":"https:\/\/gbcspa.com\/"},{"@type":"ListItem","position":2,"name":"Location de produits"}]},{"@type":"WebSite","@id":"https:\/\/gbcspa.com\/#website","url":"https:\/\/gbcspa.com\/","name":"G.B.C. spa","description":"","publisher":{"@id":"https:\/\/gbcspa.com\/#organization"},"potentialAction":[{"@type":"SearchAction","target":{"@type":"EntryPoint","urlTemplate":"https:\/\/gbcspa.com\/?s={search_term_string}"},"query-input":{"@type":"PropertyValueSpecification","valueRequired":true,"valueName":"search_term_string"}}],"inLanguage":"fr-FR"},{"@type":"Organization","@id":"https:\/\/gbcspa.com\/#organization","name":"G.B.C. spa","url":"https:\/\/gbcspa.com\/","logo":{"@type":"ImageObject","inLanguage":"fr-FR","@id":"https:\/\/gbcspa.com\/#\/schema\/logo\/image\/","url":"https:\/\/gbcspa.com\/wp-content\/uploads\/2025\/03\/gbc-logo-r-203.png","contentUrl":"https:\/\/gbcspa.com\/wp-content\/uploads\/2025\/03\/gbc-logo-r-203.png","width":203,"height":60,"caption":"G.B.C. spa"},"image":{"@id":"https:\/\/gbcspa.com\/#\/schema\/logo\/image\/"},"sameAs":["https:\/\/www.facebook.com\/GBCIndustrialToolsSpa\/","https:\/\/www.instagram.com\/gbcindustrialtoolsspa\/","https:\/\/www.youtube.com\/channel\/UCP_FNB0-J8aJfP4bGhJ-cOw","https:\/\/www.linkedin.com\/company\/gbcindustrialtools\/"]}]}},"_links":{"self":[{"href":"https:\/\/gbcspa.com\/fr\/wp-json\/wp\/v2\/pages\/6595","targetHints":{"allow":["GET"]}}],"collection":[{"href":"https:\/\/gbcspa.com\/fr\/wp-json\/wp\/v2\/pages"}],"about":[{"href":"https:\/\/gbcspa.com\/fr\/wp-json\/wp\/v2\/types\/page"}],"author":[{"embeddable":true,"href":"https:\/\/gbcspa.com\/fr\/wp-json\/wp\/v2\/users\/3"}],"replies":[{"embeddable":true,"href":"https:\/\/gbcspa.com\/fr\/wp-json\/wp\/v2\/comments?post=6595"}],"version-history":[{"count":4,"href":"https:\/\/gbcspa.com\/fr\/wp-json\/wp\/v2\/pages\/6595\/revisions"}],"predecessor-version":[{"id":7696,"href":"https:\/\/gbcspa.com\/fr\/wp-json\/wp\/v2\/pages\/6595\/revisions\/7696"}],"wp:attachment":[{"href":"https:\/\/gbcspa.com\/fr\/wp-json\/wp\/v2\/media?parent=6595"}],"curies":[{"name":"wp","href":"https:\/\/api.w.org\/{rel}","templated":true}]}}