{"id":6594,"date":"2025-03-01T12:07:02","date_gmt":"2025-03-01T11:07:02","guid":{"rendered":"https:\/\/gbcspa.com\/qui-sommes-nous\/"},"modified":"2026-03-10T11:38:12","modified_gmt":"2026-03-10T10:38:12","slug":"qui-sommes-nous","status":"publish","type":"page","link":"https:\/\/gbcspa.com\/fr\/qui-sommes-nous\/","title":{"rendered":"Qui sommes-nous"},"content":{"rendered":"<div style=\"margin-left: 40px;\">\n<p>Depuis plus de quarante ans, G.B.C. est <strong>leader dans le secteur de la coupe et du chanfreinage des tubes m\u00e9talliques et des t\u00f4les<\/strong>. Nos produits, synonymes de fiabilit\u00e9, d&rsquo;innovation et de technologie de pointe, comprennent des coupe-tubes, des fraiseuses \u00e0 tubes, des chanfreineuses et des machines \u00e0 brides, appr\u00e9ci\u00e9s et reconnus dans le monde entier. De plus, G.B.C. se distingue par son leadership solide dans les secteurs du p\u00e9trole et du gaz, des infrastructures, de l&rsquo;amont, de l&rsquo;offshore, de la p\u00e9trochimie, du raffinage, des gazoducs et des ol\u00e9oducs, des fabricants de tubes, des \u00e9changeurs de chaleur, de la construction navale et des \u00e9oliennes, gr\u00e2ce \u00e0 l&rsquo;innovation continue et \u00e0 la fiabilit\u00e9 de ses solutions.<\/p>\n<p>Fond\u00e9e en 1981 par l&rsquo;ing\u00e9nieur Bruno Giottoli, G.B.C. a b\u00e2ti son succ\u00e8s sur un engagement constant en faveur de la qualit\u00e9 italienne. L&rsquo;entreprise mise \u00e9galement sur l&rsquo;<strong>innovation technologique<\/strong> et offre un service d&rsquo;<strong>assistance apr\u00e8s-vente<\/strong> qui garantit une efficacit\u00e9 op\u00e9rationnelle maximale. Gr\u00e2ce \u00e0 cette approche, G.B.C. s&rsquo;est impos\u00e9e comme une r\u00e9f\u00e9rence sur le march\u00e9 mondial de la d\u00e9coupe et du chanfreinage de tubes et de t\u00f4les, r\u00e9pondant aux besoins de clients toujours plus exigeants.<\/p>\n<p>De plus, gr\u00e2ce \u00e0 la technologie de pointe et \u00e0 la qualit\u00e9 sup\u00e9rieure de nos produits, G.B.C. a conquis de nombreux march\u00e9s internationaux. Chaque machine, enti\u00e8rement con\u00e7ue et fabriqu\u00e9e en Italie, est con\u00e7ue pour offrir <strong>des performances \u00e9lev\u00e9es, une grande pr\u00e9cision et une longue dur\u00e9e de vie<\/strong>. Cela a consolid\u00e9 la r\u00e9putation de G.B.C. en tant que symbole d&rsquo;excellence dans le secteur.<\/p>\n<p>En 2016, G.B.C. a centralis\u00e9 ses op\u00e9rations dans une nouvelle structure moderne \u00e0 Cazzago San Martino. Cet investissement a am\u00e9lior\u00e9 l&rsquo;efficacit\u00e9 de la production et renforc\u00e9 l&rsquo;engagement de G.B.C. en faveur de l&rsquo;innovation technologique, lui permettant de r\u00e9pondre rapidement aux nouveaux d\u00e9fis du march\u00e9 mondial.<\/p>\n<\/div>\n","protected":false},"excerpt":{"rendered":"<p>Depuis plus de quarante ans, G.B.C. est leader dans le secteur de la coupe et du chanfreinage des tubes m\u00e9talliques et des t\u00f4les. Nos produits, synonymes de fiabilit\u00e9, d&rsquo;innovation et de technologie de pointe, comprennent des coupe-tubes, des fraiseuses \u00e0 tubes, des chanfreineuses et des machines \u00e0 brides, appr\u00e9ci\u00e9s et reconnus dans le monde entier&#8230;.  <a href=\"https:\/\/gbcspa.com\/fr\/qui-sommes-nous\/\" class=\"more-link\" title=\"Read Qui sommes-nous\">Read More &raquo;<\/a><\/p>\n","protected":false},"author":2,"featured_media":0,"parent":0,"menu_order":0,"comment_status":"closed","ping_status":"closed","template":"page-chi-siamo.php","meta":{"_acf_changed":false,"footnotes":""},"class_list":["post-6594","page","type-page","status-publish","hentry"],"acf":[],"yoast_head":"<!-- This site is optimized with the Yoast SEO plugin v27.1.1 - https:\/\/yoast.com\/product\/yoast-seo-wordpress\/ -->\n<title>Qui sommes-nous | G.B.C. Industrial Tools<\/title>\n<meta name=\"description\" content=\"G.B.C. propose des solutions innovantes Made in Italy pour les secteurs industriel et p\u00e9trolier et gazier, les infrastructures, l&#039;amont, l&#039;offshore, la p\u00e9trochimie, le raffinage et autres.\" \/>\n<meta name=\"robots\" content=\"index, follow, max-snippet:-1, max-image-preview:large, max-video-preview:-1\" \/>\n<link rel=\"canonical\" href=\"https:\/\/gbcspa.com\/fr\/qui-sommes-nous\/\" \/>\n<meta property=\"og:locale\" content=\"fr_FR\" \/>\n<meta property=\"og:type\" content=\"article\" \/>\n<meta property=\"og:title\" content=\"Qui sommes-nous | G.B.C. Industrial Tools\" \/>\n<meta property=\"og:description\" content=\"G.B.C. propose des solutions innovantes Made in Italy pour les secteurs industriel et p\u00e9trolier et gazier, les infrastructures, l&#039;amont, l&#039;offshore, la p\u00e9trochimie, le raffinage et autres.\" \/>\n<meta property=\"og:url\" content=\"https:\/\/gbcspa.com\/fr\/qui-sommes-nous\/\" \/>\n<meta property=\"og:site_name\" content=\"GBC SpA\" \/>\n<meta property=\"article:publisher\" content=\"https:\/\/www.facebook.com\/GBCIndustrialToolsSpa\/\" \/>\n<meta property=\"article:modified_time\" content=\"2026-03-10T10:38:12+00:00\" \/>\n<meta name=\"twitter:card\" content=\"summary_large_image\" \/>\n<meta name=\"twitter:label1\" content=\"Dur\u00e9e de lecture estim\u00e9e\" \/>\n\t<meta name=\"twitter:data1\" content=\"2 minutes\" \/>\n<script type=\"application\/ld+json\" class=\"yoast-schema-graph\">{\"@context\":\"https:\/\/schema.org\",\"@graph\":[{\"@type\":\"WebPage\",\"@id\":\"https:\/\/gbcspa.com\/fr\/qui-sommes-nous\/\",\"url\":\"https:\/\/gbcspa.com\/fr\/qui-sommes-nous\/\",\"name\":\"Qui sommes-nous | G.B.C. Industrial Tools\",\"isPartOf\":{\"@id\":\"https:\/\/gbcspa.com\/#website\"},\"datePublished\":\"2025-03-01T11:07:02+00:00\",\"dateModified\":\"2026-03-10T10:38:12+00:00\",\"description\":\"G.B.C. propose des solutions innovantes Made in Italy pour les secteurs industriel et p\u00e9trolier et gazier, les infrastructures, l'amont, l'offshore, la p\u00e9trochimie, le raffinage et autres.\",\"breadcrumb\":{\"@id\":\"https:\/\/gbcspa.com\/fr\/qui-sommes-nous\/#breadcrumb\"},\"inLanguage\":\"fr-FR\",\"potentialAction\":[{\"@type\":\"ReadAction\",\"target\":[\"https:\/\/gbcspa.com\/fr\/qui-sommes-nous\/\"]}]},{\"@type\":\"BreadcrumbList\",\"@id\":\"https:\/\/gbcspa.com\/fr\/qui-sommes-nous\/#breadcrumb\",\"itemListElement\":[{\"@type\":\"ListItem\",\"position\":1,\"name\":\"Home\",\"item\":\"https:\/\/gbcspa.com\/\"},{\"@type\":\"ListItem\",\"position\":2,\"name\":\"Qui sommes-nous\"}]},{\"@type\":\"WebSite\",\"@id\":\"https:\/\/gbcspa.com\/#website\",\"url\":\"https:\/\/gbcspa.com\/\",\"name\":\"G.B.C. spa\",\"description\":\"\",\"publisher\":{\"@id\":\"https:\/\/gbcspa.com\/#organization\"},\"potentialAction\":[{\"@type\":\"SearchAction\",\"target\":{\"@type\":\"EntryPoint\",\"urlTemplate\":\"https:\/\/gbcspa.com\/?s={search_term_string}\"},\"query-input\":{\"@type\":\"PropertyValueSpecification\",\"valueRequired\":true,\"valueName\":\"search_term_string\"}}],\"inLanguage\":\"fr-FR\"},{\"@type\":\"Organization\",\"@id\":\"https:\/\/gbcspa.com\/#organization\",\"name\":\"G.B.C. spa\",\"url\":\"https:\/\/gbcspa.com\/\",\"logo\":{\"@type\":\"ImageObject\",\"inLanguage\":\"fr-FR\",\"@id\":\"https:\/\/gbcspa.com\/#\/schema\/logo\/image\/\",\"url\":\"https:\/\/gbcspa.com\/wp-content\/uploads\/2025\/03\/gbc-logo-r-203.png\",\"contentUrl\":\"https:\/\/gbcspa.com\/wp-content\/uploads\/2025\/03\/gbc-logo-r-203.png\",\"width\":203,\"height\":60,\"caption\":\"G.B.C. spa\"},\"image\":{\"@id\":\"https:\/\/gbcspa.com\/#\/schema\/logo\/image\/\"},\"sameAs\":[\"https:\/\/www.facebook.com\/GBCIndustrialToolsSpa\/\",\"https:\/\/www.instagram.com\/gbcindustrialtoolsspa\/\",\"https:\/\/www.youtube.com\/channel\/UCP_FNB0-J8aJfP4bGhJ-cOw\",\"https:\/\/www.linkedin.com\/company\/gbcindustrialtools\/\"]}]}<\/script>\n<!-- \/ Yoast SEO plugin. -->","yoast_head_json":{"title":"Qui sommes-nous | G.B.C. Industrial Tools","description":"G.B.C. propose des solutions innovantes Made in Italy pour les secteurs industriel et p\u00e9trolier et gazier, les infrastructures, l'amont, l'offshore, la p\u00e9trochimie, le raffinage et autres.","robots":{"index":"index","follow":"follow","max-snippet":"max-snippet:-1","max-image-preview":"max-image-preview:large","max-video-preview":"max-video-preview:-1"},"canonical":"https:\/\/gbcspa.com\/fr\/qui-sommes-nous\/","og_locale":"fr_FR","og_type":"article","og_title":"Qui sommes-nous | G.B.C. Industrial Tools","og_description":"G.B.C. propose des solutions innovantes Made in Italy pour les secteurs industriel et p\u00e9trolier et gazier, les infrastructures, l'amont, l'offshore, la p\u00e9trochimie, le raffinage et autres.","og_url":"https:\/\/gbcspa.com\/fr\/qui-sommes-nous\/","og_site_name":"GBC SpA","article_publisher":"https:\/\/www.facebook.com\/GBCIndustrialToolsSpa\/","article_modified_time":"2026-03-10T10:38:12+00:00","twitter_card":"summary_large_image","twitter_misc":{"Dur\u00e9e de lecture estim\u00e9e":"2 minutes"},"schema":{"@context":"https:\/\/schema.org","@graph":[{"@type":"WebPage","@id":"https:\/\/gbcspa.com\/fr\/qui-sommes-nous\/","url":"https:\/\/gbcspa.com\/fr\/qui-sommes-nous\/","name":"Qui sommes-nous | G.B.C. Industrial Tools","isPartOf":{"@id":"https:\/\/gbcspa.com\/#website"},"datePublished":"2025-03-01T11:07:02+00:00","dateModified":"2026-03-10T10:38:12+00:00","description":"G.B.C. propose des solutions innovantes Made in Italy pour les secteurs industriel et p\u00e9trolier et gazier, les infrastructures, l'amont, l'offshore, la p\u00e9trochimie, le raffinage et autres.","breadcrumb":{"@id":"https:\/\/gbcspa.com\/fr\/qui-sommes-nous\/#breadcrumb"},"inLanguage":"fr-FR","potentialAction":[{"@type":"ReadAction","target":["https:\/\/gbcspa.com\/fr\/qui-sommes-nous\/"]}]},{"@type":"BreadcrumbList","@id":"https:\/\/gbcspa.com\/fr\/qui-sommes-nous\/#breadcrumb","itemListElement":[{"@type":"ListItem","position":1,"name":"Home","item":"https:\/\/gbcspa.com\/"},{"@type":"ListItem","position":2,"name":"Qui sommes-nous"}]},{"@type":"WebSite","@id":"https:\/\/gbcspa.com\/#website","url":"https:\/\/gbcspa.com\/","name":"G.B.C. spa","description":"","publisher":{"@id":"https:\/\/gbcspa.com\/#organization"},"potentialAction":[{"@type":"SearchAction","target":{"@type":"EntryPoint","urlTemplate":"https:\/\/gbcspa.com\/?s={search_term_string}"},"query-input":{"@type":"PropertyValueSpecification","valueRequired":true,"valueName":"search_term_string"}}],"inLanguage":"fr-FR"},{"@type":"Organization","@id":"https:\/\/gbcspa.com\/#organization","name":"G.B.C. spa","url":"https:\/\/gbcspa.com\/","logo":{"@type":"ImageObject","inLanguage":"fr-FR","@id":"https:\/\/gbcspa.com\/#\/schema\/logo\/image\/","url":"https:\/\/gbcspa.com\/wp-content\/uploads\/2025\/03\/gbc-logo-r-203.png","contentUrl":"https:\/\/gbcspa.com\/wp-content\/uploads\/2025\/03\/gbc-logo-r-203.png","width":203,"height":60,"caption":"G.B.C. spa"},"image":{"@id":"https:\/\/gbcspa.com\/#\/schema\/logo\/image\/"},"sameAs":["https:\/\/www.facebook.com\/GBCIndustrialToolsSpa\/","https:\/\/www.instagram.com\/gbcindustrialtoolsspa\/","https:\/\/www.youtube.com\/channel\/UCP_FNB0-J8aJfP4bGhJ-cOw","https:\/\/www.linkedin.com\/company\/gbcindustrialtools\/"]}]}},"_links":{"self":[{"href":"https:\/\/gbcspa.com\/fr\/wp-json\/wp\/v2\/pages\/6594","targetHints":{"allow":["GET"]}}],"collection":[{"href":"https:\/\/gbcspa.com\/fr\/wp-json\/wp\/v2\/pages"}],"about":[{"href":"https:\/\/gbcspa.com\/fr\/wp-json\/wp\/v2\/types\/page"}],"author":[{"embeddable":true,"href":"https:\/\/gbcspa.com\/fr\/wp-json\/wp\/v2\/users\/2"}],"replies":[{"embeddable":true,"href":"https:\/\/gbcspa.com\/fr\/wp-json\/wp\/v2\/comments?post=6594"}],"version-history":[{"count":2,"href":"https:\/\/gbcspa.com\/fr\/wp-json\/wp\/v2\/pages\/6594\/revisions"}],"predecessor-version":[{"id":7688,"href":"https:\/\/gbcspa.com\/fr\/wp-json\/wp\/v2\/pages\/6594\/revisions\/7688"}],"wp:attachment":[{"href":"https:\/\/gbcspa.com\/fr\/wp-json\/wp\/v2\/media?parent=6594"}],"curies":[{"name":"wp","href":"https:\/\/api.w.org\/{rel}","templated":true}]}}