{"id":6005,"date":"2025-11-06T15:06:39","date_gmt":"2025-11-06T14:06:39","guid":{"rendered":"https:\/\/gbcspa.com\/?page_id=6005"},"modified":"2025-11-13T16:27:42","modified_gmt":"2025-11-13T15:27:42","slug":"intervenciones-en-sitio","status":"publish","type":"page","link":"https:\/\/gbcspa.com\/es\/intervenciones-en-sitio\/","title":{"rendered":"Intervenciones en sitio"},"content":{"rendered":"<h2>Intervenciones en sitio &#8211; Mantenimiento mec\u00e1nico especializado<\/h2>\n<p>Con m\u00e1s de 40 a\u00f1os de experiencia en el sector de la mec\u00e1nica industrial, G.B.C. Industrial Tools S.p.A. es reconocida como referente internacional en el dise\u00f1o y fabricaci\u00f3n de maquinaria para el tratamiento de extremos de tuber\u00edas y chapa met\u00e1lica.<\/p>\n<p>Gracias a su amplia experiencia en campo y a las numerosas intervenciones t\u00e9cnicas realizadas, se ha consolidado como especialista en mantenimiento mec\u00e1nico in situ. Ofrecemos un servicio integral de intervenciones t\u00e9cnicas y mecanizado especializado directamente en las instalaciones de nuestros clientes, garantizando resultados de la m\u00e1xima calidad y fiabilidad.<\/p>\n<p>Gracias a nuestros t\u00e9cnicos altamente cualificados y al uso de maquinaria port\u00e1til de \u00faltima generaci\u00f3n, capaz de abarcar una amplia gama de procesos y soluciones mec\u00e1nicas, intervenimos con rapidez, precisi\u00f3n y seguridad en cualquier contexto industrial.<\/p>\n<p>Nuestro objetivo es minimizar el tiempo de inactividad de la planta y prevenir cualquier incidencia operativa, asegurando la continuidad y la eficiencia de los procesos de producci\u00f3n.<\/p>\n<p>&nbsp;<\/p>\n<h3>Servicios de mantenimiento mec\u00e1nico en sitio: Intervenciones t\u00e9cnicas especializadas<\/h3>\n<p>Gracias a nuestro equipo t\u00e9cnico especializado y al uso de maquinaria de alta precisi\u00f3n, G.B.C. puede realizar una amplia gama de procesos mec\u00e1nicos in situ, evitando costosos desmontajes o transporte de componentes.<\/p>\n<ul>\n<li><strong>Mantenimiento mec\u00e1nico especializado<\/strong>, incluyendo mantenimiento ordinario, extraordinario y preventivo, de sistemas, maquinaria y equipos industriales.<\/li>\n<li><strong>Puesta en marcha y asistencia t\u00e9cnica<\/strong> cualificada en todas las fases de construcci\u00f3n y gesti\u00f3n del sistema, garantizando un soporte integral y flexible durante las actividades de instalaci\u00f3n, prueba y optimizaci\u00f3n operativa.<\/li>\n<li><strong>Intervenciones programadas y de emergencia<\/strong> gracias a t\u00e9cnicos especializados disponibles para mantenimiento planificado o urgente, en Italia y en el extranjero, con tiempos de respuesta r\u00e1pidos y m\u00e1ximos est\u00e1ndares de seguridad.<\/li>\n<li><strong>Mantenimiento incluido<\/strong>: Nuestro equipo recibe mantenimiento peri\u00f3dico para garantizar un alto rendimiento y fiabilidad en cada etapa del trabajo. Alquilar con nosotros le brinda la tranquilidad de trabajar con herramientas de primera calidad.<\/li>\n<li><strong>Corte en fr\u00edo<\/strong>, <strong>biselado<\/strong> de cualquier geometr\u00eda y <strong>conicidad interna<\/strong> de tuber\u00edas de cualquier di\u00e1metro, espesor y material; achaflanado de placas tubulares de intercambiadores de calor; b<strong>iselado est\u00e1ndar, en J y combinado<\/strong>, <strong>ensanchado y refrentado<\/strong> de chapa met\u00e1lica de hasta 120 mm de espesor, con una diagonal m\u00e1xima de 80 mm; <strong>aplanado<\/strong> y <strong>ranurado<\/strong> de bridas con di\u00e1metros entre 65 y 1778 mm; <strong>rectificado<\/strong> para la resoldadura de casquillos y chapas planas; alisado y limpieza de cuerpos cil\u00edndricos; eliminaci\u00f3n del exceso de espesor en cordones de soldadura.<\/li>\n<\/ul>\n<p>&nbsp;<\/p>\n<h3>Adem\u00e1s: soluciones personalizadas<\/h3>\n<p>En colaboraci\u00f3n con nuestros ingenieros y t\u00e9cnicos especializados, identificamos la soluci\u00f3n m\u00e1s eficaz y segura para cada necesidad, garantizando que las intervenciones sean realizadas con total autonom\u00eda por nuestro equipo.<\/p>\n<p>Dise\u00f1amos y construimos maquinaria a medida o implementaciones espec\u00edficas seg\u00fan las necesidades del cliente, tanto para su uso directo como para las actividades operativas de nuestro personal t\u00e9cnico en campo.<\/p>\n<p>Cuando el espacio es limitado o las condiciones operativas dificultan el uso de maquinaria est\u00e1ndar, desarrollamos equipos especiales a medida, dise\u00f1ados para abordar incluso los procesos m\u00e1s complejos o poco convencionales.<\/p>\n<p>Gracias a la sinergia entre el dise\u00f1o y la intervenci\u00f3n operativa, G.B.C. ofrece soluciones t\u00e9cnicas personalizadas, garantizando eficiencia, seguridad y precisi\u00f3n en cualquier contexto industrial. Cada intervenci\u00f3n se dise\u00f1a en funci\u00f3n de las necesidades espec\u00edficas del cliente, con el objetivo de mantener altos est\u00e1ndares de seguridad, precisi\u00f3n y fiabilidad.<\/p>\n<p><center><img loading=\"lazy\" decoding=\"async\" width=\"582\" height=\"455\" class=\"alignnone wp-image-6006 img-fluid \" src=\"https:\/\/gbcspa.com\/wp-content\/uploads\/2025\/10\/Interventi-On-Site.webp\" alt=\"\" \/><\/center><center><\/center>&nbsp;<\/p>\n<h3><\/h3>\n<h3>\u00bfPor qu\u00e9 elegir G.B.C. Industrial Tools S.p.A.? Fiabilidad, puntualidad y precisi\u00f3n.<\/h3>\n<p>Elegir G.B.C. significa confiar en una empresa que combina experiencia t\u00e9cnica, innovaci\u00f3n y respuesta r\u00e1pida. Nuestros t\u00e9cnicos de campo trabajan con equipos de \u00faltima generaci\u00f3n y se esfuerzan por garantizar resultados consistentes a lo largo del tiempo. Con G.B.C., usted puede estar seguro de:<\/p>\n<ul>\n<li><strong>Reciba asistencia inmediata y personalizada<\/strong> gracias a los muchos a\u00f1os de experiencia de G.B.C. en mantenimiento mec\u00e1nico industrial.<\/li>\n<li><strong>Reduzca el tiempo de inactividad del sistema<\/strong> gracias a intervenciones r\u00e1pidas, precisas y totalmente seguras, realizadas por personal altamente cualificado y en constante formaci\u00f3n.<\/li>\n<li><strong>Mantener un rendimiento mec\u00e1nico \u00f3ptimo<\/strong> y la m\u00e1xima eficiencia, fiabilidad y durabilidad de los componentes, garantizando la continuidad de la producci\u00f3n y la seguridad operativa en cada planta.<\/li>\n<\/ul>\n<p>&nbsp;<\/p>\n<h3><\/h3>\n<h3>G.B.C. \u2013 Excelencia en mantenimiento mec\u00e1nico, directamente en su sistema<\/h3>\n<p>Con un enfoque centrado en la eficiencia, la seguridad y la colaboraci\u00f3n, G.B.C. transforma cada intervenci\u00f3n t\u00e9cnica en una soluci\u00f3n concreta y personalizada. Desde el diagn\u00f3stico hasta la instalaci\u00f3n final, cada fase se gestiona con profesionalidad, precisi\u00f3n y rapidez. Porque su sistema merece el m\u00e1ximo rendimiento, sin concesiones.<\/p>\n<p>&nbsp;<\/p>\n<h3>Solicitar una intervenci\u00f3n<\/h3>\n<p>Cont\u00e1ctanos para obtener asistencia inmediata o programar un servicio personalizado con nuestro personal especializado. Env\u00eda un correo electr\u00f3nico a <a href=\"mailto:sales@gbcspa.com\">sales@gbcspa.com<\/a>. Nuestro equipo de ventas est\u00e1 listo para ayudarte.<\/p>\n<p>Haz <a href=\"https:\/\/gbcspa.com\/es\/productos\/\">clic aqu\u00ed<\/a> para descubrir los productos G.B.C. que mejor se adaptan a tus necesidades y solicita m\u00e1s informaci\u00f3n.<\/p>\n<p>&nbsp;<\/p>\n","protected":false},"excerpt":{"rendered":"<p>Intervenciones en sitio &#8211; Mantenimiento mec\u00e1nico especializado Con m\u00e1s de 40 a\u00f1os de experiencia en el sector de la mec\u00e1nica industrial, G.B.C. Industrial Tools S.p.A. es reconocida como referente internacional en el dise\u00f1o y fabricaci\u00f3n de maquinaria para el tratamiento de extremos de tuber\u00edas y chapa met\u00e1lica. Gracias a su amplia experiencia en campo y&#8230;  <a href=\"https:\/\/gbcspa.com\/es\/intervenciones-en-sitio\/\" class=\"more-link\" title=\"Read Intervenciones en sitio\">Read More &raquo;<\/a><\/p>\n","protected":false},"author":4,"featured_media":0,"parent":0,"menu_order":0,"comment_status":"closed","ping_status":"closed","template":"","meta":{"_acf_changed":false,"footnotes":""},"class_list":["post-6005","page","type-page","status-publish","hentry"],"acf":[],"yoast_head":"<!-- This site is optimized with the Yoast SEO plugin v27.1.1 - https:\/\/yoast.com\/product\/yoast-seo-wordpress\/ -->\n<title>Intervenciones de Mantenimiento Mec\u00e1nico On-Site | GBC<\/title>\n<meta name=\"description\" content=\"Mantenimiento mec\u00e1nico de m\u00e1quinas cortadoras de tubos y l\u00e1minas a nivel mundial. 40 a\u00f1os de experiencia, calidad, innovaci\u00f3n. Intervenciones on-site.\" \/>\n<meta name=\"robots\" content=\"index, follow, max-snippet:-1, max-image-preview:large, max-video-preview:-1\" \/>\n<link rel=\"canonical\" href=\"https:\/\/gbcspa.com\/es\/intervenciones-en-sitio\/\" \/>\n<meta property=\"og:locale\" content=\"es_ES\" \/>\n<meta property=\"og:type\" content=\"article\" \/>\n<meta property=\"og:title\" content=\"Intervenciones de Mantenimiento Mec\u00e1nico On-Site | GBC\" \/>\n<meta property=\"og:description\" content=\"Mantenimiento mec\u00e1nico de m\u00e1quinas cortadoras de tubos y l\u00e1minas a nivel mundial. 40 a\u00f1os de experiencia, calidad, innovaci\u00f3n. Intervenciones on-site.\" \/>\n<meta property=\"og:url\" content=\"https:\/\/gbcspa.com\/es\/intervenciones-en-sitio\/\" \/>\n<meta property=\"og:site_name\" content=\"GBC SpA\" \/>\n<meta property=\"article:publisher\" content=\"https:\/\/www.facebook.com\/GBCIndustrialToolsSpa\/\" \/>\n<meta property=\"article:modified_time\" content=\"2025-11-13T15:27:42+00:00\" \/>\n<meta property=\"og:image\" content=\"https:\/\/gbcspa.com\/wp-content\/uploads\/2025\/10\/Interventi-On-Site.webp\" \/>\n\t<meta property=\"og:image:width\" content=\"582\" \/>\n\t<meta property=\"og:image:height\" content=\"455\" \/>\n\t<meta property=\"og:image:type\" content=\"image\/webp\" \/>\n<meta name=\"twitter:card\" content=\"summary_large_image\" \/>\n<meta name=\"twitter:label1\" content=\"Tiempo de lectura\" \/>\n\t<meta name=\"twitter:data1\" content=\"5 minutos\" \/>\n<script type=\"application\/ld+json\" class=\"yoast-schema-graph\">{\"@context\":\"https:\/\/schema.org\",\"@graph\":[{\"@type\":\"WebPage\",\"@id\":\"https:\/\/gbcspa.com\/es\/intervenciones-en-sitio\/\",\"url\":\"https:\/\/gbcspa.com\/es\/intervenciones-en-sitio\/\",\"name\":\"Intervenciones de Mantenimiento Mec\u00e1nico On-Site | GBC\",\"isPartOf\":{\"@id\":\"https:\/\/gbcspa.com\/#website\"},\"primaryImageOfPage\":{\"@id\":\"https:\/\/gbcspa.com\/es\/intervenciones-en-sitio\/#primaryimage\"},\"image\":{\"@id\":\"https:\/\/gbcspa.com\/es\/intervenciones-en-sitio\/#primaryimage\"},\"thumbnailUrl\":\"https:\/\/gbcspa.com\/wp-content\/uploads\/2025\/10\/Interventi-On-Site.webp\",\"datePublished\":\"2025-11-06T14:06:39+00:00\",\"dateModified\":\"2025-11-13T15:27:42+00:00\",\"description\":\"Mantenimiento mec\u00e1nico de m\u00e1quinas cortadoras de tubos y l\u00e1minas a nivel mundial. 40 a\u00f1os de experiencia, calidad, innovaci\u00f3n. Intervenciones on-site.\",\"breadcrumb\":{\"@id\":\"https:\/\/gbcspa.com\/es\/intervenciones-en-sitio\/#breadcrumb\"},\"inLanguage\":\"es\",\"potentialAction\":[{\"@type\":\"ReadAction\",\"target\":[\"https:\/\/gbcspa.com\/es\/intervenciones-en-sitio\/\"]}]},{\"@type\":\"ImageObject\",\"inLanguage\":\"es\",\"@id\":\"https:\/\/gbcspa.com\/es\/intervenciones-en-sitio\/#primaryimage\",\"url\":\"https:\/\/gbcspa.com\/wp-content\/uploads\/2025\/10\/Interventi-On-Site.webp\",\"contentUrl\":\"https:\/\/gbcspa.com\/wp-content\/uploads\/2025\/10\/Interventi-On-Site.webp\"},{\"@type\":\"BreadcrumbList\",\"@id\":\"https:\/\/gbcspa.com\/es\/intervenciones-en-sitio\/#breadcrumb\",\"itemListElement\":[{\"@type\":\"ListItem\",\"position\":1,\"name\":\"Home\",\"item\":\"https:\/\/gbcspa.com\/es\/\"},{\"@type\":\"ListItem\",\"position\":2,\"name\":\"Intervenciones en sitio\"}]},{\"@type\":\"WebSite\",\"@id\":\"https:\/\/gbcspa.com\/#website\",\"url\":\"https:\/\/gbcspa.com\/\",\"name\":\"G.B.C. spa\",\"description\":\"\",\"publisher\":{\"@id\":\"https:\/\/gbcspa.com\/#organization\"},\"potentialAction\":[{\"@type\":\"SearchAction\",\"target\":{\"@type\":\"EntryPoint\",\"urlTemplate\":\"https:\/\/gbcspa.com\/?s={search_term_string}\"},\"query-input\":{\"@type\":\"PropertyValueSpecification\",\"valueRequired\":true,\"valueName\":\"search_term_string\"}}],\"inLanguage\":\"es\"},{\"@type\":\"Organization\",\"@id\":\"https:\/\/gbcspa.com\/#organization\",\"name\":\"G.B.C. spa\",\"url\":\"https:\/\/gbcspa.com\/\",\"logo\":{\"@type\":\"ImageObject\",\"inLanguage\":\"es\",\"@id\":\"https:\/\/gbcspa.com\/#\/schema\/logo\/image\/\",\"url\":\"https:\/\/gbcspa.com\/wp-content\/uploads\/2025\/03\/gbc-logo-r-203.png\",\"contentUrl\":\"https:\/\/gbcspa.com\/wp-content\/uploads\/2025\/03\/gbc-logo-r-203.png\",\"width\":203,\"height\":60,\"caption\":\"G.B.C. spa\"},\"image\":{\"@id\":\"https:\/\/gbcspa.com\/#\/schema\/logo\/image\/\"},\"sameAs\":[\"https:\/\/www.facebook.com\/GBCIndustrialToolsSpa\/\",\"https:\/\/www.instagram.com\/gbcindustrialtoolsspa\/\",\"https:\/\/www.youtube.com\/channel\/UCP_FNB0-J8aJfP4bGhJ-cOw\",\"https:\/\/www.linkedin.com\/company\/gbcindustrialtools\/\"]}]}<\/script>\n<!-- \/ Yoast SEO plugin. -->","yoast_head_json":{"title":"Intervenciones de Mantenimiento Mec\u00e1nico On-Site | GBC","description":"Mantenimiento mec\u00e1nico de m\u00e1quinas cortadoras de tubos y l\u00e1minas a nivel mundial. 40 a\u00f1os de experiencia, calidad, innovaci\u00f3n. Intervenciones on-site.","robots":{"index":"index","follow":"follow","max-snippet":"max-snippet:-1","max-image-preview":"max-image-preview:large","max-video-preview":"max-video-preview:-1"},"canonical":"https:\/\/gbcspa.com\/es\/intervenciones-en-sitio\/","og_locale":"es_ES","og_type":"article","og_title":"Intervenciones de Mantenimiento Mec\u00e1nico On-Site | GBC","og_description":"Mantenimiento mec\u00e1nico de m\u00e1quinas cortadoras de tubos y l\u00e1minas a nivel mundial. 40 a\u00f1os de experiencia, calidad, innovaci\u00f3n. Intervenciones on-site.","og_url":"https:\/\/gbcspa.com\/es\/intervenciones-en-sitio\/","og_site_name":"GBC SpA","article_publisher":"https:\/\/www.facebook.com\/GBCIndustrialToolsSpa\/","article_modified_time":"2025-11-13T15:27:42+00:00","og_image":[{"width":582,"height":455,"url":"https:\/\/gbcspa.com\/wp-content\/uploads\/2025\/10\/Interventi-On-Site.webp","type":"image\/webp"}],"twitter_card":"summary_large_image","twitter_misc":{"Tiempo de lectura":"5 minutos"},"schema":{"@context":"https:\/\/schema.org","@graph":[{"@type":"WebPage","@id":"https:\/\/gbcspa.com\/es\/intervenciones-en-sitio\/","url":"https:\/\/gbcspa.com\/es\/intervenciones-en-sitio\/","name":"Intervenciones de Mantenimiento Mec\u00e1nico On-Site | GBC","isPartOf":{"@id":"https:\/\/gbcspa.com\/#website"},"primaryImageOfPage":{"@id":"https:\/\/gbcspa.com\/es\/intervenciones-en-sitio\/#primaryimage"},"image":{"@id":"https:\/\/gbcspa.com\/es\/intervenciones-en-sitio\/#primaryimage"},"thumbnailUrl":"https:\/\/gbcspa.com\/wp-content\/uploads\/2025\/10\/Interventi-On-Site.webp","datePublished":"2025-11-06T14:06:39+00:00","dateModified":"2025-11-13T15:27:42+00:00","description":"Mantenimiento mec\u00e1nico de m\u00e1quinas cortadoras de tubos y l\u00e1minas a nivel mundial. 40 a\u00f1os de experiencia, calidad, innovaci\u00f3n. Intervenciones on-site.","breadcrumb":{"@id":"https:\/\/gbcspa.com\/es\/intervenciones-en-sitio\/#breadcrumb"},"inLanguage":"es","potentialAction":[{"@type":"ReadAction","target":["https:\/\/gbcspa.com\/es\/intervenciones-en-sitio\/"]}]},{"@type":"ImageObject","inLanguage":"es","@id":"https:\/\/gbcspa.com\/es\/intervenciones-en-sitio\/#primaryimage","url":"https:\/\/gbcspa.com\/wp-content\/uploads\/2025\/10\/Interventi-On-Site.webp","contentUrl":"https:\/\/gbcspa.com\/wp-content\/uploads\/2025\/10\/Interventi-On-Site.webp"},{"@type":"BreadcrumbList","@id":"https:\/\/gbcspa.com\/es\/intervenciones-en-sitio\/#breadcrumb","itemListElement":[{"@type":"ListItem","position":1,"name":"Home","item":"https:\/\/gbcspa.com\/es\/"},{"@type":"ListItem","position":2,"name":"Intervenciones en sitio"}]},{"@type":"WebSite","@id":"https:\/\/gbcspa.com\/#website","url":"https:\/\/gbcspa.com\/","name":"G.B.C. spa","description":"","publisher":{"@id":"https:\/\/gbcspa.com\/#organization"},"potentialAction":[{"@type":"SearchAction","target":{"@type":"EntryPoint","urlTemplate":"https:\/\/gbcspa.com\/?s={search_term_string}"},"query-input":{"@type":"PropertyValueSpecification","valueRequired":true,"valueName":"search_term_string"}}],"inLanguage":"es"},{"@type":"Organization","@id":"https:\/\/gbcspa.com\/#organization","name":"G.B.C. spa","url":"https:\/\/gbcspa.com\/","logo":{"@type":"ImageObject","inLanguage":"es","@id":"https:\/\/gbcspa.com\/#\/schema\/logo\/image\/","url":"https:\/\/gbcspa.com\/wp-content\/uploads\/2025\/03\/gbc-logo-r-203.png","contentUrl":"https:\/\/gbcspa.com\/wp-content\/uploads\/2025\/03\/gbc-logo-r-203.png","width":203,"height":60,"caption":"G.B.C. spa"},"image":{"@id":"https:\/\/gbcspa.com\/#\/schema\/logo\/image\/"},"sameAs":["https:\/\/www.facebook.com\/GBCIndustrialToolsSpa\/","https:\/\/www.instagram.com\/gbcindustrialtoolsspa\/","https:\/\/www.youtube.com\/channel\/UCP_FNB0-J8aJfP4bGhJ-cOw","https:\/\/www.linkedin.com\/company\/gbcindustrialtools\/"]}]}},"_links":{"self":[{"href":"https:\/\/gbcspa.com\/es\/wp-json\/wp\/v2\/pages\/6005","targetHints":{"allow":["GET"]}}],"collection":[{"href":"https:\/\/gbcspa.com\/es\/wp-json\/wp\/v2\/pages"}],"about":[{"href":"https:\/\/gbcspa.com\/es\/wp-json\/wp\/v2\/types\/page"}],"author":[{"embeddable":true,"href":"https:\/\/gbcspa.com\/es\/wp-json\/wp\/v2\/users\/4"}],"replies":[{"embeddable":true,"href":"https:\/\/gbcspa.com\/es\/wp-json\/wp\/v2\/comments?post=6005"}],"version-history":[{"count":3,"href":"https:\/\/gbcspa.com\/es\/wp-json\/wp\/v2\/pages\/6005\/revisions"}],"predecessor-version":[{"id":6250,"href":"https:\/\/gbcspa.com\/es\/wp-json\/wp\/v2\/pages\/6005\/revisions\/6250"}],"wp:attachment":[{"href":"https:\/\/gbcspa.com\/es\/wp-json\/wp\/v2\/media?parent=6005"}],"curies":[{"name":"wp","href":"https:\/\/api.w.org\/{rel}","templated":true}]}}