{"id":5129,"date":"2025-02-14T11:21:28","date_gmt":"2025-02-14T10:21:28","guid":{"rendered":"https:\/\/gbcspa.com\/productos-personalizados\/"},"modified":"2025-12-02T17:41:11","modified_gmt":"2025-12-02T16:41:11","slug":"productos-personalizados","status":"publish","type":"page","link":"https:\/\/gbcspa.com\/es\/productos-personalizados\/","title":{"rendered":"Productos personalizados"},"content":{"rendered":"<h2>G.B.C. &#8211; Productos a medida para el sector industrial<\/h2>\n<p>En G.B.C., la personalizaci\u00f3n es nuestro punto fuerte. Desde hace m\u00e1s de 30 a\u00f1os, somos l\u00edderes en el corte y biselado de tubos y chapas met\u00e1licas. Cada cliente tiene unos requisitos espec\u00edficos, y precisamente por eso ofrecemos soluciones personalizadas para cada tipo de procesamiento.<\/p>\n<p>Adem\u00e1s, gracias a nuestra dilatada experiencia y a la tecnolog\u00eda m\u00e1s avanzada, somos capaces de adaptar m\u00e1quinas e instalaciones para afrontar incluso los retos m\u00e1s complejos. Cada proyecto se dise\u00f1a cuidadosamente para optimizar los procesos de producci\u00f3n, garantizando resultados sobresalientes tanto en peque\u00f1as como en grandes series.<\/p>\n<p>No s\u00f3lo fabricamos productos personalizados: tambi\u00e9n ofrecemos un servicio de asistencia completo. Desde el dise\u00f1o hasta la implementaci\u00f3n, pasando por el mantenimiento posventa, estamos siempre al lado de nuestros clientes para garantizar que cada m\u00e1quina funcione al m\u00e1ximo y siga rindiendo con el paso del tiempo.<\/p>\n<h2><\/h2>\n<p>&nbsp;<\/p>\n<h3>M\u00e1quinas especiales para cada sector<\/h3>\n<p>Podemos dise\u00f1ar m\u00e1quinas especiales para los sectores del petr\u00f3leo y el gas, infraestructura, upstream, offshore, petroqu\u00edmica, refinaci\u00f3n, oleoductos y gasoductos, fabricantes de tuber\u00edas, intercambiadores de calor, construcci\u00f3n naval y torres e\u00f3licas. Cada producto se fabrica a medida para satisfacer los requisitos m\u00e1s complejos. Para ello, utilizamos tecnolog\u00edas avanzadas que garantizan un rendimiento excelente.<\/p>\n<p>Nuestras m\u00e1quinas est\u00e1n dise\u00f1adas para hacer frente a todo tipo de procesamientos industriales, desde las operaciones m\u00e1s estandarizadas hasta las m\u00e1s especializadas. Gracias a la experiencia adquirida a lo largo de los a\u00f1os, somos capaces de responder con rapidez y precisi\u00f3n a los requisitos de nuestros clientes, proponiendo soluciones innovadoras que se adaptan perfectamente a cada necesidad.<\/p>\n<p>En G.B.C. somos conscientes de que cada sector tiene unos requisitos \u00fanicos. En consecuencia, cada m\u00e1quina est\u00e1 dise\u00f1ada para ofrecer la m\u00e1xima flexibilidad y fiabilidad, incluso en entornos de trabajo extremos. Tanto si se trata de operaciones delicadas como de trabajos en condiciones especiales, nuestras soluciones est\u00e1n dise\u00f1adas para garantizar resultados \u00f3ptimos y constantes.<\/p>\n<p>A lo largo de los a\u00f1os, G.B.C. ha proporcionado con \u00e9xito soluciones de ingenier\u00eda innovadoras y totalmente personalizadas en una amplia gama de industrias, entre las que se incluyen:<\/p>\n<ul>\n<li>Desmantelamiento nuclear y nuevos proyectos de construcci\u00f3n<\/li>\n<li>Tratamiento y recuperaci\u00f3n de residuos nucleares<\/li>\n<li>Petroqu\u00edmica<\/li>\n<li>Onshore &amp; Offshore Oil &amp; Gas<\/li>\n<li>Generaci\u00f3n de energ\u00eda y energ\u00edas renovables<\/li>\n<li>Construcci\u00f3n y reparaci\u00f3n naval<\/li>\n<li>Pipeline Onshore &amp; Offshore<\/li>\n<li>Defensa<\/li>\n<li>Aeroespacial<\/li>\n<li>Biotecnolog\u00eda y farmac\u00e9utica<\/li>\n<li>Alimentaci\u00f3n<\/li>\n<li>Producci\u00f3n y fabricaci\u00f3n<\/li>\n<li>Miner\u00eda y construcci\u00f3n<\/li>\n<\/ul>\n<p>&nbsp;<\/p>\n<p><center><img loading=\"lazy\" decoding=\"async\" width=\"582\" height=\"455\" class=\"alignnone wp-image-5037 img-fluid \" src=\"https:\/\/sviluppo.ois-agenzia.it\/wp-content\/uploads\/2025\/05\/G300M-Russia-1.webp\" alt=\"\" \/><\/center>&nbsp;<\/p>\n<h3>Fiabilidad, calidad e innovaci\u00f3n<\/h3>\n<p>Las m\u00e1quinas G.B.C. son sin\u00f3nimo de fiabilidad, precisi\u00f3n e innovaci\u00f3n. Gracias a nuestra consolidada experiencia, dise\u00f1amos soluciones personalizadas que optimizan los procesos de producci\u00f3n. Adem\u00e1s, tambi\u00e9n ofrecemos un servicio de asistencia completo: desde el dise\u00f1o hasta la puesta en marcha, pasando por el mantenimiento posventa.<\/p>\n<p>Cada m\u00e1quina G.B.C. es el resultado de una actualizaci\u00f3n tecnol\u00f3gica constante, que nos permite responder con eficacia a los retos de un mercado en constante evoluci\u00f3n. Utilizamos \u00fanicamente componentes de alta calidad y procesos de fabricaci\u00f3n avanzados para garantizar que cada soluci\u00f3n cumpla los m\u00e1s altos est\u00e1ndares de rendimiento y durabilidad.<\/p>\n<p>Por \u00faltimo, estamos al lado de nuestros clientes en todas las fases del proyecto, ofreci\u00e9ndoles asesoramiento y apoyo continuo. Nuestra atenci\u00f3n al detalle y nuestro compromiso con la calidad nos convierten en el socio ideal para afrontar los retos m\u00e1s dif\u00edciles. Con G.B.C., puede contar con soluciones fiables y un apoyo que nunca le dejar\u00e1 solo.<\/p>\n<p>&nbsp;<\/p>\n<h3>Herramientas y componentes especiales a medida<\/h3>\n<p data-start=\"38\" data-end=\"434\">Nuestra experiencia en la personalizaci\u00f3n no se limita al dise\u00f1o de m\u00e1quinas completas. En G.B.C. tambi\u00e9n fabricamos <strong>herramientas especiales, piezas mec\u00e1nicas dedicadas y componentes t\u00e9cnicos a medida<\/strong>, dise\u00f1ados para satisfacer necesidades espec\u00edficas o para realizar trabajos que requieren una precisi\u00f3n extrema y caracter\u00edsticas no est\u00e1ndar.<\/p>\n<p data-start=\"436\" data-end=\"873\">Somos capaces de producir herramientas fuera de est\u00e1ndar, equipos dedicados, insertos especiales, repuestos no disponibles en el mercado y componentes dise\u00f1ados espec\u00edficamente para aplicaciones particulares. Gracias a nuestro departamento t\u00e9cnico altamente especializado y a tecnolog\u00edas avanzadas, cada elemento se desarrolla en estrecha colaboraci\u00f3n con el cliente, garantizando compatibilidad, m\u00e1xima eficiencia y una larga vida \u00fatil.<\/p>\n<p data-start=\"875\" data-end=\"1175\" data-is-last-node=\"\" data-is-only-node=\"\">De este modo, G.B.C. se convierte en un socio estrat\u00e9gico no solo en el suministro de m\u00e1quinas e instalaciones personalizadas, sino tambi\u00e9n en la creaci\u00f3n de <strong>soluciones mec\u00e1nicas espec\u00edficas<\/strong>, capaces de mejorar la productividad y optimizar los procesos existentes con herramientas dise\u00f1adas a medida.<\/p>\n<p>&nbsp;<\/p>\n<h3>P\u00f3ngase en contacto con nosotros para una soluci\u00f3n personalizada<\/h3>\n<p>Si tiene requisitos especiales, <a href=\"https:\/\/gbcspa.com\/es\/contactos\/\">p\u00f3ngase en contacto<\/a> con nosotros ahora. Nuestro equipo est\u00e1 a su disposici\u00f3n para evaluar juntos la soluci\u00f3n m\u00e1s adecuada a sus necesida<\/p>\n","protected":false},"excerpt":{"rendered":"<p>G.B.C. &#8211; Productos a medida para el sector industrial En G.B.C., la personalizaci\u00f3n es nuestro punto fuerte. Desde hace m\u00e1s de 30 a\u00f1os, somos l\u00edderes en el corte y biselado de tubos y chapas met\u00e1licas. Cada cliente tiene unos requisitos espec\u00edficos, y precisamente por eso ofrecemos soluciones personalizadas para cada tipo de procesamiento. Adem\u00e1s, gracias&#8230;  <a href=\"https:\/\/gbcspa.com\/es\/productos-personalizados\/\" class=\"more-link\" title=\"Read Productos personalizados\">Read More &raquo;<\/a><\/p>\n","protected":false},"author":2,"featured_media":0,"parent":0,"menu_order":0,"comment_status":"closed","ping_status":"closed","template":"","meta":{"_acf_changed":false,"footnotes":""},"class_list":["post-5129","page","type-page","status-publish","hentry"],"acf":[],"yoast_head":"<!-- This site is optimized with the Yoast SEO plugin v27.1.1 - https:\/\/yoast.com\/product\/yoast-seo-wordpress\/ -->\n<title>Productos personalizados para corte de tubos y l\u00e1minas | G.B.C.<\/title>\n<meta name=\"description\" content=\"G.B.C. ofrece soluciones personalizadas de calidad e innovadoras, dise\u00f1ando m\u00e1quinas a medida para diversos procesos y sectores industriales.\" \/>\n<meta name=\"robots\" content=\"index, follow, max-snippet:-1, max-image-preview:large, max-video-preview:-1\" \/>\n<link rel=\"canonical\" href=\"https:\/\/gbcspa.com\/es\/productos-personalizados\/\" \/>\n<meta property=\"og:locale\" content=\"es_ES\" \/>\n<meta property=\"og:type\" content=\"article\" \/>\n<meta property=\"og:title\" content=\"Productos personalizados para corte de tubos y l\u00e1minas | G.B.C.\" \/>\n<meta property=\"og:description\" content=\"G.B.C. ofrece soluciones personalizadas de calidad e innovadoras, dise\u00f1ando m\u00e1quinas a medida para diversos procesos y sectores industriales.\" \/>\n<meta property=\"og:url\" content=\"https:\/\/gbcspa.com\/es\/productos-personalizados\/\" \/>\n<meta property=\"og:site_name\" content=\"GBC SpA\" \/>\n<meta property=\"article:publisher\" content=\"https:\/\/www.facebook.com\/GBCIndustrialToolsSpa\/\" \/>\n<meta property=\"article:modified_time\" content=\"2025-12-02T16:41:11+00:00\" \/>\n<meta property=\"og:image\" content=\"https:\/\/gbcspa.com\/wp-content\/uploads\/2025\/05\/G300M-Russia-1.webp\" \/>\n\t<meta property=\"og:image:width\" content=\"582\" \/>\n\t<meta property=\"og:image:height\" content=\"455\" \/>\n\t<meta property=\"og:image:type\" content=\"image\/webp\" \/>\n<meta name=\"twitter:card\" content=\"summary_large_image\" \/>\n<meta name=\"twitter:label1\" content=\"Tiempo de lectura\" \/>\n\t<meta name=\"twitter:data1\" content=\"4 minutos\" \/>\n<script type=\"application\/ld+json\" class=\"yoast-schema-graph\">{\"@context\":\"https:\/\/schema.org\",\"@graph\":[{\"@type\":\"WebPage\",\"@id\":\"https:\/\/gbcspa.com\/es\/productos-personalizados\/\",\"url\":\"https:\/\/gbcspa.com\/es\/productos-personalizados\/\",\"name\":\"Productos personalizados para corte de tubos y l\u00e1minas | G.B.C.\",\"isPartOf\":{\"@id\":\"https:\/\/gbcspa.com\/#website\"},\"primaryImageOfPage\":{\"@id\":\"https:\/\/gbcspa.com\/es\/productos-personalizados\/#primaryimage\"},\"image\":{\"@id\":\"https:\/\/gbcspa.com\/es\/productos-personalizados\/#primaryimage\"},\"thumbnailUrl\":\"https:\/\/sviluppo.ois-agenzia.it\/wp-content\/uploads\/2025\/05\/G300M-Russia-1.webp\",\"datePublished\":\"2025-02-14T10:21:28+00:00\",\"dateModified\":\"2025-12-02T16:41:11+00:00\",\"description\":\"G.B.C. ofrece soluciones personalizadas de calidad e innovadoras, dise\u00f1ando m\u00e1quinas a medida para diversos procesos y sectores industriales.\",\"breadcrumb\":{\"@id\":\"https:\/\/gbcspa.com\/es\/productos-personalizados\/#breadcrumb\"},\"inLanguage\":\"es\",\"potentialAction\":[{\"@type\":\"ReadAction\",\"target\":[\"https:\/\/gbcspa.com\/es\/productos-personalizados\/\"]}]},{\"@type\":\"ImageObject\",\"inLanguage\":\"es\",\"@id\":\"https:\/\/gbcspa.com\/es\/productos-personalizados\/#primaryimage\",\"url\":\"https:\/\/sviluppo.ois-agenzia.it\/wp-content\/uploads\/2025\/05\/G300M-Russia-1.webp\",\"contentUrl\":\"https:\/\/sviluppo.ois-agenzia.it\/wp-content\/uploads\/2025\/05\/G300M-Russia-1.webp\"},{\"@type\":\"BreadcrumbList\",\"@id\":\"https:\/\/gbcspa.com\/es\/productos-personalizados\/#breadcrumb\",\"itemListElement\":[{\"@type\":\"ListItem\",\"position\":1,\"name\":\"Home\",\"item\":\"https:\/\/gbcspa.com\/es\/\"},{\"@type\":\"ListItem\",\"position\":2,\"name\":\"Productos personalizados\"}]},{\"@type\":\"WebSite\",\"@id\":\"https:\/\/gbcspa.com\/#website\",\"url\":\"https:\/\/gbcspa.com\/\",\"name\":\"G.B.C. spa\",\"description\":\"\",\"publisher\":{\"@id\":\"https:\/\/gbcspa.com\/#organization\"},\"potentialAction\":[{\"@type\":\"SearchAction\",\"target\":{\"@type\":\"EntryPoint\",\"urlTemplate\":\"https:\/\/gbcspa.com\/?s={search_term_string}\"},\"query-input\":{\"@type\":\"PropertyValueSpecification\",\"valueRequired\":true,\"valueName\":\"search_term_string\"}}],\"inLanguage\":\"es\"},{\"@type\":\"Organization\",\"@id\":\"https:\/\/gbcspa.com\/#organization\",\"name\":\"G.B.C. spa\",\"url\":\"https:\/\/gbcspa.com\/\",\"logo\":{\"@type\":\"ImageObject\",\"inLanguage\":\"es\",\"@id\":\"https:\/\/gbcspa.com\/#\/schema\/logo\/image\/\",\"url\":\"https:\/\/gbcspa.com\/wp-content\/uploads\/2025\/03\/gbc-logo-r-203.png\",\"contentUrl\":\"https:\/\/gbcspa.com\/wp-content\/uploads\/2025\/03\/gbc-logo-r-203.png\",\"width\":203,\"height\":60,\"caption\":\"G.B.C. spa\"},\"image\":{\"@id\":\"https:\/\/gbcspa.com\/#\/schema\/logo\/image\/\"},\"sameAs\":[\"https:\/\/www.facebook.com\/GBCIndustrialToolsSpa\/\",\"https:\/\/www.instagram.com\/gbcindustrialtoolsspa\/\",\"https:\/\/www.youtube.com\/channel\/UCP_FNB0-J8aJfP4bGhJ-cOw\",\"https:\/\/www.linkedin.com\/company\/gbcindustrialtools\/\"]}]}<\/script>\n<!-- \/ Yoast SEO plugin. -->","yoast_head_json":{"title":"Productos personalizados para corte de tubos y l\u00e1minas | G.B.C.","description":"G.B.C. ofrece soluciones personalizadas de calidad e innovadoras, dise\u00f1ando m\u00e1quinas a medida para diversos procesos y sectores industriales.","robots":{"index":"index","follow":"follow","max-snippet":"max-snippet:-1","max-image-preview":"max-image-preview:large","max-video-preview":"max-video-preview:-1"},"canonical":"https:\/\/gbcspa.com\/es\/productos-personalizados\/","og_locale":"es_ES","og_type":"article","og_title":"Productos personalizados para corte de tubos y l\u00e1minas | G.B.C.","og_description":"G.B.C. ofrece soluciones personalizadas de calidad e innovadoras, dise\u00f1ando m\u00e1quinas a medida para diversos procesos y sectores industriales.","og_url":"https:\/\/gbcspa.com\/es\/productos-personalizados\/","og_site_name":"GBC SpA","article_publisher":"https:\/\/www.facebook.com\/GBCIndustrialToolsSpa\/","article_modified_time":"2025-12-02T16:41:11+00:00","og_image":[{"width":582,"height":455,"url":"https:\/\/gbcspa.com\/wp-content\/uploads\/2025\/05\/G300M-Russia-1.webp","type":"image\/webp"}],"twitter_card":"summary_large_image","twitter_misc":{"Tiempo de lectura":"4 minutos"},"schema":{"@context":"https:\/\/schema.org","@graph":[{"@type":"WebPage","@id":"https:\/\/gbcspa.com\/es\/productos-personalizados\/","url":"https:\/\/gbcspa.com\/es\/productos-personalizados\/","name":"Productos personalizados para corte de tubos y l\u00e1minas | G.B.C.","isPartOf":{"@id":"https:\/\/gbcspa.com\/#website"},"primaryImageOfPage":{"@id":"https:\/\/gbcspa.com\/es\/productos-personalizados\/#primaryimage"},"image":{"@id":"https:\/\/gbcspa.com\/es\/productos-personalizados\/#primaryimage"},"thumbnailUrl":"https:\/\/sviluppo.ois-agenzia.it\/wp-content\/uploads\/2025\/05\/G300M-Russia-1.webp","datePublished":"2025-02-14T10:21:28+00:00","dateModified":"2025-12-02T16:41:11+00:00","description":"G.B.C. ofrece soluciones personalizadas de calidad e innovadoras, dise\u00f1ando m\u00e1quinas a medida para diversos procesos y sectores industriales.","breadcrumb":{"@id":"https:\/\/gbcspa.com\/es\/productos-personalizados\/#breadcrumb"},"inLanguage":"es","potentialAction":[{"@type":"ReadAction","target":["https:\/\/gbcspa.com\/es\/productos-personalizados\/"]}]},{"@type":"ImageObject","inLanguage":"es","@id":"https:\/\/gbcspa.com\/es\/productos-personalizados\/#primaryimage","url":"https:\/\/sviluppo.ois-agenzia.it\/wp-content\/uploads\/2025\/05\/G300M-Russia-1.webp","contentUrl":"https:\/\/sviluppo.ois-agenzia.it\/wp-content\/uploads\/2025\/05\/G300M-Russia-1.webp"},{"@type":"BreadcrumbList","@id":"https:\/\/gbcspa.com\/es\/productos-personalizados\/#breadcrumb","itemListElement":[{"@type":"ListItem","position":1,"name":"Home","item":"https:\/\/gbcspa.com\/es\/"},{"@type":"ListItem","position":2,"name":"Productos personalizados"}]},{"@type":"WebSite","@id":"https:\/\/gbcspa.com\/#website","url":"https:\/\/gbcspa.com\/","name":"G.B.C. spa","description":"","publisher":{"@id":"https:\/\/gbcspa.com\/#organization"},"potentialAction":[{"@type":"SearchAction","target":{"@type":"EntryPoint","urlTemplate":"https:\/\/gbcspa.com\/?s={search_term_string}"},"query-input":{"@type":"PropertyValueSpecification","valueRequired":true,"valueName":"search_term_string"}}],"inLanguage":"es"},{"@type":"Organization","@id":"https:\/\/gbcspa.com\/#organization","name":"G.B.C. spa","url":"https:\/\/gbcspa.com\/","logo":{"@type":"ImageObject","inLanguage":"es","@id":"https:\/\/gbcspa.com\/#\/schema\/logo\/image\/","url":"https:\/\/gbcspa.com\/wp-content\/uploads\/2025\/03\/gbc-logo-r-203.png","contentUrl":"https:\/\/gbcspa.com\/wp-content\/uploads\/2025\/03\/gbc-logo-r-203.png","width":203,"height":60,"caption":"G.B.C. spa"},"image":{"@id":"https:\/\/gbcspa.com\/#\/schema\/logo\/image\/"},"sameAs":["https:\/\/www.facebook.com\/GBCIndustrialToolsSpa\/","https:\/\/www.instagram.com\/gbcindustrialtoolsspa\/","https:\/\/www.youtube.com\/channel\/UCP_FNB0-J8aJfP4bGhJ-cOw","https:\/\/www.linkedin.com\/company\/gbcindustrialtools\/"]}]}},"_links":{"self":[{"href":"https:\/\/gbcspa.com\/es\/wp-json\/wp\/v2\/pages\/5129","targetHints":{"allow":["GET"]}}],"collection":[{"href":"https:\/\/gbcspa.com\/es\/wp-json\/wp\/v2\/pages"}],"about":[{"href":"https:\/\/gbcspa.com\/es\/wp-json\/wp\/v2\/types\/page"}],"author":[{"embeddable":true,"href":"https:\/\/gbcspa.com\/es\/wp-json\/wp\/v2\/users\/2"}],"replies":[{"embeddable":true,"href":"https:\/\/gbcspa.com\/es\/wp-json\/wp\/v2\/comments?post=5129"}],"version-history":[{"count":11,"href":"https:\/\/gbcspa.com\/es\/wp-json\/wp\/v2\/pages\/5129\/revisions"}],"predecessor-version":[{"id":6289,"href":"https:\/\/gbcspa.com\/es\/wp-json\/wp\/v2\/pages\/5129\/revisions\/6289"}],"wp:attachment":[{"href":"https:\/\/gbcspa.com\/es\/wp-json\/wp\/v2\/media?parent=5129"}],"curies":[{"name":"wp","href":"https:\/\/api.w.org\/{rel}","templated":true}]}}