{"id":5127,"date":"2025-03-10T10:28:43","date_gmt":"2025-03-10T09:28:43","guid":{"rendered":"https:\/\/gbcspa.com\/alquiler-de-productos\/"},"modified":"2025-10-20T16:50:29","modified_gmt":"2025-10-20T14:50:29","slug":"alquiler-de-productos","status":"publish","type":"page","link":"https:\/\/gbcspa.com\/es\/alquiler-de-productos\/","title":{"rendered":"Alquiler de productos"},"content":{"rendered":"<p>&nbsp;<\/p>\n<h2>El nuevo servicio de alquiler de productos de G.B.C. Service S.r.l.: la soluci\u00f3n flexible para sus necesidades<\/h2>\n<p>G.B.C. Service S.r.l. se complace en lanzar oficialmente su nuevo servicio de alquiler de productos, dise\u00f1ado para satisfacer las necesidades en r\u00e1pida evoluci\u00f3n del sector industrial. Con la creciente<\/p>\n<p>demanda de soluciones temporales y eficientes, estamos siempre al lado de nuestros clientes, ofreci\u00e9ndoles respuestas r\u00e1pidas, disponibilidad inmediata de equipos y una asistencia continua sin igual.<\/p>\n<p>En los \u00faltimos meses, hemos trabajado sin descanso para perfeccionar la experiencia global del cliente. Hoy, con G.B.C. Service S.r.l., llevamos nuestra orientaci\u00f3n al cliente al siguiente nivel, ofreciendo soluciones a\u00fan m\u00e1s asequibles y personalizadas.<\/p>\n<p>&nbsp;<\/p>\n<h3>\u00bfPor qu\u00e9 elegir el servicio de alquiler de productos de G.B.C. Service S.r.l.?<\/h3>\n<p>A partir de 2025, nuestro servicio de alquiler es una alternativa c\u00f3moda y rentable a la compra directa, que permite a nuestros clientes acceder a productos de alta calidad con una inversi\u00f3n reducida. Estas son algunas de las principales ventajas que ofrece nuestro servicio de alquiler:<\/p>\n<p><center><br \/>\n<img loading=\"lazy\" decoding=\"async\" width=\"115\" height=\"115\" class=\"alignnone wp-image-5018 size-full img-fluid \" src=\"https:\/\/gbcspa.com\/wp-content\/uploads\/2025\/05\/Choice-1.png\" alt=\"\" \/>\u00a0 \u00a0 \u00a0 \u00a0 \u00a0 \u00a0 \u00a0 \u00a0 <img loading=\"lazy\" decoding=\"async\" width=\"115\" height=\"115\" class=\"alignnone wp-image-669 size-full img-fluid \" src=\"https:\/\/gbcspa.com\/wp-content\/uploads\/2025\/03\/Savings-1-e1737107983701.webp\" alt=\"gbc servizio noleggio prodotti risparmio economico\" \/>\u00a0 \u00a0 \u00a0 \u00a0 \u00a0 \u00a0 \u00a0 \u00a0 <img loading=\"lazy\" decoding=\"async\" width=\"115\" height=\"115\" class=\"alignnone wp-image-657 size-full img-fluid \" src=\"https:\/\/gbcspa.com\/wp-content\/uploads\/2025\/03\/Availability-e1737107861196.webp\" alt=\"gbc disponibilit\u00e0 immediata\" \/>\u00a0 \u00a0 \u00a0 \u00a0 \u00a0 \u00a0 \u00a0 \u00a0 \u00a0<img loading=\"lazy\" decoding=\"async\" width=\"115\" height=\"115\" class=\"alignnone wp-image-666 size-full img-fluid \" src=\"https:\/\/gbcspa.com\/wp-content\/uploads\/2025\/03\/Maintenance-e1737108048613.webp\" alt=\"gbc servizio noleggio prodotti manutenzione inclusa\" \/>\u00a0 \u00a0 \u00a0 \u00a0 \u00a0 \u00a0 \u00a0 \u00a0 <img loading=\"lazy\" decoding=\"async\" width=\"115\" height=\"115\" class=\"alignnone wp-image-663 size-full img-fluid \" src=\"https:\/\/gbcspa.com\/wp-content\/uploads\/2025\/03\/Equipment-testing-e1737108133317.webp\" alt=\"gbc servizio noleggio prodotti test delle attrezzature\" \/><\/center><\/p>\n<ul>\n<li><strong>Flexibilidad y accesibilidad<\/strong>: Alquilar con G.B.C. es sencillo y sin compromiso a largo plazo. Puede elegir f\u00e1cilmente el equipo que necesite, con la m\u00e1xima flexibilidad para optimizar su trabajo.<\/li>\n<li><strong>Ahorro de costes<\/strong>: con el alquiler, s\u00f3lo paga por el tiempo real que utiliza el equipo, sin costes ocultos ni complicaciones de almacenamiento. Una forma pr\u00e1ctica y c\u00f3moda de ahorrar dinero.<\/li>\n<li><strong>Disponibilidad inmediata<\/strong>: Gracias a nuestro servicio de alquiler, tendr\u00e1 acceso a las m\u00e1quinas adecuadas cuando las necesite, mejorando la eficacia operativa y reduciendo los tiempos de inactividad.<\/li>\n<li><strong>Mantenimiento incluido<\/strong>: Nuestros equipos reciben un mantenimiento constante para garantizar un alto rendimiento y fiabilidad en cada fase del trabajo. El alquiler le ofrece la tranquilidad de trabajar siempre con las mejores herramientas.<\/li>\n<li><strong>Pruebas de equipos<\/strong>: Nuestro servicio de alquiler le permite probar varias m\u00e1quinas antes de tomar una decisi\u00f3n definitiva. Una soluci\u00f3n ideal para evaluar la m\u00e1quina adecuada a sus necesidades, sin compromisos a largo plazo.<\/li>\n<\/ul>\n<p>&nbsp;<\/p>\n<h3>Adem\u00e1s: Mayor flexibilidad y soporte para su negocio<\/h3>\n<p>G.B.C. Service S.r.l. ofrece una flexibilidad inigualable, permiti\u00e9ndole alquilar productos a corto, mediano o largo plazo, seg\u00fan las necesidades de su negocio. Este enfoque garantiza soluciones personalizadas para cada proyecto, optimizando y rentabilizando su gesti\u00f3n de recursos.<\/p>\n<p>&nbsp;<\/p>\n<p><center><img loading=\"lazy\" decoding=\"async\" width=\"582\" height=\"455\" class=\"alignnone wp-image-5024 img-fluid \" src=\"https:\/\/gbcspa.com\/wp-content\/uploads\/2025\/05\/G400.webp\" alt=\"\" \/><\/center><center><\/center>&nbsp;<\/p>\n<h3><\/h3>\n<h3>Trabajar juntos por el \u00e9xito<\/h3>\n<p>Al contratar con G.B.C. Service S.r.l., no s\u00f3lo tendr\u00e1 acceso a la tecnolog\u00eda m\u00e1s avanzada, sino que tambi\u00e9n se beneficiar\u00e1 de una asistencia completa para garantizar el m\u00e1ximo rendimiento. Estas son algunas de las principales ventajas exclusivas:<\/p>\n<ul>\n<li><strong>Formaci\u00f3n de expertos<\/strong>: ofrecemos programas de formaci\u00f3n completos para garantizar el uso seguro y eficaz de los equipos. Con la ayuda de nuestros expertos, podr\u00e1 optimizar cada fase de su trabajo, mejorando las habilidades de su equipo.<\/li>\n<li><strong>Asistencia al cliente mejorada<\/strong>: Nuestro equipo de asistencia especializado est\u00e1 siempre dispuesto a responder a sus necesidades, proporcionando soluciones r\u00e1pidas y personalizadas para cada situaci\u00f3n. Nuestro soporte est\u00e1 siempre disponible para garantizar una gesti\u00f3n sin problemas.<\/li>\n<li><strong>Soluciones para una mayor eficiencia y sostenibilidad<\/strong>: Con nuestra red en constante expansi\u00f3n y una flota de alquiler excepcional, G.B.C. Service S.r.l. se compromete a mejorar la sostenibilidad y la eficiencia de las empresas, ayud\u00e1ndolas a mantenerse competitivas, innovadoras y al d\u00eda de los retos del mercado.<\/li>\n<\/ul>\n<p>&nbsp;<\/p>\n<h2><\/h2>\n<h3>Una elecci\u00f3n estrat\u00e9gica para su \u00e9xito<\/h3>\n<p>Nuestro servicio de alquiler no es s\u00f3lo una alternativa conveniente, sino una elecci\u00f3n estrat\u00e9gica para las empresas que desean mantenerse flexibles, competitivas y siempre al d\u00eda con la \u00faltima tecnolog\u00eda. Gracias a la flexibilidad, la formaci\u00f3n y la asistencia continua, G.B.C. Service S.r.l. le ayudar\u00e1 a alcanzar sus objetivos con eficacia y \u00e9xito.<\/p>\n<p>&nbsp;<\/p>\n<h3>P\u00f3ngase en contacto con nosotros hoy mismo para obtener m\u00e1s informaci\u00f3n sobre nuestro servicio de alquiler de productos<\/h3>\n<p>Para ponerse en contacto con nosotros y descubrir todas las soluciones de alquiler que podemos ofrecerle, env\u00ede un correo electr\u00f3nico a <a href=\"mailto:sales@gbcspa.com\">sales@gbcspa.com.<\/a> Nuestro equipo de ventas estar\u00e1 encantado de atenderle.<\/p>\n<p>Haga clic <a href=\"https:\/\/gbcspa.com\/es\/productos\/\" target=\"_blank\" rel=\"noopener\">aqu\u00ed<\/a> para descubrir los productos de G.B.C. Service S.r.l. que mejor se adaptan a sus necesidades de alquiler y solicitar m\u00e1s detalles.<\/p>\n<p>&nbsp;<\/p>\n","protected":false},"excerpt":{"rendered":"<p>&nbsp; El nuevo servicio de alquiler de productos de G.B.C. Service S.r.l.: la soluci\u00f3n flexible para sus necesidades G.B.C. Service S.r.l. se complace en lanzar oficialmente su nuevo servicio de alquiler de productos, dise\u00f1ado para satisfacer las necesidades en r\u00e1pida evoluci\u00f3n del sector industrial. Con la creciente demanda de soluciones temporales y eficientes, estamos siempre&#8230;  <a href=\"https:\/\/gbcspa.com\/es\/alquiler-de-productos\/\" class=\"more-link\" title=\"Read Alquiler de productos\">Read More &raquo;<\/a><\/p>\n","protected":false},"author":3,"featured_media":0,"parent":0,"menu_order":0,"comment_status":"closed","ping_status":"closed","template":"","meta":{"_acf_changed":false,"footnotes":""},"class_list":["post-5127","page","type-page","status-publish","hentry"],"acf":[],"yoast_head":"<!-- This site is optimized with the Yoast SEO plugin v27.1.1 - https:\/\/yoast.com\/product\/yoast-seo-wordpress\/ -->\n<title>Alquiler de productos | G.B.C<\/title>\n<meta name=\"description\" content=\"Servicio de alquiler de productos G.B.C.: equipos de calidad. Flexibilidad, ahorro econ\u00f3mico, disponibilidad inmediata y soporte integral.\" \/>\n<meta name=\"robots\" content=\"index, follow, max-snippet:-1, max-image-preview:large, max-video-preview:-1\" \/>\n<link rel=\"canonical\" href=\"https:\/\/gbcspa.com\/es\/alquiler-de-productos\/\" \/>\n<meta property=\"og:locale\" content=\"es_ES\" \/>\n<meta property=\"og:type\" content=\"article\" \/>\n<meta property=\"og:title\" content=\"Alquiler de productos | G.B.C\" \/>\n<meta property=\"og:description\" content=\"Servicio de alquiler de productos G.B.C.: equipos de calidad. Flexibilidad, ahorro econ\u00f3mico, disponibilidad inmediata y soporte integral.\" \/>\n<meta property=\"og:url\" content=\"https:\/\/gbcspa.com\/es\/alquiler-de-productos\/\" \/>\n<meta property=\"og:site_name\" content=\"GBC SpA\" \/>\n<meta property=\"article:publisher\" content=\"https:\/\/www.facebook.com\/GBCIndustrialToolsSpa\/\" \/>\n<meta property=\"article:modified_time\" content=\"2025-10-20T14:50:29+00:00\" \/>\n<meta property=\"og:image\" content=\"https:\/\/gbcspa.com\/wp-content\/uploads\/2025\/05\/Choice-1.png\" \/>\n\t<meta property=\"og:image:width\" content=\"115\" \/>\n\t<meta property=\"og:image:height\" content=\"115\" \/>\n\t<meta property=\"og:image:type\" content=\"image\/png\" \/>\n<meta name=\"twitter:card\" content=\"summary_large_image\" \/>\n<meta name=\"twitter:label1\" content=\"Tiempo de lectura\" \/>\n\t<meta name=\"twitter:data1\" content=\"5 minutos\" \/>\n<script type=\"application\/ld+json\" class=\"yoast-schema-graph\">{\"@context\":\"https:\/\/schema.org\",\"@graph\":[{\"@type\":\"WebPage\",\"@id\":\"https:\/\/gbcspa.com\/es\/alquiler-de-productos\/\",\"url\":\"https:\/\/gbcspa.com\/es\/alquiler-de-productos\/\",\"name\":\"Alquiler de productos | G.B.C\",\"isPartOf\":{\"@id\":\"https:\/\/gbcspa.com\/#website\"},\"primaryImageOfPage\":{\"@id\":\"https:\/\/gbcspa.com\/es\/alquiler-de-productos\/#primaryimage\"},\"image\":{\"@id\":\"https:\/\/gbcspa.com\/es\/alquiler-de-productos\/#primaryimage\"},\"thumbnailUrl\":\"https:\/\/gbcspa.com\/wp-content\/uploads\/2025\/05\/Choice-1.png\",\"datePublished\":\"2025-03-10T09:28:43+00:00\",\"dateModified\":\"2025-10-20T14:50:29+00:00\",\"description\":\"Servicio de alquiler de productos G.B.C.: equipos de calidad. Flexibilidad, ahorro econ\u00f3mico, disponibilidad inmediata y soporte integral.\",\"breadcrumb\":{\"@id\":\"https:\/\/gbcspa.com\/es\/alquiler-de-productos\/#breadcrumb\"},\"inLanguage\":\"es\",\"potentialAction\":[{\"@type\":\"ReadAction\",\"target\":[\"https:\/\/gbcspa.com\/es\/alquiler-de-productos\/\"]}]},{\"@type\":\"ImageObject\",\"inLanguage\":\"es\",\"@id\":\"https:\/\/gbcspa.com\/es\/alquiler-de-productos\/#primaryimage\",\"url\":\"https:\/\/gbcspa.com\/wp-content\/uploads\/2025\/05\/Choice-1.png\",\"contentUrl\":\"https:\/\/gbcspa.com\/wp-content\/uploads\/2025\/05\/Choice-1.png\"},{\"@type\":\"BreadcrumbList\",\"@id\":\"https:\/\/gbcspa.com\/es\/alquiler-de-productos\/#breadcrumb\",\"itemListElement\":[{\"@type\":\"ListItem\",\"position\":1,\"name\":\"Home\",\"item\":\"https:\/\/gbcspa.com\/es\/\"},{\"@type\":\"ListItem\",\"position\":2,\"name\":\"Alquiler de productos\"}]},{\"@type\":\"WebSite\",\"@id\":\"https:\/\/gbcspa.com\/#website\",\"url\":\"https:\/\/gbcspa.com\/\",\"name\":\"G.B.C. spa\",\"description\":\"\",\"publisher\":{\"@id\":\"https:\/\/gbcspa.com\/#organization\"},\"potentialAction\":[{\"@type\":\"SearchAction\",\"target\":{\"@type\":\"EntryPoint\",\"urlTemplate\":\"https:\/\/gbcspa.com\/?s={search_term_string}\"},\"query-input\":{\"@type\":\"PropertyValueSpecification\",\"valueRequired\":true,\"valueName\":\"search_term_string\"}}],\"inLanguage\":\"es\"},{\"@type\":\"Organization\",\"@id\":\"https:\/\/gbcspa.com\/#organization\",\"name\":\"G.B.C. spa\",\"url\":\"https:\/\/gbcspa.com\/\",\"logo\":{\"@type\":\"ImageObject\",\"inLanguage\":\"es\",\"@id\":\"https:\/\/gbcspa.com\/#\/schema\/logo\/image\/\",\"url\":\"https:\/\/gbcspa.com\/wp-content\/uploads\/2025\/03\/gbc-logo-r-203.png\",\"contentUrl\":\"https:\/\/gbcspa.com\/wp-content\/uploads\/2025\/03\/gbc-logo-r-203.png\",\"width\":203,\"height\":60,\"caption\":\"G.B.C. spa\"},\"image\":{\"@id\":\"https:\/\/gbcspa.com\/#\/schema\/logo\/image\/\"},\"sameAs\":[\"https:\/\/www.facebook.com\/GBCIndustrialToolsSpa\/\",\"https:\/\/www.instagram.com\/gbcindustrialtoolsspa\/\",\"https:\/\/www.youtube.com\/channel\/UCP_FNB0-J8aJfP4bGhJ-cOw\",\"https:\/\/www.linkedin.com\/company\/gbcindustrialtools\/\"]}]}<\/script>\n<!-- \/ Yoast SEO plugin. -->","yoast_head_json":{"title":"Alquiler de productos | G.B.C","description":"Servicio de alquiler de productos G.B.C.: equipos de calidad. Flexibilidad, ahorro econ\u00f3mico, disponibilidad inmediata y soporte integral.","robots":{"index":"index","follow":"follow","max-snippet":"max-snippet:-1","max-image-preview":"max-image-preview:large","max-video-preview":"max-video-preview:-1"},"canonical":"https:\/\/gbcspa.com\/es\/alquiler-de-productos\/","og_locale":"es_ES","og_type":"article","og_title":"Alquiler de productos | G.B.C","og_description":"Servicio de alquiler de productos G.B.C.: equipos de calidad. Flexibilidad, ahorro econ\u00f3mico, disponibilidad inmediata y soporte integral.","og_url":"https:\/\/gbcspa.com\/es\/alquiler-de-productos\/","og_site_name":"GBC SpA","article_publisher":"https:\/\/www.facebook.com\/GBCIndustrialToolsSpa\/","article_modified_time":"2025-10-20T14:50:29+00:00","og_image":[{"width":115,"height":115,"url":"https:\/\/gbcspa.com\/wp-content\/uploads\/2025\/05\/Choice-1.png","type":"image\/png"}],"twitter_card":"summary_large_image","twitter_misc":{"Tiempo de lectura":"5 minutos"},"schema":{"@context":"https:\/\/schema.org","@graph":[{"@type":"WebPage","@id":"https:\/\/gbcspa.com\/es\/alquiler-de-productos\/","url":"https:\/\/gbcspa.com\/es\/alquiler-de-productos\/","name":"Alquiler de productos | G.B.C","isPartOf":{"@id":"https:\/\/gbcspa.com\/#website"},"primaryImageOfPage":{"@id":"https:\/\/gbcspa.com\/es\/alquiler-de-productos\/#primaryimage"},"image":{"@id":"https:\/\/gbcspa.com\/es\/alquiler-de-productos\/#primaryimage"},"thumbnailUrl":"https:\/\/gbcspa.com\/wp-content\/uploads\/2025\/05\/Choice-1.png","datePublished":"2025-03-10T09:28:43+00:00","dateModified":"2025-10-20T14:50:29+00:00","description":"Servicio de alquiler de productos G.B.C.: equipos de calidad. Flexibilidad, ahorro econ\u00f3mico, disponibilidad inmediata y soporte integral.","breadcrumb":{"@id":"https:\/\/gbcspa.com\/es\/alquiler-de-productos\/#breadcrumb"},"inLanguage":"es","potentialAction":[{"@type":"ReadAction","target":["https:\/\/gbcspa.com\/es\/alquiler-de-productos\/"]}]},{"@type":"ImageObject","inLanguage":"es","@id":"https:\/\/gbcspa.com\/es\/alquiler-de-productos\/#primaryimage","url":"https:\/\/gbcspa.com\/wp-content\/uploads\/2025\/05\/Choice-1.png","contentUrl":"https:\/\/gbcspa.com\/wp-content\/uploads\/2025\/05\/Choice-1.png"},{"@type":"BreadcrumbList","@id":"https:\/\/gbcspa.com\/es\/alquiler-de-productos\/#breadcrumb","itemListElement":[{"@type":"ListItem","position":1,"name":"Home","item":"https:\/\/gbcspa.com\/es\/"},{"@type":"ListItem","position":2,"name":"Alquiler de productos"}]},{"@type":"WebSite","@id":"https:\/\/gbcspa.com\/#website","url":"https:\/\/gbcspa.com\/","name":"G.B.C. spa","description":"","publisher":{"@id":"https:\/\/gbcspa.com\/#organization"},"potentialAction":[{"@type":"SearchAction","target":{"@type":"EntryPoint","urlTemplate":"https:\/\/gbcspa.com\/?s={search_term_string}"},"query-input":{"@type":"PropertyValueSpecification","valueRequired":true,"valueName":"search_term_string"}}],"inLanguage":"es"},{"@type":"Organization","@id":"https:\/\/gbcspa.com\/#organization","name":"G.B.C. spa","url":"https:\/\/gbcspa.com\/","logo":{"@type":"ImageObject","inLanguage":"es","@id":"https:\/\/gbcspa.com\/#\/schema\/logo\/image\/","url":"https:\/\/gbcspa.com\/wp-content\/uploads\/2025\/03\/gbc-logo-r-203.png","contentUrl":"https:\/\/gbcspa.com\/wp-content\/uploads\/2025\/03\/gbc-logo-r-203.png","width":203,"height":60,"caption":"G.B.C. spa"},"image":{"@id":"https:\/\/gbcspa.com\/#\/schema\/logo\/image\/"},"sameAs":["https:\/\/www.facebook.com\/GBCIndustrialToolsSpa\/","https:\/\/www.instagram.com\/gbcindustrialtoolsspa\/","https:\/\/www.youtube.com\/channel\/UCP_FNB0-J8aJfP4bGhJ-cOw","https:\/\/www.linkedin.com\/company\/gbcindustrialtools\/"]}]}},"_links":{"self":[{"href":"https:\/\/gbcspa.com\/es\/wp-json\/wp\/v2\/pages\/5127","targetHints":{"allow":["GET"]}}],"collection":[{"href":"https:\/\/gbcspa.com\/es\/wp-json\/wp\/v2\/pages"}],"about":[{"href":"https:\/\/gbcspa.com\/es\/wp-json\/wp\/v2\/types\/page"}],"author":[{"embeddable":true,"href":"https:\/\/gbcspa.com\/es\/wp-json\/wp\/v2\/users\/3"}],"replies":[{"embeddable":true,"href":"https:\/\/gbcspa.com\/es\/wp-json\/wp\/v2\/comments?post=5127"}],"version-history":[{"count":8,"href":"https:\/\/gbcspa.com\/es\/wp-json\/wp\/v2\/pages\/5127\/revisions"}],"predecessor-version":[{"id":5956,"href":"https:\/\/gbcspa.com\/es\/wp-json\/wp\/v2\/pages\/5127\/revisions\/5956"}],"wp:attachment":[{"href":"https:\/\/gbcspa.com\/es\/wp-json\/wp\/v2\/media?parent=5127"}],"curies":[{"name":"wp","href":"https:\/\/api.w.org\/{rel}","templated":true}]}}