{"id":5119,"date":"2025-03-01T12:07:02","date_gmt":"2025-03-01T11:07:02","guid":{"rendered":"https:\/\/gbcspa.com\/quienes-somos\/"},"modified":"2025-06-05T15:30:04","modified_gmt":"2025-06-05T13:30:04","slug":"quienes-somos","status":"publish","type":"page","link":"https:\/\/gbcspa.com\/es\/quienes-somos\/","title":{"rendered":"Qui\u00e9nes somos"},"content":{"rendered":"<div style=\"margin-left: 40px;\">\n<p>Desde hace m\u00e1s de cuarenta a\u00f1os, G.B.C. es <strong>l\u00edder en el corte y biselado de tubos y placas met\u00e1licas<\/strong>. Nuestros productos, sin\u00f3nimo de fiabilidad, innovaci\u00f3n y tecnolog\u00eda avanzada, incluyen cortatubos, fresadoras de tubos, biseladoras y bridas, apreciadas y reconocidas en todo el mundo. Adem\u00e1s, G.B.C. se distingue por su s\u00f3lido liderazgo en el sector del petr\u00f3leo y el gas, infraestructura, upstream, offshore, petroqu\u00edmica, refinaci\u00f3n, oleoductos y gasoductos, fabricantes de tuber\u00edas, intercambiadores de calor, construcci\u00f3n naval y torres e\u00f3licas, gracias a la continua innovaci\u00f3n y fiabilidad de sus soluciones.<\/p>\n<p>Fundada en 1981 por el ingeniero Bruno Giottoli, G.B.C. ha cimentado su \u00e9xito en un compromiso inquebrantable con la calidad italiana. La empresa tambi\u00e9n se centra en la <strong>innovaci\u00f3n tecnol\u00f3gica<\/strong> y ofrece un <strong>servicio posventa<\/strong> que garantiza la m\u00e1xima eficacia operativa. Gracias a este enfoque, G.B.C. se ha consolidado como una referencia en el mercado mundial del corte y biselado de tubos y chapas met\u00e1licas, satisfaciendo las necesidades de clientes cada vez m\u00e1s exigentes.<\/p>\n<p>Adem\u00e1s, gracias a la avanzada tecnolog\u00eda y a la calidad superior de nuestros productos, G.B.C. ha conquistado numerosos mercados internacionales. Cada m\u00e1quina, dise\u00f1ada y fabricada \u00edntegramente en Italia, est\u00e1 concebida para ofrecer un <strong>alto rendimiento, precisi\u00f3n y durabilidad<\/strong>. Esto ha consolidado la reputaci\u00f3n de G.B.C. como s\u00edmbolo de excelencia en el sector.<\/p>\n<p>En 2016, G.B.C. centraliz\u00f3 sus operaciones en unas nuevas y modernas instalaciones en Cazzago San Martino. Esta inversi\u00f3n ha mejorado la eficiencia de la producci\u00f3n y ha reforzado el compromiso de G.B.C. con la innovaci\u00f3n tecnol\u00f3gica, permiti\u00e9ndole responder con prontitud a los nuevos retos del mercado mundial.<\/p>\n<\/div>\n","protected":false},"excerpt":{"rendered":"<p>Desde hace m\u00e1s de cuarenta a\u00f1os, G.B.C. es l\u00edder en el corte y biselado de tubos y placas met\u00e1licas. Nuestros productos, sin\u00f3nimo de fiabilidad, innovaci\u00f3n y tecnolog\u00eda avanzada, incluyen cortatubos, fresadoras de tubos, biseladoras y bridas, apreciadas y reconocidas en todo el mundo. Adem\u00e1s, G.B.C. se distingue por su s\u00f3lido liderazgo en el sector del&#8230;  <a href=\"https:\/\/gbcspa.com\/es\/quienes-somos\/\" class=\"more-link\" title=\"Read Qui\u00e9nes somos\">Read More &raquo;<\/a><\/p>\n","protected":false},"author":2,"featured_media":0,"parent":0,"menu_order":0,"comment_status":"closed","ping_status":"closed","template":"page-chi-siamo.php","meta":{"_acf_changed":false,"footnotes":""},"class_list":["post-5119","page","type-page","status-publish","hentry"],"acf":[],"yoast_head":"<!-- This site is optimized with the Yoast SEO plugin v27.1.1 - https:\/\/yoast.com\/product\/yoast-seo-wordpress\/ -->\n<title>Qui\u00e9nes somos | G.B.C<\/title>\n<meta name=\"description\" content=\"G.B.C. ofrece soluciones innovadoras y de alta calidad para los sectores industrial y Oil &amp; Gas, infraestructura, upstream, offshore, petroqu\u00edmica, refinaci\u00f3n, oleoductos y gasoductos, fabricantes de tuber\u00edas, intercambiadores de calor, construcci\u00f3n naval y torres e\u00f3licas, con productos 100% Made in Italy.\" \/>\n<meta name=\"robots\" content=\"index, follow, max-snippet:-1, max-image-preview:large, max-video-preview:-1\" \/>\n<link rel=\"canonical\" href=\"https:\/\/gbcspa.com\/es\/quienes-somos\/\" \/>\n<meta property=\"og:locale\" content=\"es_ES\" \/>\n<meta property=\"og:type\" content=\"article\" \/>\n<meta property=\"og:title\" content=\"Qui\u00e9nes somos | G.B.C\" \/>\n<meta property=\"og:description\" content=\"G.B.C. ofrece soluciones innovadoras y de alta calidad para los sectores industrial y Oil &amp; Gas, infraestructura, upstream, offshore, petroqu\u00edmica, refinaci\u00f3n, oleoductos y gasoductos, fabricantes de tuber\u00edas, intercambiadores de calor, construcci\u00f3n naval y torres e\u00f3licas, con productos 100% Made in Italy.\" \/>\n<meta property=\"og:url\" content=\"https:\/\/gbcspa.com\/es\/quienes-somos\/\" \/>\n<meta property=\"og:site_name\" content=\"GBC SpA\" \/>\n<meta property=\"article:publisher\" content=\"https:\/\/www.facebook.com\/GBCIndustrialToolsSpa\/\" \/>\n<meta property=\"article:modified_time\" content=\"2025-06-05T13:30:04+00:00\" \/>\n<meta name=\"twitter:card\" content=\"summary_large_image\" \/>\n<meta name=\"twitter:label1\" content=\"Tiempo de lectura\" \/>\n\t<meta name=\"twitter:data1\" content=\"2 minutos\" \/>\n<script type=\"application\/ld+json\" class=\"yoast-schema-graph\">{\"@context\":\"https:\/\/schema.org\",\"@graph\":[{\"@type\":\"WebPage\",\"@id\":\"https:\/\/gbcspa.com\/es\/quienes-somos\/\",\"url\":\"https:\/\/gbcspa.com\/es\/quienes-somos\/\",\"name\":\"Qui\u00e9nes somos | G.B.C\",\"isPartOf\":{\"@id\":\"https:\/\/gbcspa.com\/#website\"},\"datePublished\":\"2025-03-01T11:07:02+00:00\",\"dateModified\":\"2025-06-05T13:30:04+00:00\",\"description\":\"G.B.C. ofrece soluciones innovadoras y de alta calidad para los sectores industrial y Oil & Gas, infraestructura, upstream, offshore, petroqu\u00edmica, refinaci\u00f3n, oleoductos y gasoductos, fabricantes de tuber\u00edas, intercambiadores de calor, construcci\u00f3n naval y torres e\u00f3licas, con productos 100% Made in Italy.\",\"breadcrumb\":{\"@id\":\"https:\/\/gbcspa.com\/es\/quienes-somos\/#breadcrumb\"},\"inLanguage\":\"es\",\"potentialAction\":[{\"@type\":\"ReadAction\",\"target\":[\"https:\/\/gbcspa.com\/es\/quienes-somos\/\"]}]},{\"@type\":\"BreadcrumbList\",\"@id\":\"https:\/\/gbcspa.com\/es\/quienes-somos\/#breadcrumb\",\"itemListElement\":[{\"@type\":\"ListItem\",\"position\":1,\"name\":\"Home\",\"item\":\"https:\/\/gbcspa.com\/es\/\"},{\"@type\":\"ListItem\",\"position\":2,\"name\":\"Qui\u00e9nes somos\"}]},{\"@type\":\"WebSite\",\"@id\":\"https:\/\/gbcspa.com\/#website\",\"url\":\"https:\/\/gbcspa.com\/\",\"name\":\"G.B.C. spa\",\"description\":\"\",\"publisher\":{\"@id\":\"https:\/\/gbcspa.com\/#organization\"},\"potentialAction\":[{\"@type\":\"SearchAction\",\"target\":{\"@type\":\"EntryPoint\",\"urlTemplate\":\"https:\/\/gbcspa.com\/?s={search_term_string}\"},\"query-input\":{\"@type\":\"PropertyValueSpecification\",\"valueRequired\":true,\"valueName\":\"search_term_string\"}}],\"inLanguage\":\"es\"},{\"@type\":\"Organization\",\"@id\":\"https:\/\/gbcspa.com\/#organization\",\"name\":\"G.B.C. spa\",\"url\":\"https:\/\/gbcspa.com\/\",\"logo\":{\"@type\":\"ImageObject\",\"inLanguage\":\"es\",\"@id\":\"https:\/\/gbcspa.com\/#\/schema\/logo\/image\/\",\"url\":\"https:\/\/gbcspa.com\/wp-content\/uploads\/2025\/03\/gbc-logo-r-203.png\",\"contentUrl\":\"https:\/\/gbcspa.com\/wp-content\/uploads\/2025\/03\/gbc-logo-r-203.png\",\"width\":203,\"height\":60,\"caption\":\"G.B.C. spa\"},\"image\":{\"@id\":\"https:\/\/gbcspa.com\/#\/schema\/logo\/image\/\"},\"sameAs\":[\"https:\/\/www.facebook.com\/GBCIndustrialToolsSpa\/\",\"https:\/\/www.instagram.com\/gbcindustrialtoolsspa\/\",\"https:\/\/www.youtube.com\/channel\/UCP_FNB0-J8aJfP4bGhJ-cOw\",\"https:\/\/www.linkedin.com\/company\/gbcindustrialtools\/\"]}]}<\/script>\n<!-- \/ Yoast SEO plugin. -->","yoast_head_json":{"title":"Qui\u00e9nes somos | G.B.C","description":"G.B.C. ofrece soluciones innovadoras y de alta calidad para los sectores industrial y Oil & Gas, infraestructura, upstream, offshore, petroqu\u00edmica, refinaci\u00f3n, oleoductos y gasoductos, fabricantes de tuber\u00edas, intercambiadores de calor, construcci\u00f3n naval y torres e\u00f3licas, con productos 100% Made in Italy.","robots":{"index":"index","follow":"follow","max-snippet":"max-snippet:-1","max-image-preview":"max-image-preview:large","max-video-preview":"max-video-preview:-1"},"canonical":"https:\/\/gbcspa.com\/es\/quienes-somos\/","og_locale":"es_ES","og_type":"article","og_title":"Qui\u00e9nes somos | G.B.C","og_description":"G.B.C. ofrece soluciones innovadoras y de alta calidad para los sectores industrial y Oil & Gas, infraestructura, upstream, offshore, petroqu\u00edmica, refinaci\u00f3n, oleoductos y gasoductos, fabricantes de tuber\u00edas, intercambiadores de calor, construcci\u00f3n naval y torres e\u00f3licas, con productos 100% Made in Italy.","og_url":"https:\/\/gbcspa.com\/es\/quienes-somos\/","og_site_name":"GBC SpA","article_publisher":"https:\/\/www.facebook.com\/GBCIndustrialToolsSpa\/","article_modified_time":"2025-06-05T13:30:04+00:00","twitter_card":"summary_large_image","twitter_misc":{"Tiempo de lectura":"2 minutos"},"schema":{"@context":"https:\/\/schema.org","@graph":[{"@type":"WebPage","@id":"https:\/\/gbcspa.com\/es\/quienes-somos\/","url":"https:\/\/gbcspa.com\/es\/quienes-somos\/","name":"Qui\u00e9nes somos | G.B.C","isPartOf":{"@id":"https:\/\/gbcspa.com\/#website"},"datePublished":"2025-03-01T11:07:02+00:00","dateModified":"2025-06-05T13:30:04+00:00","description":"G.B.C. ofrece soluciones innovadoras y de alta calidad para los sectores industrial y Oil & Gas, infraestructura, upstream, offshore, petroqu\u00edmica, refinaci\u00f3n, oleoductos y gasoductos, fabricantes de tuber\u00edas, intercambiadores de calor, construcci\u00f3n naval y torres e\u00f3licas, con productos 100% Made in Italy.","breadcrumb":{"@id":"https:\/\/gbcspa.com\/es\/quienes-somos\/#breadcrumb"},"inLanguage":"es","potentialAction":[{"@type":"ReadAction","target":["https:\/\/gbcspa.com\/es\/quienes-somos\/"]}]},{"@type":"BreadcrumbList","@id":"https:\/\/gbcspa.com\/es\/quienes-somos\/#breadcrumb","itemListElement":[{"@type":"ListItem","position":1,"name":"Home","item":"https:\/\/gbcspa.com\/es\/"},{"@type":"ListItem","position":2,"name":"Qui\u00e9nes somos"}]},{"@type":"WebSite","@id":"https:\/\/gbcspa.com\/#website","url":"https:\/\/gbcspa.com\/","name":"G.B.C. spa","description":"","publisher":{"@id":"https:\/\/gbcspa.com\/#organization"},"potentialAction":[{"@type":"SearchAction","target":{"@type":"EntryPoint","urlTemplate":"https:\/\/gbcspa.com\/?s={search_term_string}"},"query-input":{"@type":"PropertyValueSpecification","valueRequired":true,"valueName":"search_term_string"}}],"inLanguage":"es"},{"@type":"Organization","@id":"https:\/\/gbcspa.com\/#organization","name":"G.B.C. spa","url":"https:\/\/gbcspa.com\/","logo":{"@type":"ImageObject","inLanguage":"es","@id":"https:\/\/gbcspa.com\/#\/schema\/logo\/image\/","url":"https:\/\/gbcspa.com\/wp-content\/uploads\/2025\/03\/gbc-logo-r-203.png","contentUrl":"https:\/\/gbcspa.com\/wp-content\/uploads\/2025\/03\/gbc-logo-r-203.png","width":203,"height":60,"caption":"G.B.C. spa"},"image":{"@id":"https:\/\/gbcspa.com\/#\/schema\/logo\/image\/"},"sameAs":["https:\/\/www.facebook.com\/GBCIndustrialToolsSpa\/","https:\/\/www.instagram.com\/gbcindustrialtoolsspa\/","https:\/\/www.youtube.com\/channel\/UCP_FNB0-J8aJfP4bGhJ-cOw","https:\/\/www.linkedin.com\/company\/gbcindustrialtools\/"]}]}},"_links":{"self":[{"href":"https:\/\/gbcspa.com\/es\/wp-json\/wp\/v2\/pages\/5119","targetHints":{"allow":["GET"]}}],"collection":[{"href":"https:\/\/gbcspa.com\/es\/wp-json\/wp\/v2\/pages"}],"about":[{"href":"https:\/\/gbcspa.com\/es\/wp-json\/wp\/v2\/types\/page"}],"author":[{"embeddable":true,"href":"https:\/\/gbcspa.com\/es\/wp-json\/wp\/v2\/users\/2"}],"replies":[{"embeddable":true,"href":"https:\/\/gbcspa.com\/es\/wp-json\/wp\/v2\/comments?post=5119"}],"version-history":[{"count":4,"href":"https:\/\/gbcspa.com\/es\/wp-json\/wp\/v2\/pages\/5119\/revisions"}],"predecessor-version":[{"id":5287,"href":"https:\/\/gbcspa.com\/es\/wp-json\/wp\/v2\/pages\/5119\/revisions\/5287"}],"wp:attachment":[{"href":"https:\/\/gbcspa.com\/es\/wp-json\/wp\/v2\/media?parent=5119"}],"curies":[{"name":"wp","href":"https:\/\/api.w.org\/{rel}","templated":true}]}}